{"id":509,"date":"2026-02-16T21:16:38","date_gmt":"2026-02-16T21:16:38","guid":{"rendered":"https:\/\/mslaw.dragonetdesign.com\/cancelaciones-de-prestamos-estudiantiles\/"},"modified":"2026-02-23T20:01:02","modified_gmt":"2026-02-23T20:01:02","slug":"cancelaciones-de-prestamos-estudiantiles","status":"publish","type":"page","link":"https:\/\/mslaw.dragonetdesign.com\/es\/cancelaciones-de-prestamos-estudiantiles\/","title":{"rendered":"Cancelaciones de pr\u00e9stamos estudiantiles"},"content":{"rendered":"<div class=\"wpb-content-wrapper\"><p>[vc_row section_type=\u00bbfullwidth\u00bb padding_top_multiplier=\u00bb\u00bb padding_bottom_multiplier=\u00bb\u00bb columns_gap=\u00bbnone\u00bb][vc_column]<div class=\"grve-element grve-image grve-align-center grve-full-image grve-image-space-100\" style=\"\">  <div class=\"grve-image-wrapper\"><img loading=\"lazy\" decoding=\"async\" width=\"1920\" height=\"200\" src=\"https:\/\/mslaw.dragonetdesign.com\/wp-content\/uploads\/2026\/02\/Student-Loan-Banner.webp\" class=\"attachment-full size-full\" alt=\"Banner de pr\u00e9stamo estudiantil\" srcset=\"https:\/\/mslaw.dragonetdesign.com\/wp-content\/uploads\/2026\/02\/Student-Loan-Banner.webp 1920w, https:\/\/mslaw.dragonetdesign.com\/wp-content\/uploads\/2026\/02\/Student-Loan-Banner-300x31.webp 300w, https:\/\/mslaw.dragonetdesign.com\/wp-content\/uploads\/2026\/02\/Student-Loan-Banner-1024x107.webp 1024w, https:\/\/mslaw.dragonetdesign.com\/wp-content\/uploads\/2026\/02\/Student-Loan-Banner-768x80.webp 768w, https:\/\/mslaw.dragonetdesign.com\/wp-content\/uploads\/2026\/02\/Student-Loan-Banner-1536x160.webp 1536w\" sizes=\"auto, (max-width: 1920px) 100vw, 1920px\" \/>   <\/div><\/div>[\/vc_column][\/vc_row][vc_row padding_top_multiplier=\u00bb3x\u00bb padding_bottom_multiplier=\u00bb3x\u00bb][vc_column][vc_column_text css=\u00bb\u00bb]<\/p>\n<h1 style=\"text-align: center\">Abogado de cancelaci\u00f3n de pr\u00e9stamos estudiantiles en Orlando<\/h1>\n<p>[\/vc_column_text]<div class=\"grve-empty-space grve-height-1x\" style=\"\"><\/div>[vc_column_text css=\u00bb\u00bb]<\/p>\n<p style=\"text-align: center\">La deuda por pr\u00e9stamos estudiantiles puede ser abrumadora, especialmente cuando los pagos se vuelven inmanejables debido a la p\u00e9rdida del empleo, una discapacidad o dificultades econ\u00f3micas. En el Bufete Jur\u00eddico de M\u00f3nica A. Santiago, P.A., ayudamos a personas en todo Orlando a explorar opciones legales para la cancelaci\u00f3n, condonaci\u00f3n y alivio de deudas de pr\u00e9stamos estudiantiles. <\/p>\n<p style=\"text-align: center\">Si se enfrenta a intensos intentos de cobro, embargos de salario, compensaciones de reembolsos de impuestos o notificaciones de incumplimiento, es posible que tenga m\u00e1s opciones de las que imagina. Nuestro bufete eval\u00faa su situaci\u00f3n cuidadosamente y desarrolla una estrategia dise\u00f1ada para reducir o eliminar la carga de su pr\u00e9stamo estudiantil siempre que sea posible. <\/p>\n<p>[\/vc_column_text][\/vc_column][\/vc_row][vc_row section_type=\u00bbfullwidth\u00bb bg_type=\u00bbcolor\u00bb padding_top_multiplier=\u00bb2x\u00bb padding_bottom_multiplier=\u00bb2x\u00bb columns_gap=\u00bbnone\u00bb equal_column_height=\u00bbmiddle-content\u00bb bg_color=\u00bb#F7F7F7&#8243;][vc_column width=\u00bb1\/2&#8243;]<div class=\"grve-element grve-image grve-align-center grve-full-image grve-image-space-100\" style=\"\">  <div class=\"grve-image-wrapper\"><img loading=\"lazy\" decoding=\"async\" width=\"960\" height=\"645\" src=\"https:\/\/mslaw.dragonetdesign.com\/wp-content\/uploads\/2026\/02\/Student-Loan-Cancellations.webp\" class=\"attachment-full size-full\" alt=\"Cancelaciones de pr\u00e9stamos estudiantiles\" srcset=\"https:\/\/mslaw.dragonetdesign.com\/wp-content\/uploads\/2026\/02\/Student-Loan-Cancellations.webp 960w, https:\/\/mslaw.dragonetdesign.com\/wp-content\/uploads\/2026\/02\/Student-Loan-Cancellations-300x202.webp 300w, https:\/\/mslaw.dragonetdesign.com\/wp-content\/uploads\/2026\/02\/Student-Loan-Cancellations-768x516.webp 768w\" sizes=\"auto, (max-width: 960px) 100vw, 960px\" \/>   <\/div><\/div>[\/vc_column][vc_column width=\u00bb1\/12&#8243;][\/vc_column][vc_column width=\u00bb1\/3&#8243;][vc_column_text css=\u00bb\u00bb]<\/p>\n<h2>Comprender la cancelaci\u00f3n y condonaci\u00f3n de pr\u00e9stamos estudiantiles<\/h2>\n<p>[\/vc_column_text]<div class=\"grve-empty-space grve-height-1x\" style=\"\"><\/div>[vc_column_text css=\u00bb\u00bb]La cancelaci\u00f3n de pr\u00e9stamos estudiantiles (tambi\u00e9n conocida como condonaci\u00f3n o condonaci\u00f3n) puede estar disponible en ciertas circunstancias, especialmente con los pr\u00e9stamos estudiantiles federales. La elegibilidad depende del tipo de pr\u00e9stamo, situaci\u00f3n laboral, discapacidad y situaci\u00f3n financiera. <\/p>\n<p>Los programas comunes de alivio de pr\u00e9stamos estudiantiles incluyen:<\/p>\n<ul>\n<li>Baja por incapacidad total y permanente (TPD)<\/li>\n<li>Condonaci\u00f3n de Pr\u00e9stamos por Servicio P\u00fablico (PSLF)<\/li>\n<li>Condonaci\u00f3n del pago basado en los ingresos (IDR)<\/li>\n<li>Baja por cierre de escuela<\/li>\n<li>Defensa del prestatario ante el reembolso<\/li>\n<li>Alta por muerte<\/li>\n<\/ul>\n<p>Navegar por estos programas puede ser confuso y llevar mucho tiempo. Errores en la documentaci\u00f3n o incumplimiento de plazos pueden retrasar o poner en riesgo la aprobaci\u00f3n. Contar con asesoramiento legal experto puede ayudarle a garantizar que su solicitud se prepare y env\u00ede correctamente.[\/vc_column_text][\/vc_column][vc_column width=\u00bb1\/12&#8243;][\/vc_column][\/vc_row][vc_row section_type=\u00bbfullwidth\u00bb padding_top_multiplier=\u00bb2x\u00bb padding_bottom_multiplier=\u00bb2x\u00bb columns_gap=\u00bbnone\u00bb equal_column_height=\u00bbmiddle-content\u00bb][vc_column width=\u00bb1\/12&#8243;][\/vc_column][vc_column width=\u00bb1\/3&#8243;][vc_column_text css=\u00bb\u00bb]<\/p>\n<h3>Pr\u00e9stamos estudiantiles federales vs. privados<\/h3>\n<p>[\/vc_column_text]<div class=\"grve-empty-space grve-height-1x\" style=\"\"><\/div>[vc_column_text css=\u00bb\u00bb]Las opciones de alivio var\u00edan seg\u00fan si sus pr\u00e9stamos son federales o privados.[\/vc_column_text]<div class=\"grve-empty-space grve-height-1x\" style=\"\"><\/div>[vc_tta_accordion active_section=\u00bb0&#8243; heading=\u00bbleader-text\u00bb][vc_tta_section title=\u00bbPr\u00e9stamos federales para estudiantes\u00bb tab_id=\u00bb1771705270489-50c9a2c9-132c\u00bb][vc_column_text css=\u00bb\u00bb]Los pr\u00e9stamos federales suelen ofrecer opciones m\u00e1s amplias de condonaci\u00f3n, cancelaci\u00f3n y pago basado en los ingresos. Ayudamos a nuestros clientes a evaluar su elegibilidad y a preparar solicitudes completas y precisas.[\/vc_column_text][\/vc_tta_section][vc_tta_section title=\u00bbPr\u00e9stamos privados para estudiantes\u00bb tab_id=\u00bb1771705270501-8228f4d1-0696&#8243;][vc_column_text css=\u00bb\u00bb]Los pr\u00e9stamos privados generalmente ofrecen menos opciones de condonaci\u00f3n. Sin embargo, puede haber oportunidades para negociar acuerdos, impugnar pr\u00e1cticas de cobro indebidas o explorar otras defensas legales.[\/vc_column_text][\/vc_tta_section][\/vc_tta_accordion]<div class=\"grve-empty-space grve-height-1x\" style=\"\"><\/div>[vc_column_text css=\u00bb\u00bb]<\/p>\n<h3>Detener las acciones de embargo y cobro de salario<\/h3>\n<p>[\/vc_column_text]<div class=\"grve-empty-space grve-height-1x\" style=\"\"><\/div>[vc_column_text css=\u00bb\u00bb]Si sus pr\u00e9stamos estudiantiles est\u00e1n en mora, el gobierno o el administrador de pr\u00e9stamos puede:<\/p>\n<ul>\n<li>Embargar salarios<\/li>\n<li>Reembolsos de impuestos compensatorios<\/li>\n<li>Retener los beneficios del Seguro Social<\/li>\n<li>A\u00f1adir tarifas y sanciones sustanciales<\/li>\n<\/ul>\n<p>La intervenci\u00f3n legal puede ayudar a detener o reducir estos esfuerzos de cobro, particularmente si usted califica para programas de descarga, rehabilitaci\u00f3n o consolidaci\u00f3n.[\/vc_column_text][\/vc_column][vc_column width=\u00bb1\/12&#8243;][\/vc_column][vc_column width=\u00bb1\/2&#8243;]<div class=\"grve-element grve-image grve-align-center grve-full-image grve-image-space-100\" style=\"\">  <div class=\"grve-image-wrapper\"><img loading=\"lazy\" decoding=\"async\" width=\"960\" height=\"645\" src=\"https:\/\/mslaw.dragonetdesign.com\/wp-content\/uploads\/2026\/02\/Student-Loan-Relief.webp\" class=\"attachment-full size-full\" alt=\"Alivio de pr\u00e9stamos estudiantiles\" srcset=\"https:\/\/mslaw.dragonetdesign.com\/wp-content\/uploads\/2026\/02\/Student-Loan-Relief.webp 960w, https:\/\/mslaw.dragonetdesign.com\/wp-content\/uploads\/2026\/02\/Student-Loan-Relief-300x202.webp 300w, https:\/\/mslaw.dragonetdesign.com\/wp-content\/uploads\/2026\/02\/Student-Loan-Relief-768x516.webp 768w\" sizes=\"auto, (max-width: 960px) 100vw, 960px\" \/>   <\/div><\/div>[\/vc_column][\/vc_row][vc_row section_type=\u00bbfullwidth\u00bb bg_type=\u00bbcolor\u00bb padding_top_multiplier=\u00bb2x\u00bb padding_bottom_multiplier=\u00bb2x\u00bb columns_gap=\u00bbnone\u00bb equal_column_height=\u00bbmiddle-content\u00bb bg_color=\u00bb#F7F7F7&#8243;][vc_column width=\u00bb1\/2&#8243;]<div class=\"grve-element grve-image grve-align-center grve-full-image grve-image-space-100\" style=\"\">  <div class=\"grve-image-wrapper\"><img loading=\"lazy\" decoding=\"async\" width=\"960\" height=\"645\" src=\"https:\/\/mslaw.dragonetdesign.com\/wp-content\/uploads\/2026\/02\/Student-Loan-Forgiveness.webp\" class=\"attachment-full size-full\" alt=\"Condonaci\u00f3n de pr\u00e9stamos estudiantiles\" srcset=\"https:\/\/mslaw.dragonetdesign.com\/wp-content\/uploads\/2026\/02\/Student-Loan-Forgiveness.webp 960w, https:\/\/mslaw.dragonetdesign.com\/wp-content\/uploads\/2026\/02\/Student-Loan-Forgiveness-300x202.webp 300w, https:\/\/mslaw.dragonetdesign.com\/wp-content\/uploads\/2026\/02\/Student-Loan-Forgiveness-768x516.webp 768w\" sizes=\"auto, (max-width: 960px) 100vw, 960px\" \/>   <\/div><\/div>[\/vc_column][vc_column width=\u00bb1\/12&#8243;][\/vc_column][vc_column width=\u00bb1\/3&#8243;][vc_column_text css=\u00bb\u00bb]<\/p>\n<h3>Cuando la bancarrota y los pr\u00e9stamos estudiantiles se cruzan<\/h3>\n<p>[\/vc_column_text]<div class=\"grve-empty-space grve-height-1x\" style=\"\"><\/div>[vc_column_text css=\u00bb\u00bb]Si bien los pr\u00e9stamos estudiantiles generalmente no se cancelan autom\u00e1ticamente en caso de quiebra, ciertos casos pueden permitir la cancelaci\u00f3n si el pago genera dificultades excesivas. Este proceso requiere la presentaci\u00f3n de un procedimiento contradictorio y la presentaci\u00f3n de pruebas ante el tribunal. <\/p>\n<p>Nuestra firma eval\u00faa si la bancarrota puede jugar un papel en su estrategia general de alivio de deuda.[\/vc_column_text]<div class=\"grve-empty-space grve-height-1x\" style=\"\"><\/div>[vc_column_text css=\u00bb\u00bb]<\/p>\n<h3>\u00bfPor qu\u00e9 elegir las Oficinas Legales de M\u00f3nica A. Santiago, P.A.?<\/h3>\n<p>[\/vc_column_text]<div class=\"grve-empty-space grve-height-1x\" style=\"\"><\/div>[vc_column_text css=\u00bb\u00bb]Las leyes y regulaciones sobre pr\u00e9stamos estudiantiles cambian con frecuencia, y gestionar los programas federales puede ser complejo. Nuestra firma ofrece: <\/p>\n<p>\u2714 Evaluaci\u00f3n personalizada de la situaci\u00f3n de su pr\u00e9stamo estudiantil<br \/>\n\u2714 Explicaci\u00f3n clara de las opciones de alivio disponibles<br \/>\n\u2714 Asistencia con solicitudes de condonaci\u00f3n y cancelaci\u00f3n<br \/>\n\u2714 Defensa contra intentos agresivos de cobro<br \/>\n\u2714 Asesor\u00eda legal estrat\u00e9gica adaptada a sus objetivos financieros<\/p>\n<p>Entendemos que el estr\u00e9s financiero afecta todos los aspectos de su vida. Nuestro objetivo es ayudarle a recuperar la estabilidad y seguir adelante con confianza.[\/vc_column_text][\/vc_column][vc_column width=\u00bb1\/12&#8243;][\/vc_column][\/vc_row][vc_row padding_top_multiplier=\u00bb3x\u00bb padding_bottom_multiplier=\u00bb3x\u00bb][vc_column][vc_column_text css=\u00bb\u00bb]<\/p>\n<h2>\u00bfQui\u00e9n puede calificar para la cancelaci\u00f3n de pr\u00e9stamos estudiantiles?<\/h2>\n<p>[\/vc_column_text]<div class=\"grve-empty-space grve-height-1x\" style=\"\"><\/div>[vc_column_text css=\u00bb\u00bb]Usted puede calificar para recibir ayuda si:<\/p>\n<ul>\n<li>Tener una incapacidad permanente<\/li>\n<li>Trabajar en el servicio p\u00fablico o en un empleo calificado sin fines de lucro<\/li>\n<li>Est\u00e1n inscritos en un plan de pago basado en los ingresos<\/li>\n<li>Asisti\u00f3 a una escuela que cerr\u00f3 o tergivers\u00f3 sus programas.<\/li>\n<li>Est\u00e1n atravesando graves dificultades financieras.<\/li>\n<\/ul>\n<p>Incluso si no est\u00e1 seguro acerca de su elegibilidad, una consulta puede aclarar sus opciones.[\/vc_column_text]<div class=\"grve-empty-space grve-height-1x\" style=\"\"><\/div>[vc_column_text css=\u00bb\u00bb]<\/p>\n<h4>Hable hoy con un abogado especializado en pr\u00e9stamos estudiantiles de Orlando<\/h4>\n<p>[\/vc_column_text]<div class=\"grve-empty-space grve-height-1x\" style=\"\"><\/div>[vc_column_text css=\u00bb\u00bb]Si tiene problemas con la deuda de pr\u00e9stamos estudiantiles en Orlando, no d\u00e9 por sentado que no tiene opciones. Puede encontrar alivio mediante la cancelaci\u00f3n, la condonaci\u00f3n, acuerdos negociados o acciones legales estrat\u00e9gicas. <\/p>\n<p>Contacte hoy mismo con el <a href=\"https:\/\/mslaw.dragonetdesign.com\/es\/contacto\/\">Bufete de Abogados de M\u00f3nica A. Santiago, P.A.<\/a> para programar una consulta y explorar sus opciones de cancelaci\u00f3n de pr\u00e9stamos estudiantiles. D\u00e9 el primer paso hacia el alivio financiero y un futuro m\u00e1s s\u00f3lido.[\/vc_column_text][\/vc_column][\/vc_row]<\/p>\n<\/div>","protected":false},"excerpt":{"rendered":"<p>[vc_row section_type=\u00bbfullwidth\u00bb padding_top_multiplier=\u00bb\u00bb padding_bottom_multiplier=\u00bb\u00bb columns_gap=\u00bbnone\u00bb][vc_column][\/vc_column][\/vc_row][vc_row padding_top_multiplier=\u00bb3x\u00bb padding_bottom_multiplier=\u00bb3x\u00bb][vc_column][vc_column_text css=\u00bb\u00bb] Abogado de cancelaci\u00f3n de pr\u00e9stamos estudiantiles en Orlando [\/vc_column_text][vc_column_text css=\u00bb\u00bb] La deuda por pr\u00e9stamos estudiantiles puede ser abrumadora, especialmente cuando los pagos se vuelven inmanejables debido a la p\u00e9rdida del empleo, una discapacidad o dificultades econ\u00f3micas. En el Bufete Jur\u00eddico de M\u00f3nica A. Santiago, P.A., ayudamos a [&hellip;]<\/p>\n","protected":false},"author":1,"featured_media":0,"parent":0,"menu_order":0,"comment_status":"closed","ping_status":"closed","template":"","meta":{"footnotes":""},"class_list":["post-509","page","type-page","status-publish","hentry"],"_links":{"self":[{"href":"https:\/\/mslaw.dragonetdesign.com\/es\/wp-json\/wp\/v2\/pages\/509","targetHints":{"allow":["GET"]}}],"collection":[{"href":"https:\/\/mslaw.dragonetdesign.com\/es\/wp-json\/wp\/v2\/pages"}],"about":[{"href":"https:\/\/mslaw.dragonetdesign.com\/es\/wp-json\/wp\/v2\/types\/page"}],"author":[{"embeddable":true,"href":"https:\/\/mslaw.dragonetdesign.com\/es\/wp-json\/wp\/v2\/users\/1"}],"replies":[{"embeddable":true,"href":"https:\/\/mslaw.dragonetdesign.com\/es\/wp-json\/wp\/v2\/comments?post=509"}],"version-history":[{"count":5,"href":"https:\/\/mslaw.dragonetdesign.com\/es\/wp-json\/wp\/v2\/pages\/509\/revisions"}],"predecessor-version":[{"id":515,"href":"https:\/\/mslaw.dragonetdesign.com\/es\/wp-json\/wp\/v2\/pages\/509\/revisions\/515"}],"wp:attachment":[{"href":"https:\/\/mslaw.dragonetdesign.com\/es\/wp-json\/wp\/v2\/media?parent=509"}],"curies":[{"name":"wp","href":"https:\/\/api.w.org\/{rel}","templated":true}]}}