{"id":485,"date":"2026-02-16T21:15:44","date_gmt":"2026-02-16T21:15:44","guid":{"rendered":"https:\/\/mslaw.dragonetdesign.com\/litigios-civiles-y-comerciales\/"},"modified":"2026-02-23T16:45:14","modified_gmt":"2026-02-23T16:45:14","slug":"litigios-civiles-y-comerciales","status":"publish","type":"page","link":"https:\/\/mslaw.dragonetdesign.com\/es\/litigios-civiles-y-comerciales\/","title":{"rendered":"Litigios Civiles Y Comerciales"},"content":{"rendered":"<div class=\"wpb-content-wrapper\"><p>[vc_row section_type=\u00bbfullwidth\u00bb padding_top_multiplier=\u00bb\u00bb padding_bottom_multiplier=\u00bb\u00bb columns_gap=\u00bbnone\u00bb][vc_column]<div class=\"grve-element grve-image grve-align-center grve-full-image grve-image-space-100\" style=\"\">  <div class=\"grve-image-wrapper\"><img loading=\"lazy\" decoding=\"async\" width=\"1920\" height=\"200\" src=\"https:\/\/mslaw.dragonetdesign.com\/wp-content\/uploads\/2026\/02\/Civil-Banner.webp\" class=\"attachment-full size-full\" alt=\"Estandarte Civil\" srcset=\"https:\/\/mslaw.dragonetdesign.com\/wp-content\/uploads\/2026\/02\/Civil-Banner.webp 1920w, https:\/\/mslaw.dragonetdesign.com\/wp-content\/uploads\/2026\/02\/Civil-Banner-300x31.webp 300w, https:\/\/mslaw.dragonetdesign.com\/wp-content\/uploads\/2026\/02\/Civil-Banner-1024x107.webp 1024w, https:\/\/mslaw.dragonetdesign.com\/wp-content\/uploads\/2026\/02\/Civil-Banner-768x80.webp 768w, https:\/\/mslaw.dragonetdesign.com\/wp-content\/uploads\/2026\/02\/Civil-Banner-1536x160.webp 1536w\" sizes=\"auto, (max-width: 1920px) 100vw, 1920px\" \/>   <\/div><\/div>[\/vc_column][\/vc_row][vc_row padding_top_multiplier=\u00bb3x\u00bb padding_bottom_multiplier=\u00bb3x\u00bb][vc_column][vc_column_text css=\u00bb\u00bb]<\/p>\n<h1 style=\"text-align: center\">Abogado de litigios civiles y comerciales de Orlando<\/h1>\n<p>[\/vc_column_text]<div class=\"grve-empty-space grve-height-1x\" style=\"\"><\/div>[vc_column_text css=\u00bb\u00bb]<\/p>\n<p style=\"text-align: center\">Cuando surgen disputas legales, necesita un abogado experto y estrat\u00e9gico que proteja sus intereses. En el Bufete Legal de M\u00f3nica A. Santiago, P.A., representamos a particulares, profesionales y empresas en todo Orlando en litigios civiles y comerciales. <\/p>\n<p style=\"text-align: center\">Ya sea que su caso involucre una disputa contractual, un conflicto comercial, un asunto inmobiliario o una ejecuci\u00f3n hipotecaria, nuestro bufete le brinda una s\u00f3lida representaci\u00f3n tanto dentro como fuera de los tribunales. Nos enfocamos en resolver disputas eficientemente y proteger con firmeza sus derechos legales. <\/p>\n<p>[\/vc_column_text][\/vc_column][\/vc_row][vc_row section_type=\u00bbfullwidth\u00bb bg_type=\u00bbcolor\u00bb padding_top_multiplier=\u00bb2x\u00bb padding_bottom_multiplier=\u00bb2x\u00bb columns_gap=\u00bbnone\u00bb equal_column_height=\u00bbmiddle-content\u00bb bg_color=\u00bb#F7F7F7&#8243;][vc_column width=\u00bb1\/2&#8243;]<div class=\"grve-element grve-image grve-align-center grve-full-image grve-image-space-100\" style=\"\">  <div class=\"grve-image-wrapper\"><img loading=\"lazy\" decoding=\"async\" width=\"960\" height=\"645\" src=\"https:\/\/mslaw.dragonetdesign.com\/wp-content\/uploads\/2026\/02\/Civil-Litigation.webp\" class=\"attachment-full size-full\" alt=\"Litigio Civil\" srcset=\"https:\/\/mslaw.dragonetdesign.com\/wp-content\/uploads\/2026\/02\/Civil-Litigation.webp 960w, https:\/\/mslaw.dragonetdesign.com\/wp-content\/uploads\/2026\/02\/Civil-Litigation-300x202.webp 300w, https:\/\/mslaw.dragonetdesign.com\/wp-content\/uploads\/2026\/02\/Civil-Litigation-768x516.webp 768w\" sizes=\"auto, (max-width: 960px) 100vw, 960px\" \/>   <\/div><\/div>[\/vc_column][vc_column width=\u00bb1\/12&#8243;][\/vc_column][vc_column width=\u00bb1\/3&#8243;][vc_column_text css=\u00bb\u00bb]<\/p>\n<h2>Representaci\u00f3n en litigios civiles en Orlando<\/h2>\n<p>[\/vc_column_text]<div class=\"grve-empty-space grve-height-1x\" style=\"\"><\/div>[vc_column_text css=\u00bb\u00bb]Los litigios civiles implican disputas entre personas o entidades que buscan una indemnizaci\u00f3n por da\u00f1os y perjuicios o una orden judicial. Estos casos pueden ser complejos y requerir una estrategia legal detallada. <\/p>\n<p>Representamos a clientes en asuntos que incluyen:<\/p>\n<ul>\n<li>Incumplimiento de contrato<\/li>\n<li>Disputas comerciales<\/li>\n<li>Disputas entre socios y accionistas<\/li>\n<li>Litigios inmobiliarios<\/li>\n<li>Disputas de propiedad<\/li>\n<li>Defensa de cobro de deudas<\/li>\n<li>Disputas entre propietarios e inquilinos<\/li>\n<li>Ejecuci\u00f3n de sentencias<\/li>\n<\/ul>\n<p>Desde las cartas de demanda iniciales hasta el juicio, manejamos cada etapa del litigio con precisi\u00f3n y dedicaci\u00f3n.[\/vc_column_text][\/vc_column][vc_column width=\u00bb1\/12&#8243;][\/vc_column][\/vc_row][vc_row section_type=\u00bbfullwidth\u00bb padding_top_multiplier=\u00bb2x\u00bb padding_bottom_multiplier=\u00bb2x\u00bb columns_gap=\u00bbnone\u00bb equal_column_height=\u00bbmiddle-content\u00bb][vc_column width=\u00bb1\/12&#8243;][\/vc_column][vc_column width=\u00bb1\/3&#8243;][vc_column_text css=\u00bb\u00bb]<\/p>\n<h2>Litigios comerciales y empresariales<\/h2>\n<p>[\/vc_column_text]<div class=\"grve-empty-space grve-height-1x\" style=\"\"><\/div>[vc_column_text css=\u00bb\u00bb]Las disputas comerciales pueden interrumpir las operaciones y amenazar la estabilidad financiera. Nuestra firma ofrece servicios de litigio comercial para proteger los intereses de su empresa y minimizar el riesgo. <\/p>\n<p>Ayudamos con:<\/p>\n<ul>\n<li>Redacci\u00f3n y ejecuci\u00f3n de contratos<\/li>\n<li>Agravios comerciales<\/li>\n<li>Reclamaciones por fraude y tergiversaci\u00f3n<\/li>\n<li>Disputas de construcci\u00f3n<\/li>\n<li>Conflictos entre proveedores y vendedores<\/li>\n<li>Disputas sobre arrendamientos comerciales<\/li>\n<\/ul>\n<p>Entendemos que los litigios comerciales requieren no solo conocimientos legales, sino tambi\u00e9n pensamiento estrat\u00e9gico. Nuestro objetivo es obtener resultados favorables y proteger sus ganancias.[\/vc_column_text][\/vc_column][vc_column width=\u00bb1\/12&#8243;][\/vc_column][vc_column width=\u00bb1\/2&#8243;]<div class=\"grve-element grve-image grve-align-center grve-full-image grve-image-space-100\" style=\"\">  <div class=\"grve-image-wrapper\"><img loading=\"lazy\" decoding=\"async\" width=\"960\" height=\"645\" src=\"https:\/\/mslaw.dragonetdesign.com\/wp-content\/uploads\/2026\/02\/Commercial-Business-Litigation.webp\" class=\"attachment-full size-full\" alt=\"Litigios comerciales y empresariales\" srcset=\"https:\/\/mslaw.dragonetdesign.com\/wp-content\/uploads\/2026\/02\/Commercial-Business-Litigation.webp 960w, https:\/\/mslaw.dragonetdesign.com\/wp-content\/uploads\/2026\/02\/Commercial-Business-Litigation-300x202.webp 300w, https:\/\/mslaw.dragonetdesign.com\/wp-content\/uploads\/2026\/02\/Commercial-Business-Litigation-768x516.webp 768w\" sizes=\"auto, (max-width: 960px) 100vw, 960px\" \/>   <\/div><\/div>[\/vc_column][\/vc_row][vc_row section_type=\u00bbfullwidth\u00bb bg_type=\u00bbcolor\u00bb padding_top_multiplier=\u00bb2x\u00bb padding_bottom_multiplier=\u00bb2x\u00bb columns_gap=\u00bbnone\u00bb equal_column_height=\u00bbmiddle-content\u00bb bg_color=\u00bb#F7F7F7&#8243;][vc_column width=\u00bb1\/2&#8243;]<div class=\"grve-element grve-image grve-align-center grve-full-image grve-image-space-100\" style=\"\">  <div class=\"grve-image-wrapper\"><img loading=\"lazy\" decoding=\"async\" width=\"960\" height=\"645\" src=\"https:\/\/mslaw.dragonetdesign.com\/wp-content\/uploads\/2026\/02\/Strategic-Litigation.webp\" class=\"attachment-full size-full\" alt=\"Litigio Estrat\u00e9gico\" srcset=\"https:\/\/mslaw.dragonetdesign.com\/wp-content\/uploads\/2026\/02\/Strategic-Litigation.webp 960w, https:\/\/mslaw.dragonetdesign.com\/wp-content\/uploads\/2026\/02\/Strategic-Litigation-300x202.webp 300w, https:\/\/mslaw.dragonetdesign.com\/wp-content\/uploads\/2026\/02\/Strategic-Litigation-768x516.webp 768w\" sizes=\"auto, (max-width: 960px) 100vw, 960px\" \/>   <\/div><\/div>[\/vc_column][vc_column width=\u00bb1\/12&#8243;][\/vc_column][vc_column width=\u00bb1\/3&#8243;][vc_column_text css=\u00bb\u00bb]<\/p>\n<h2>Defensa de ejecuciones hipotecarias y litigios inmobiliarios<\/h2>\n<p>[\/vc_column_text]<div class=\"grve-empty-space grve-height-1x\" style=\"\"><\/div>[vc_column_text css=\u00bb\u00bb]Si se enfrenta a una ejecuci\u00f3n hipotecaria en Orlando, tiene derechos y opciones legales. La ejecuci\u00f3n hipotecaria puede avanzar r\u00e1pidamente, pero una acci\u00f3n legal oportuna puede ayudarle a retrasar el proceso, negociar alternativas o impugnar pr\u00e1cticas indebidas de los prestamistas. <\/p>\n<p>\ud83d\udc49Visite nuestra p\u00e1gina <a href=\"https:\/\/mslaw.dragonetdesign.com\/es\/juicio-hipotecario\/\">de ejecuciones hipotecarias<\/a> para obtener m\u00e1s informaci\u00f3n.[\/vc_column_text]<div class=\"grve-empty-space grve-height-1x\" style=\"\"><\/div>[vc_column_text css=\u00bb\u00bb]<\/p>\n<h2>Enfoque de litigio estrat\u00e9gico<\/h2>\n<p>[\/vc_column_text]<div class=\"grve-empty-space grve-height-1x\" style=\"\"><\/div>[vc_column_text css=\u00bb\u00bb]Cada disputa es diferente. Nuestro bufete comienza analizando a fondo su caso, revisando la documentaci\u00f3n e identificando tanto los riesgos como las oportunidades. Dependiendo de las circunstancias, podemos buscar:  <\/p>\n<ul>\n<li>Acuerdos negociados<\/li>\n<li>Mediaci\u00f3n o arbitraje<\/li>\n<li>Pr\u00e1ctica de movimiento<\/li>\n<li>Representaci\u00f3n en juicio<\/li>\n<\/ul>\n<p>Estamos preparados para litigar agresivamente cuando sea necesario y siempre explorando soluciones rentables.[\/vc_column_text][\/vc_column][vc_column width=\u00bb1\/12&#8243;][\/vc_column][\/vc_row][vc_row padding_top_multiplier=\u00bb3x\u00bb padding_bottom_multiplier=\u00bb3x\u00bb][vc_column][vc_column_text css=\u00bb\u00bb]<\/p>\n<h3>\u00bfPor qu\u00e9 elegir las Oficinas Legales de M\u00f3nica A. Santiago, P.A.?<\/h3>\n<p>[\/vc_column_text]<div class=\"grve-empty-space grve-height-1x\" style=\"\"><\/div>[vc_column_text css=\u00bb\u00bb]Al contratar nuestra firma usted recibe:<\/p>\n<p>\u2714 Estrategia legal personalizada<br \/>\n\u2714 Comunicaci\u00f3n clara y consistente<br \/>\n\u2714 Preparaci\u00f3n exhaustiva de los casos<br \/>\n\u2714 Defensa s\u00f3lida en los tribunales<br \/>\n\u2714 Soluciones pr\u00e1cticas y con visi\u00f3n de negocio<\/p>\n<p>Entendemos que los litigios pueden ser estresantes y tener un impacto financiero considerable. Nuestra misi\u00f3n es guiarle a trav\u00e9s del proceso con claridad y confianza.[\/vc_column_text]<div class=\"grve-empty-space grve-height-1x\" style=\"\"><\/div>[vc_column_text css=\u00bb\u00bb]<\/p>\n<h4>Programe una consulta con un abogado litigante de Orlando<\/h4>\n<p>[\/vc_column_text]<div class=\"grve-empty-space grve-height-1x\" style=\"\"><\/div>[vc_column_text css=\u00bb\u00bb]Si se ve involucrado en una disputa civil, un conflicto comercial o una ejecuci\u00f3n hipotecaria en Orlando, no lo enfrente solo. Una asesor\u00eda legal temprana puede marcar una diferencia significativa en el resultado de su caso. <\/p>\n<p>Comun\u00edquese con <a href=\"https:\/\/mslaw.dragonetdesign.com\/es\/contacto\/\">las Oficinas Legales de M\u00f3nica A. Santiago, P.A.<\/a> hoy para programar una consulta con un abogado experimentado en litigios civiles y comerciales de Orlando.[\/vc_column_text][\/vc_column][\/vc_row]<\/p>\n<\/div>","protected":false},"excerpt":{"rendered":"<p>[vc_row section_type=\u00bbfullwidth\u00bb padding_top_multiplier=\u00bb\u00bb padding_bottom_multiplier=\u00bb\u00bb columns_gap=\u00bbnone\u00bb][vc_column][\/vc_column][\/vc_row][vc_row padding_top_multiplier=\u00bb3x\u00bb padding_bottom_multiplier=\u00bb3x\u00bb][vc_column][vc_column_text css=\u00bb\u00bb] Abogado de litigios civiles y comerciales de Orlando [\/vc_column_text][vc_column_text css=\u00bb\u00bb] Cuando surgen disputas legales, necesita un abogado experto y estrat\u00e9gico que proteja sus intereses. En el Bufete Legal de M\u00f3nica A. Santiago, P.A., representamos a particulares, profesionales y empresas en todo Orlando en litigios civiles y comerciales. [&hellip;]<\/p>\n","protected":false},"author":1,"featured_media":0,"parent":0,"menu_order":0,"comment_status":"closed","ping_status":"closed","template":"","meta":{"footnotes":""},"class_list":["post-485","page","type-page","status-publish","hentry"],"_links":{"self":[{"href":"https:\/\/mslaw.dragonetdesign.com\/es\/wp-json\/wp\/v2\/pages\/485","targetHints":{"allow":["GET"]}}],"collection":[{"href":"https:\/\/mslaw.dragonetdesign.com\/es\/wp-json\/wp\/v2\/pages"}],"about":[{"href":"https:\/\/mslaw.dragonetdesign.com\/es\/wp-json\/wp\/v2\/types\/page"}],"author":[{"embeddable":true,"href":"https:\/\/mslaw.dragonetdesign.com\/es\/wp-json\/wp\/v2\/users\/1"}],"replies":[{"embeddable":true,"href":"https:\/\/mslaw.dragonetdesign.com\/es\/wp-json\/wp\/v2\/comments?post=485"}],"version-history":[{"count":6,"href":"https:\/\/mslaw.dragonetdesign.com\/es\/wp-json\/wp\/v2\/pages\/485\/revisions"}],"predecessor-version":[{"id":495,"href":"https:\/\/mslaw.dragonetdesign.com\/es\/wp-json\/wp\/v2\/pages\/485\/revisions\/495"}],"wp:attachment":[{"href":"https:\/\/mslaw.dragonetdesign.com\/es\/wp-json\/wp\/v2\/media?parent=485"}],"curies":[{"name":"wp","href":"https:\/\/api.w.org\/{rel}","templated":true}]}}