{"id":467,"date":"2026-02-16T21:15:57","date_gmt":"2026-02-16T21:15:57","guid":{"rendered":"https:\/\/mslaw.dragonetdesign.com\/juicio-hipotecario\/"},"modified":"2026-02-23T21:16:58","modified_gmt":"2026-02-23T21:16:58","slug":"juicio-hipotecario","status":"publish","type":"page","link":"https:\/\/mslaw.dragonetdesign.com\/es\/juicio-hipotecario\/","title":{"rendered":"Juicio hipotecario"},"content":{"rendered":"<div class=\"wpb-content-wrapper\"><p>[vc_row section_type=\u00bbfullwidth\u00bb padding_top_multiplier=\u00bb\u00bb padding_bottom_multiplier=\u00bb\u00bb columns_gap=\u00bbnone\u00bb][vc_column]<div class=\"grve-element grve-image grve-align-center grve-full-image grve-image-space-100\" style=\"\">  <div class=\"grve-image-wrapper\"><img loading=\"lazy\" decoding=\"async\" width=\"1920\" height=\"200\" src=\"https:\/\/mslaw.dragonetdesign.com\/wp-content\/uploads\/2026\/02\/Foreclosure-Banner.webp\" class=\"attachment-full size-full\" alt=\"Foreclosure Banner\" srcset=\"https:\/\/mslaw.dragonetdesign.com\/wp-content\/uploads\/2026\/02\/Foreclosure-Banner.webp 1920w, https:\/\/mslaw.dragonetdesign.com\/wp-content\/uploads\/2026\/02\/Foreclosure-Banner-300x31.webp 300w, https:\/\/mslaw.dragonetdesign.com\/wp-content\/uploads\/2026\/02\/Foreclosure-Banner-1024x107.webp 1024w, https:\/\/mslaw.dragonetdesign.com\/wp-content\/uploads\/2026\/02\/Foreclosure-Banner-768x80.webp 768w, https:\/\/mslaw.dragonetdesign.com\/wp-content\/uploads\/2026\/02\/Foreclosure-Banner-1536x160.webp 1536w\" sizes=\"auto, (max-width: 1920px) 100vw, 1920px\" \/>   <\/div><\/div>[\/vc_column][\/vc_row][vc_row padding_top_multiplier=\u00bb3x\u00bb padding_bottom_multiplier=\u00bb3x\u00bb][vc_column][vc_column_text css=\u00bb\u00bb]<\/p>\n<h1 style=\"text-align: center;\">Abogado de defensa de ejecuciones hipotecarias en Orlando<\/h1>\n<p>[\/vc_column_text]<div class=\"grve-empty-space grve-height-1x\" style=\"\"><\/div>[vc_column_text css=\u00bb\u00bb]<\/p>\n<p style=\"text-align: center;\">Si se ha atrasado en los pagos de su hipoteca o ha recibido una notificaci\u00f3n de ejecuci\u00f3n hipotecaria, puede sentirse abrumado e inseguro sobre qu\u00e9 hacer. En el Bufete Jur\u00eddico de M\u00f3nica A. Santiago, P.A., ofrecemos representaci\u00f3n experta en defensa de ejecuciones hipotecarias a propietarios de viviendas en Orlando y sus alrededores.<\/p>\n<p style=\"text-align: center;\">La ejecuci\u00f3n hipotecaria es un proceso legal, lo que significa que usted tiene derechos legales. Actuar con rapidez puede abrirle la puerta a opciones que podr\u00edan permitirle salvar su casa, negociar mejores condiciones o minimizar el da\u00f1o financiero.<\/p>\n<p>[\/vc_column_text][\/vc_column][\/vc_row][vc_row section_type=\u00bbfullwidth\u00bb bg_type=\u00bbcolor\u00bb padding_top_multiplier=\u00bb2x\u00bb padding_bottom_multiplier=\u00bb2x\u00bb columns_gap=\u00bbnone\u00bb equal_column_height=\u00bbmiddle-content\u00bb bg_color=\u00bb#F7F7F7&#8243;][vc_column width=\u00bb1\/2&#8243;]<div class=\"grve-element grve-image grve-align-center grve-full-image grve-image-space-100\" style=\"\">  <div class=\"grve-image-wrapper\"><img loading=\"lazy\" decoding=\"async\" width=\"960\" height=\"645\" src=\"https:\/\/mslaw.dragonetdesign.com\/wp-content\/uploads\/2026\/02\/Can-Foreclosure-Be-Stopped.webp\" class=\"attachment-full size-full\" alt=\"\u00bfSe puede detener la ejecuci\u00f3n hipotecaria?\" srcset=\"https:\/\/mslaw.dragonetdesign.com\/wp-content\/uploads\/2026\/02\/Can-Foreclosure-Be-Stopped.webp 960w, https:\/\/mslaw.dragonetdesign.com\/wp-content\/uploads\/2026\/02\/Can-Foreclosure-Be-Stopped-300x202.webp 300w, https:\/\/mslaw.dragonetdesign.com\/wp-content\/uploads\/2026\/02\/Can-Foreclosure-Be-Stopped-768x516.webp 768w\" sizes=\"auto, (max-width: 960px) 100vw, 960px\" \/>   <\/div><\/div>[\/vc_column][vc_column width=\u00bb1\/12&#8243;][\/vc_column][vc_column width=\u00bb1\/3&#8243;][vc_column_text css=\u00bb\u00bb]<\/p>\n<h2>Entendiendo el proceso de ejecuci\u00f3n hipotecaria en Florida<\/h2>\n<p>[\/vc_column_text]<div class=\"grve-empty-space grve-height-1x\" style=\"\"><\/div>[vc_column_text css=\u00bb\u00bb]Florida es un estado con ejecuciones hipotecarias judiciales, lo que significa que los prestamistas deben presentar una demanda judicial para ejecutar una propiedad. Este proceso incluye:<\/p>\n<ul>\n<li>Presentaci\u00f3n de una demanda de ejecuci\u00f3n hipotecaria<\/li>\n<li>Servicio de documentos judiciales<\/li>\n<li>Oportunidad de responder y levantar defensas<\/li>\n<li>Audiencias judiciales<\/li>\n<li>Sentencia definitiva y posible venta del inmueble<\/li>\n<\/ul>\n<p>Muchos propietarios desconocen que los casos de ejecuci\u00f3n hipotecaria a veces pueden ser impugnados debido a documentaci\u00f3n incorrecta, errores contables o errores de procedimiento. Contar con un abogado especializado en ejecuciones hipotecarias en Orlando que revise su caso puede marcar una gran diferencia.[\/vc_column_text][\/vc_column][vc_column width=\u00bb1\/12&#8243;][\/vc_column][\/vc_row][vc_row section_type=\u00bbfullwidth\u00bb padding_top_multiplier=\u00bb2x\u00bb padding_bottom_multiplier=\u00bb2x\u00bb columns_gap=\u00bbnone\u00bb equal_column_height=\u00bbmiddle-content\u00bb][vc_column width=\u00bb1\/12&#8243;][\/vc_column][vc_column width=\u00bb1\/3&#8243;][vc_column_text css=\u00bb\u00bb]<\/p>\n<h2>C\u00f3mo ayudamos a los propietarios que enfrentan una ejecuci\u00f3n hipotecaria<\/h2>\n<p>[\/vc_column_text]<div class=\"grve-empty-space grve-height-1x\" style=\"\"><\/div>[vc_column_text css=\u00bb\u00bb]En el bufete de abogados de M\u00f3nica A. Santiago, P.A., trabajamos estrechamente con nuestros clientes para evaluar todas las opciones disponibles, incluyendo:[\/vc_column_text]<div class=\"grve-empty-space grve-height-1x\" style=\"\"><\/div>[vc_tta_accordion active_section=\u00bb0&#8243; heading=\u00bbleader-text\u00bb][vc_tta_section title=\u00bbLitigios de defensa de ejecuci\u00f3n hipotecaria\u00bb tab_id=\u00bb1771705270489-50c9a2c9-132c\u00bb][vc_column_text css=\u00bb\u00bb]Revisamos la documentaci\u00f3n del prestamista, impugnamos las presentaciones indebidas y hacemos valer las defensas legales disponibles para proteger sus derechos.[\/vc_column_text][\/vc_tta_section][vc_tta_section title=\u00bbAsistencia para la modificaci\u00f3n de pr\u00e9stamos\u00bb tab_id=\u00bb1771705270501-8228f4d1-0696&#8243;][vc_column_text css=\u00bb\u00bb]Negociamos con los prestamistas para buscar pagos mensuales reducidos, tasas de inter\u00e9s ajustadas o t\u00e9rminos de pr\u00e9stamo modificados.[\/vc_column_text][\/vc_tta_section][vc_tta_section title=\u00bbPlanes de indulgencia y pago\u00bb tab_id=\u00bb1771705306944-3c95d30e-0dc5&#8243;][vc_column_text css=\u00bb\u00bb]Las soluciones temporales para dificultades pueden permitirle ponerse al d\u00eda con los pagos.[\/vc_column_text][\/vc_tta_section][vc_tta_section title=\u00bbVentas cortas\u00bb tab_id=\u00bb1771705326727-9e4e1472-a0af\u00bb][vc_column_text css=\u00bb\u00bb]Si no es posible conservar la vivienda, ayudamos a coordinar transacciones de venta corta para minimizar el impacto crediticio y la responsabilidad financiera.[\/vc_column_text][\/vc_tta_section][vc_tta_section title=\u00bbDefensa de la sentencia por deficiencia\u00bb tab_id=\u00bb1771705344045-ae77dd15-c28d\u00bb][vc_column_text css=\u00bb\u00bb]Si una propiedad se vende por menos del saldo hipotecario pendiente, los prestamistas podr\u00edan intentar obtener una sentencia por deficiencia. Trabajamos para proteger a nuestros clientes contra riesgos financieros adicionales.[\/vc_column_text][\/vc_tta_section][\/vc_tta_accordion][\/vc_column][vc_column width=\u00bb1\/12&#8243;][\/vc_column][vc_column width=\u00bb1\/2&#8243;]<div class=\"grve-element grve-image grve-align-center grve-full-image grve-image-space-100\" style=\"\">  <div class=\"grve-image-wrapper\"><img loading=\"lazy\" decoding=\"async\" width=\"960\" height=\"645\" src=\"https:\/\/mslaw.dragonetdesign.com\/wp-content\/uploads\/2026\/02\/How-We-Help.webp\" class=\"attachment-full size-full\" alt=\"C\u00f3mo ayudamos\" srcset=\"https:\/\/mslaw.dragonetdesign.com\/wp-content\/uploads\/2026\/02\/How-We-Help.webp 960w, https:\/\/mslaw.dragonetdesign.com\/wp-content\/uploads\/2026\/02\/How-We-Help-300x202.webp 300w, https:\/\/mslaw.dragonetdesign.com\/wp-content\/uploads\/2026\/02\/How-We-Help-768x516.webp 768w\" sizes=\"auto, (max-width: 960px) 100vw, 960px\" \/>   <\/div><\/div>[\/vc_column][\/vc_row][vc_row section_type=\u00bbfullwidth\u00bb bg_type=\u00bbcolor\u00bb padding_top_multiplier=\u00bb2x\u00bb padding_bottom_multiplier=\u00bb2x\u00bb columns_gap=\u00bbnone\u00bb equal_column_height=\u00bbmiddle-content\u00bb bg_color=\u00bb#F7F7F7&#8243;][vc_column width=\u00bb1\/2&#8243;]<div class=\"grve-element grve-image grve-align-center grve-full-image grve-image-space-100\" style=\"\">  <div class=\"grve-image-wrapper\"><img loading=\"lazy\" decoding=\"async\" width=\"960\" height=\"645\" src=\"https:\/\/mslaw.dragonetdesign.com\/wp-content\/uploads\/2026\/02\/Foreclosure-1.webp\" class=\"attachment-full size-full\" alt=\"Juicio hipotecario\" srcset=\"https:\/\/mslaw.dragonetdesign.com\/wp-content\/uploads\/2026\/02\/Foreclosure-1.webp 960w, https:\/\/mslaw.dragonetdesign.com\/wp-content\/uploads\/2026\/02\/Foreclosure-1-300x202.webp 300w, https:\/\/mslaw.dragonetdesign.com\/wp-content\/uploads\/2026\/02\/Foreclosure-1-768x516.webp 768w\" sizes=\"auto, (max-width: 960px) 100vw, 960px\" \/>   <\/div><\/div>[\/vc_column][vc_column width=\u00bb1\/12&#8243;][\/vc_column][vc_column width=\u00bb1\/3&#8243;][vc_column_text css=\u00bb\u00bb]<\/p>\n<h3>\u00bfSe puede detener la ejecuci\u00f3n hipotecaria?<\/h3>\n<p>[\/vc_column_text]<div class=\"grve-empty-space grve-height-1x\" style=\"\"><\/div>[vc_column_text css=\u00bb\u00bb]En muchos casos, s\u00ed, especialmente si se act\u00faa con prontitud. Declararse en bancarrota bajo el Cap\u00edtulo 13, por ejemplo, puede detener temporalmente los procedimientos de ejecuci\u00f3n hipotecaria y permitir a los propietarios ponerse al d\u00eda con los pagos atrasados \u200b\u200bmediante un plan de pago aprobado por el tribunal.<\/p>\n<p>Si la quiebra es apropiada, podemos evaluar esa opci\u00f3n como parte de una estrategia legal m\u00e1s amplia.[\/vc_column_text]<div class=\"grve-empty-space grve-height-1x\" style=\"\"><\/div>[vc_column_text css=\u00bb\u00bb]<\/p>\n<h3>Por qu\u00e9 es importante tomar medidas legales tempranas<\/h3>\n<p>[\/vc_column_text]<div class=\"grve-empty-space grve-height-1x\" style=\"\"><\/div>[vc_column_text css=\u00bb\u00bb]Cuanto antes consulte con un abogado especializado en defensa de ejecuciones hipotecarias en Orlando, m\u00e1s opciones tendr\u00e1. Esperar demasiado puede limitar su capacidad para negociar o impugnar el proceso.<\/p>\n<p>Nuestra firma:<\/p>\n<p>\u2714 Revisa sus documentos hipotecarios y la demanda de ejecuci\u00f3n hipotecaria<br \/>\n\u2714 Identifica posibles defensas legales<br \/>\n\u2714 Negocia directamente con los prestamistas<br \/>\n\u2714 Lo representa en la corte cuando es necesario<br \/>\n\u2714 Explica sus derechos de manera clara y honesta<\/p>\n<p>Entendemos lo estresante que puede ser una ejecuci\u00f3n hipotecaria. Nuestro objetivo es brindar claridad, estrategia y una s\u00f3lida defensa durante este momento cr\u00edtico.[\/vc_column_text][\/vc_column][vc_column width=\u00bb1\/12&#8243;][\/vc_column][\/vc_row][vc_row padding_top_multiplier=\u00bb3x\u00bb padding_bottom_multiplier=\u00bb3x\u00bb][vc_column][vc_column_text css=\u00bb\u00bb]<\/p>\n<h2>Razones comunes por las que los propietarios de viviendas se enfrentan a una ejecuci\u00f3n hipotecaria<\/h2>\n<p>[\/vc_column_text]<div class=\"grve-empty-space grve-height-1x\" style=\"\"><\/div>[vc_column_text css=\u00bb\u00bb]La ejecuci\u00f3n hipotecaria a menudo es resultado de circunstancias fuera de su control, como:<\/p>\n<ul>\n<li>p\u00e9rdida de empleo<\/li>\n<li>Emergencias m\u00e9dicas<\/li>\n<li>Divorcio<\/li>\n<li>Reveses empresariales<\/li>\n<li>Dificultades financieras inesperadas<\/li>\n<\/ul>\n<p>No est\u00e1 solo, y la ejecuci\u00f3n hipotecaria no es el fin de su futuro financiero. Existen herramientas legales disponibles para protegerlo.[\/vc_column_text]<div class=\"grve-empty-space grve-height-1x\" style=\"\"><\/div>[vc_column_text css=\u00bb\u00bb]<\/p>\n<h4>Programe una consulta con un abogado de ejecuciones hipotecarias de Orlando<\/h4>\n<p>[\/vc_column_text]<div class=\"grve-empty-space grve-height-1x\" style=\"\"><\/div>[vc_column_text css=\u00bb\u00bb]Si se enfrenta a una ejecuci\u00f3n hipotecaria en Orlando, no ignore los documentos judiciales ni las notificaciones del prestamista. Actuar con prontitud puede marcar una diferencia significativa en el resultado de su caso.<\/p>\n<p>Contacte hoy mismo con el <a href=\"https:\/\/mslaw.dragonetdesign.com\/es\/contacto\/\">Bufete de Abogados de M\u00f3nica A. Santiago, P.A.<\/a> para programar una consulta y conocer sus opciones de defensa contra la ejecuci\u00f3n hipotecaria. Proteja su hogar. Proteja sus derechos. Proteja su futuro.[\/vc_column_text][\/vc_column][\/vc_row]<\/p>\n<\/div>","protected":false},"excerpt":{"rendered":"<p>[vc_row section_type=\u00bbfullwidth\u00bb padding_top_multiplier=\u00bb\u00bb padding_bottom_multiplier=\u00bb\u00bb columns_gap=\u00bbnone\u00bb][vc_column][\/vc_column][\/vc_row][vc_row padding_top_multiplier=\u00bb3x\u00bb padding_bottom_multiplier=\u00bb3x\u00bb][vc_column][vc_column_text css=\u00bb\u00bb] Abogado de defensa de ejecuciones hipotecarias en Orlando [\/vc_column_text][vc_column_text css=\u00bb\u00bb] Si se ha atrasado en los pagos de su hipoteca o ha recibido una notificaci\u00f3n de ejecuci\u00f3n hipotecaria, puede sentirse abrumado e inseguro sobre qu\u00e9 hacer. En el Bufete Jur\u00eddico de M\u00f3nica A. Santiago, P.A., ofrecemos representaci\u00f3n [&hellip;]<\/p>\n","protected":false},"author":1,"featured_media":0,"parent":0,"menu_order":0,"comment_status":"closed","ping_status":"closed","template":"","meta":{"footnotes":""},"class_list":["post-467","page","type-page","status-publish","hentry"],"_links":{"self":[{"href":"https:\/\/mslaw.dragonetdesign.com\/es\/wp-json\/wp\/v2\/pages\/467","targetHints":{"allow":["GET"]}}],"collection":[{"href":"https:\/\/mslaw.dragonetdesign.com\/es\/wp-json\/wp\/v2\/pages"}],"about":[{"href":"https:\/\/mslaw.dragonetdesign.com\/es\/wp-json\/wp\/v2\/types\/page"}],"author":[{"embeddable":true,"href":"https:\/\/mslaw.dragonetdesign.com\/es\/wp-json\/wp\/v2\/users\/1"}],"replies":[{"embeddable":true,"href":"https:\/\/mslaw.dragonetdesign.com\/es\/wp-json\/wp\/v2\/comments?post=467"}],"version-history":[{"count":11,"href":"https:\/\/mslaw.dragonetdesign.com\/es\/wp-json\/wp\/v2\/pages\/467\/revisions"}],"predecessor-version":[{"id":520,"href":"https:\/\/mslaw.dragonetdesign.com\/es\/wp-json\/wp\/v2\/pages\/467\/revisions\/520"}],"wp:attachment":[{"href":"https:\/\/mslaw.dragonetdesign.com\/es\/wp-json\/wp\/v2\/media?parent=467"}],"curies":[{"name":"wp","href":"https:\/\/api.w.org\/{rel}","templated":true}]}}