{"id":432,"date":"2026-02-16T21:12:37","date_gmt":"2026-02-16T21:12:37","guid":{"rendered":"https:\/\/mslaw.dragonetdesign.com\/legalizacion-de-un-testamento\/"},"modified":"2026-02-20T22:01:57","modified_gmt":"2026-02-20T22:01:57","slug":"legalizacion-de-un-testamento","status":"publish","type":"page","link":"https:\/\/mslaw.dragonetdesign.com\/es\/legalizacion-de-un-testamento\/","title":{"rendered":"Legalizaci\u00f3n de un testamento"},"content":{"rendered":"<div class=\"wpb-content-wrapper\"><p>[vc_row section_type=\u00bbfullwidth\u00bb padding_top_multiplier=\u00bb\u00bb padding_bottom_multiplier=\u00bb\u00bb columns_gap=\u00bbnone\u00bb][vc_column]<div class=\"grve-element grve-image grve-align-center grve-full-image grve-image-space-100\" style=\"\">  <div class=\"grve-image-wrapper\"><img loading=\"lazy\" decoding=\"async\" width=\"1920\" height=\"200\" src=\"https:\/\/mslaw.dragonetdesign.com\/wp-content\/uploads\/2026\/02\/Probate-Banner.webp\" class=\"attachment-full size-full\" alt=\"Banner testamentario\" srcset=\"https:\/\/mslaw.dragonetdesign.com\/wp-content\/uploads\/2026\/02\/Probate-Banner.webp 1920w, https:\/\/mslaw.dragonetdesign.com\/wp-content\/uploads\/2026\/02\/Probate-Banner-300x31.webp 300w, https:\/\/mslaw.dragonetdesign.com\/wp-content\/uploads\/2026\/02\/Probate-Banner-1024x107.webp 1024w, https:\/\/mslaw.dragonetdesign.com\/wp-content\/uploads\/2026\/02\/Probate-Banner-768x80.webp 768w, https:\/\/mslaw.dragonetdesign.com\/wp-content\/uploads\/2026\/02\/Probate-Banner-1536x160.webp 1536w\" sizes=\"auto, (max-width: 1920px) 100vw, 1920px\" \/>   <\/div><\/div>[\/vc_column][\/vc_row][vc_row padding_top_multiplier=\u00bb3x\u00bb padding_bottom_multiplier=\u00bb3x\u00bb][vc_column][vc_column_text css=\u00bb\u00bb]<\/p>\n<h1 style=\"text-align: center\">Abogado de Sucesiones en Orlando<br \/>\nAsesor\u00eda confiable durante el proceso sucesorio<\/h1>\n<p>[\/vc_column_text]<div class=\"grve-empty-space grve-height-1x\" style=\"\"><\/div>[vc_column_text css=\u00bb\u00bb]<\/p>\n<p style=\"text-align: center\">Perder a un ser querido nunca es f\u00e1cil. El proceso legal posterior puede resultar abrumador en un momento ya de por s\u00ed dif\u00edcil. En el Bufete Legal de M\u00f3nica A. Santiago, P.A., ofrecemos representaci\u00f3n legal con compasi\u00f3n y conocimiento a familias de Orlando y sus alrededores.  <\/p>\n<p style=\"text-align: center\">Ya sea que necesite ayuda para administrar un patrimonio, resolver disputas entre beneficiarios o comprender sus responsabilidades como representante personal, nuestra firma est\u00e1 aqu\u00ed para guiarlo en cada paso del camino.<\/p>\n<p>[\/vc_column_text][\/vc_column][\/vc_row][vc_row section_type=\u00bbfullwidth\u00bb bg_type=\u00bbcolor\u00bb padding_top_multiplier=\u00bb2x\u00bb padding_bottom_multiplier=\u00bb2x\u00bb columns_gap=\u00bbnone\u00bb equal_column_height=\u00bbmiddle-content\u00bb bg_color=\u00bb#F7F7F7&#8243;][vc_column width=\u00bb1\/2&#8243;]<div class=\"grve-element grve-image grve-align-center grve-full-image grve-image-space-100\" style=\"\">  <div class=\"grve-image-wrapper\"><img loading=\"lazy\" decoding=\"async\" width=\"960\" height=\"645\" src=\"https:\/\/mslaw.dragonetdesign.com\/wp-content\/uploads\/2026\/02\/What-is-Probate.webp\" class=\"attachment-full size-full\" alt=\"\u00bfQu\u00e9 es la sucesi\u00f3n?\" srcset=\"https:\/\/mslaw.dragonetdesign.com\/wp-content\/uploads\/2026\/02\/What-is-Probate.webp 960w, https:\/\/mslaw.dragonetdesign.com\/wp-content\/uploads\/2026\/02\/What-is-Probate-300x202.webp 300w, https:\/\/mslaw.dragonetdesign.com\/wp-content\/uploads\/2026\/02\/What-is-Probate-768x516.webp 768w\" sizes=\"auto, (max-width: 960px) 100vw, 960px\" \/>   <\/div><\/div>[\/vc_column][vc_column width=\u00bb1\/12&#8243;][\/vc_column][vc_column width=\u00bb1\/3&#8243;][vc_column_text css=\u00bb\u00bb]<\/p>\n<h2>\u00bfQu\u00e9 es la sucesi\u00f3n?<\/h2>\n<p>[\/vc_column_text]<div class=\"grve-empty-space grve-height-1x\" style=\"\"><\/div>[vc_column_text css=\u00bb\u00bb]La sucesi\u00f3n es el proceso legal, supervisado por el tribunal, para administrar el patrimonio de una persona fallecida. Este proceso incluye: <\/p>\n<ul>\n<li>Identificaci\u00f3n y recopilaci\u00f3n de activos<\/li>\n<li>Pago de deudas e impuestos v\u00e1lidos<\/li>\n<li>Distribuir bienes a beneficiarios o herederos<\/li>\n<li>Cerrar la herencia adecuadamente<\/li>\n<\/ul>\n<p>En Florida, la sucesi\u00f3n se gestiona a trav\u00e9s del tribunal de circuito local y puede variar en complejidad dependiendo del tama\u00f1o del patrimonio, si existe un testamento v\u00e1lido y si surgen disputas.<\/p>\n<p>Contar con un abogado con experiencia en sucesiones en Orlando puede ayudar a garantizar que el proceso se maneje de manera eficiente y de conformidad con la ley de Florida.[\/vc_column_text][\/vc_column][vc_column width=\u00bb1\/12&#8243;][\/vc_column][\/vc_row][vc_row section_type=\u00bbfullwidth\u00bb padding_top_multiplier=\u00bb2x\u00bb padding_bottom_multiplier=\u00bb2x\u00bb columns_gap=\u00bbnone\u00bb equal_column_height=\u00bbmiddle-content\u00bb][vc_column width=\u00bb1\/12&#8243;][\/vc_column][vc_column width=\u00bb1\/3&#8243;][vc_column_text css=\u00bb\u00bb]<\/p>\n<h2>Servicios de sucesiones que ofrecemos<\/h2>\n<p>[\/vc_column_text]<div class=\"grve-empty-space grve-height-1x\" style=\"\"><\/div>[vc_column_text css=\u00bb\u00bb]En el bufete de abogados de M\u00f3nica A. Santiago, P.A., ayudamos a nuestros clientes con todos los aspectos de la administraci\u00f3n de sucesiones, incluyendo:[\/vc_column_text]<div class=\"grve-empty-space grve-height-1x\" style=\"\"><\/div>[vc_tta_accordion active_section=\u00bb\u00bb][vc_tta_section title=\u00bbAdministraci\u00f3n formal\u00bb tab_id=\u00bb1771620358536-84d0d6f1-2461&#8243;][vc_column_text css=\u00bb\u00bb]La administraci\u00f3n formal es el tipo de procedimiento sucesorio m\u00e1s com\u00fan en Florida. Generalmente se requiere cuando el valor del patrimonio supera los $75,000 o cuando el difunto lleva fallecido menos de dos a\u00f1os. <\/p>\n<p>Guiamos a los representantes personales a trav\u00e9s de cada etapa del proceso, desde la presentaci\u00f3n de la petici\u00f3n hasta la distribuci\u00f3n final.[\/vc_column_text][\/vc_tta_section][vc_tta_section title=\u00bbAdministraci\u00f3n resumida\u00bb tab_id=\u00bb1771620358548-1473d278-f59a\u00bb][vc_column_text css=\u00bb\u00bb]La administraci\u00f3n sumaria es un proceso sucesorio simplificado disponible cuando el patrimonio cumple los requisitos de la ley de Florida. Esta opci\u00f3n puede estar disponible cuando: <\/p>\n<ul>\n<li>El valor del patrimonio es de $75,000 o menos (excluyendo la propiedad exenta), o<\/li>\n<li>El difunto lleva m\u00e1s de dos a\u00f1os fallecido.<\/li>\n<\/ul>\n<p>Ayudamos a determinar si la administraci\u00f3n sumaria es apropiada y preparamos todos los documentos judiciales necesarios.[\/vc_column_text][\/vc_tta_section][vc_tta_section title=\u00bbLitigios sucesorios\u00bb tab_id=\u00bb1771620427388-8ffa54d9-c08a\u00bb][vc_column_text css=\u00bb\u00bb]Pueden surgir disputas sobre testamentos, distribuci\u00f3n de bienes o las acciones de un representante personal. Nuestro bufete representa a clientes en litigios sucesorios relacionados con: <\/p>\n<ul>\n<li>concursos de voluntades<\/li>\n<li>Disputas entre beneficiarios<\/li>\n<li>Reclamaciones por incumplimiento del deber fiduciario<\/li>\n<li>Disputas sobre la distribuci\u00f3n de activos<\/li>\n<\/ul>\n<p>Trabajamos para proteger sus derechos y buscar soluciones justas, ya sea a trav\u00e9s de la negociaci\u00f3n o el litigio.[\/vc_column_text][\/vc_tta_section][\/vc_tta_accordion][\/vc_column][vc_column width=\u00bb1\/12&#8243;][\/vc_column][vc_column width=\u00bb1\/2&#8243;]<div class=\"grve-element grve-image grve-align-center grve-full-image grve-image-space-100\" style=\"\">  <div class=\"grve-image-wrapper\"><img loading=\"lazy\" decoding=\"async\" width=\"960\" height=\"645\" src=\"https:\/\/mslaw.dragonetdesign.com\/wp-content\/uploads\/2026\/02\/Probate-Services.webp\" class=\"attachment-full size-full\" alt=\"Servicios testamentarios\" srcset=\"https:\/\/mslaw.dragonetdesign.com\/wp-content\/uploads\/2026\/02\/Probate-Services.webp 960w, https:\/\/mslaw.dragonetdesign.com\/wp-content\/uploads\/2026\/02\/Probate-Services-300x202.webp 300w, https:\/\/mslaw.dragonetdesign.com\/wp-content\/uploads\/2026\/02\/Probate-Services-768x516.webp 768w\" sizes=\"auto, (max-width: 960px) 100vw, 960px\" \/>   <\/div><\/div>[\/vc_column][\/vc_row][vc_row section_type=\u00bbfullwidth\u00bb bg_type=\u00bbcolor\u00bb padding_top_multiplier=\u00bb2x\u00bb padding_bottom_multiplier=\u00bb2x\u00bb columns_gap=\u00bbnone\u00bb equal_column_height=\u00bbmiddle-content\u00bb bg_color=\u00bb#F7F7F7&#8243;][vc_column width=\u00bb1\/2&#8243;]<div class=\"grve-element grve-image grve-align-center grve-full-image grve-image-space-100\" style=\"\">  <div class=\"grve-image-wrapper\"><img loading=\"lazy\" decoding=\"async\" width=\"960\" height=\"645\" src=\"https:\/\/mslaw.dragonetdesign.com\/wp-content\/uploads\/2026\/02\/Filing-Paperwork.webp\" class=\"attachment-full size-full\" alt=\"Presentaci\u00f3n de tr\u00e1mites\" srcset=\"https:\/\/mslaw.dragonetdesign.com\/wp-content\/uploads\/2026\/02\/Filing-Paperwork.webp 960w, https:\/\/mslaw.dragonetdesign.com\/wp-content\/uploads\/2026\/02\/Filing-Paperwork-300x202.webp 300w, https:\/\/mslaw.dragonetdesign.com\/wp-content\/uploads\/2026\/02\/Filing-Paperwork-768x516.webp 768w\" sizes=\"auto, (max-width: 960px) 100vw, 960px\" \/>   <\/div><\/div>[\/vc_column][vc_column width=\u00bb1\/12&#8243;][\/vc_column][vc_column width=\u00bb1\/3&#8243;][vc_column_text css=\u00bb\u00bb]<\/p>\n<h2>Responsabilidades de un representante personal<\/h2>\n<p>[\/vc_column_text]<div class=\"grve-empty-space grve-height-1x\" style=\"\"><\/div>[vc_column_text css=\u00bb\u00bb]Si ha sido nombrado representante personal (tambi\u00e9n llamado albacea), tiene importantes obligaciones legales. Estas responsabilidades incluyen: <\/p>\n<ul>\n<li>Presentaci\u00f3n de los documentos judiciales necesarios<\/li>\n<li>Notificaci\u00f3n a acreedores y beneficiarios<\/li>\n<li>Gestionar los activos patrimoniales de forma responsable<\/li>\n<li>Pagar deudas leg\u00edtimas<\/li>\n<li>Distribuir bienes seg\u00fan el testamento o las leyes de sucesi\u00f3n intestada de Florida<\/li>\n<\/ul>\n<p>La administraci\u00f3n inadecuada de un patrimonio puede ocasionar retrasos, disputas y posibles responsabilidades. Nuestro despacho ofrece asesoramiento legal continuo para garantizar que cumpla con sus obligaciones y evite complicaciones innecesarias.[\/vc_column_text]<div class=\"grve-empty-space grve-height-1x\" style=\"\"><\/div>[vc_column_text css=\u00bb\u00bb]<\/p>\n<h2>Sucesiones sin testamento (sucesiones intestadas)<\/h2>\n<p>[\/vc_column_text]<div class=\"grve-empty-space grve-height-1x\" style=\"\"><\/div>[vc_column_text css=\u00bb\u00bb]Cuando alguien fallece sin un testamento v\u00e1lido, las leyes de sucesi\u00f3n intestada de Florida determinan c\u00f3mo se distribuyen los activos. Estas leyes priorizan a los c\u00f3nyuges, hijos y otros parientes cercanos de acuerdo con las pautas legales.<\/p>\n<p>Ayudamos a las familias a comprender sus derechos y garantizar que los activos se distribuyan correctamente seg\u00fan la ley de Florida.[\/vc_column_text][\/vc_column][vc_column width=\u00bb1\/12&#8243;][\/vc_column][\/vc_row][vc_row padding_top_multiplier=\u00bb3x\u00bb padding_bottom_multiplier=\u00bb3x\u00bb][vc_column][vc_column_text css=\u00bb\u00bb]<\/p>\n<h3>\u00bfPor qu\u00e9 elegir las Oficinas Legales de M\u00f3nica A. Santiago, P.A.?<\/h3>\n<p>[\/vc_column_text]<div class=\"grve-empty-space grve-height-1x\" style=\"\"><\/div>[vc_column_text css=\u00bb\u00bb]La sucesi\u00f3n puede ser un proceso complejo desde el punto de vista legal y emocionalmente agotador. Nuestra firma ofrece:<\/p>\n<p>\u2714 Explicaciones claras del proceso sucesorio<br \/>\n\u2714 Atenci\u00f3n minuciosa a los detalles legales y plazos<br \/>\n\u2714 Apoyo compasivo en momentos dif\u00edciles<br \/>\n\u2714 Manejo eficiente de documentos y presentaciones judiciales<br \/>\n\u2714 Representaci\u00f3n s\u00f3lida en asuntos sucesorios controvertidos<\/p>\n<p>Estamos comprometidos a ayudar a las familias de Orlando a navegar el proceso sucesorio con confianza y claridad.[\/vc_column_text]<div class=\"grve-empty-space grve-height-1x\" style=\"\"><\/div>[vc_column_text css=\u00bb\u00bb]<\/p>\n<h4>Hable hoy con un abogado especializado en sucesiones de Orlando<\/h4>\n<p>[\/vc_column_text]<div class=\"grve-empty-space grve-height-1x\" style=\"\"><\/div>[vc_column_text css=\u00bb\u00bb]Si necesita ayuda con la administraci\u00f3n de sucesiones, asuntos de sucesiones o disputas de sucesiones en Orlando, no intente manejar el proceso solo. Una orientaci\u00f3n jur\u00eddica adecuada puede ahorrar tiempo, reducir el estr\u00e9s y prevenir errores costosos.<\/p>\n<p>Comun\u00edquese con <a href=\"https:\/\/mslaw.dragonetdesign.com\/es\/contacto\/\">las Oficinas Legales de Monica A. Santiago, P.A.<\/a> hoy para programar una consulta con un abogado con experiencia en sucesiones de Orlando y asegurarse de que el patrimonio de su ser querido se maneje de manera adecuada y respetuosa.[\/vc_column_text][\/vc_column][\/vc_row]<\/p>\n<\/div>","protected":false},"excerpt":{"rendered":"<p>[vc_row section_type=\u00bbfullwidth\u00bb padding_top_multiplier=\u00bb\u00bb padding_bottom_multiplier=\u00bb\u00bb columns_gap=\u00bbnone\u00bb][vc_column][\/vc_column][\/vc_row][vc_row padding_top_multiplier=\u00bb3x\u00bb padding_bottom_multiplier=\u00bb3x\u00bb][vc_column][vc_column_text css=\u00bb\u00bb] Abogado de Sucesiones en Orlando Asesor\u00eda confiable durante el proceso sucesorio [\/vc_column_text][vc_column_text css=\u00bb\u00bb] Perder a un ser querido nunca es f\u00e1cil. El proceso legal posterior puede resultar abrumador en un momento ya de por s\u00ed dif\u00edcil. En el Bufete Legal de M\u00f3nica A. Santiago, P.A., ofrecemos representaci\u00f3n [&hellip;]<\/p>\n","protected":false},"author":1,"featured_media":0,"parent":0,"menu_order":0,"comment_status":"closed","ping_status":"closed","template":"","meta":{"footnotes":""},"class_list":["post-432","page","type-page","status-publish","hentry"],"_links":{"self":[{"href":"https:\/\/mslaw.dragonetdesign.com\/es\/wp-json\/wp\/v2\/pages\/432","targetHints":{"allow":["GET"]}}],"collection":[{"href":"https:\/\/mslaw.dragonetdesign.com\/es\/wp-json\/wp\/v2\/pages"}],"about":[{"href":"https:\/\/mslaw.dragonetdesign.com\/es\/wp-json\/wp\/v2\/types\/page"}],"author":[{"embeddable":true,"href":"https:\/\/mslaw.dragonetdesign.com\/es\/wp-json\/wp\/v2\/users\/1"}],"replies":[{"embeddable":true,"href":"https:\/\/mslaw.dragonetdesign.com\/es\/wp-json\/wp\/v2\/comments?post=432"}],"version-history":[{"count":6,"href":"https:\/\/mslaw.dragonetdesign.com\/es\/wp-json\/wp\/v2\/pages\/432\/revisions"}],"predecessor-version":[{"id":441,"href":"https:\/\/mslaw.dragonetdesign.com\/es\/wp-json\/wp\/v2\/pages\/432\/revisions\/441"}],"wp:attachment":[{"href":"https:\/\/mslaw.dragonetdesign.com\/es\/wp-json\/wp\/v2\/media?parent=432"}],"curies":[{"name":"wp","href":"https:\/\/api.w.org\/{rel}","templated":true}]}}