{"id":42,"date":"2026-02-16T17:42:22","date_gmt":"2026-02-16T17:42:22","guid":{"rendered":"https:\/\/mslaw.dragonetdesign.com\/nosotros\/"},"modified":"2026-02-18T20:55:55","modified_gmt":"2026-02-18T20:55:55","slug":"nosotros","status":"publish","type":"page","link":"https:\/\/mslaw.dragonetdesign.com\/es\/nosotros\/","title":{"rendered":"Nosotros"},"content":{"rendered":"<div class=\"wpb-content-wrapper\"><p>[vc_row section_type=\u00bbfullwidth\u00bb padding_top_multiplier=\u00bb\u00bb padding_bottom_multiplier=\u00bb\u00bb columns_gap=\u00bbnone\u00bb][vc_column]<div class=\"grve-element grve-image grve-align-center grve-full-image grve-image-space-100\" style=\"\">  <div class=\"grve-image-wrapper\"><img loading=\"lazy\" decoding=\"async\" width=\"1920\" height=\"200\" src=\"https:\/\/mslaw.dragonetdesign.com\/wp-content\/uploads\/2026\/02\/Banner-Image.webp\" class=\"attachment-full size-full\" alt=\"Imagen del banner principal\" srcset=\"https:\/\/mslaw.dragonetdesign.com\/wp-content\/uploads\/2026\/02\/Banner-Image.webp 1920w, https:\/\/mslaw.dragonetdesign.com\/wp-content\/uploads\/2026\/02\/Banner-Image-300x31.webp 300w, https:\/\/mslaw.dragonetdesign.com\/wp-content\/uploads\/2026\/02\/Banner-Image-1024x107.webp 1024w, https:\/\/mslaw.dragonetdesign.com\/wp-content\/uploads\/2026\/02\/Banner-Image-768x80.webp 768w, https:\/\/mslaw.dragonetdesign.com\/wp-content\/uploads\/2026\/02\/Banner-Image-1536x160.webp 1536w\" sizes=\"auto, (max-width: 1920px) 100vw, 1920px\" \/>   <\/div><\/div>[\/vc_column][\/vc_row][vc_row padding_top_multiplier=\u00bb2x\u00bb][vc_column width=\u00bb1\/3&#8243;][vc_column_text css=\u00bb\u00bb]<img loading=\"lazy\" decoding=\"async\" class=\"alignleft wp-image-229 size-full\" src=\"https:\/\/mslaw.dragonetdesign.com\/wp-content\/uploads\/2026\/02\/Monica-A-Santiago.webp\" alt=\"Monica A Santiago P.A.\" width=\"600\" height=\"600\" srcset=\"https:\/\/mslaw.dragonetdesign.com\/wp-content\/uploads\/2026\/02\/Monica-A-Santiago.webp 600w, https:\/\/mslaw.dragonetdesign.com\/wp-content\/uploads\/2026\/02\/Monica-A-Santiago-300x300.webp 300w, https:\/\/mslaw.dragonetdesign.com\/wp-content\/uploads\/2026\/02\/Monica-A-Santiago-150x150.webp 150w, https:\/\/mslaw.dragonetdesign.com\/wp-content\/uploads\/2026\/02\/Monica-A-Santiago-560x560.webp 560w\" sizes=\"auto, (max-width: 600px) 100vw, 600px\" \/>[\/vc_column_text][\/vc_column][vc_column width=\u00bb2\/3&#8243;][vc_column_text css=\u00bb\u00bb]<\/p>\n<h2>Monica A Santiago P.A.<\/h2>\n<p>La Licenciada M\u00f3nica Santiago es graduada de la Escuela de Derecho de la Universidad de Northwestern, donde obtuvo su grado de Doctorado en Jurisprudencia. Complet\u00f3 su grado de Bachillerato con concentraci\u00f3n en Ciencias Pol\u00edticas en la Universidad de Purdue. Actualmente ofrece sus servicios legales en la Florida Central sirviendo los condados de Orange, Osceola y Seminole y Lake.<\/p>\n<p>Tambi\u00e9n ofrece representaci\u00f3n legal en su pa\u00eds natal, Puerto Rico. La licenciada Santiago est\u00e1 autorizada a litigar tanto en la Corte Estatal, como en la Corte Federal. Ofrece orientaci\u00f3n legal gratuita a la comunidad hispana de la Florida Central, a trav\u00e9s de sus columnas, publicadas con frecuencia en los semanarios La Prensa y Tu Nuevo Amanecer.<\/p>\n<p>Por la compasi\u00f3n y el profesionalismo con que ha representado a cientos de clientes, se ha forjado un sitial de confianza y credibilidad en el campo legal.[\/vc_column_text]<div class=\"grve-empty-space grve-height-1x\" style=\"\"><\/div>[vc_column_text]<\/p>\n<h3>\u00c1reas de Practica<\/h3>\n<ul>\n<li>CASOS DE FAMILIA: DIVORCIOS Y CUSTODIA DE MENORES<\/li>\n<li>BANCARROTA<\/li>\n<li>LEGALIZACI\u00d3N DE UN TESTAMENTO<\/li>\n<li>LITIGIOS CIVILES Y COMERCIALES<\/li>\n<li>EJECUCIONES HIPOTECARIAS<\/li>\n<li>CANCELACIONES DE PR\u00c9STAMOS ESTUDIANTILES<\/li>\n<\/ul>\n<p>[\/vc_column_text][vc_column_text css=\u00bb\u00bb]<\/p>\n<h3>Admisiones<\/h3>\n<ul>\n<li>Tribunal Supremo de Puerto Rico<\/li>\n<li>Tribunal de Distrito de Estados Unidos para el Distrito de Puerto Rico<\/li>\n<li>Tribunal de Apelaciones de Estados Unidos, Primer Circuito<\/li>\n<li>Tribunal Supremo de Florida<\/li>\n<li>Tribunal de Distrito de Estados Unidos para el Distrito Medio de Florida<\/li>\n<\/ul>\n<p>[\/vc_column_text][vc_column_text css=\u00bb\u00bb]<\/p>\n<h3>Asociaciones profesionales y membres\u00edas<\/h3>\n<ul>\n<li>Colegio de Abogados de Puerto Rico de Florida<\/li>\n<li>C\u00e1mara de Comercio Hispana (Metro Orlando)<\/li>\n<li>Asociaci\u00f3n Hispanoamericana de Mujeres Empresarias Profesionales<\/li>\n<\/ul>\n<p>[\/vc_column_text][vc_column_text css=\u00bb\u00bb]<\/p>\n<h3>Fraternidades\/Sororidades<\/h3>\n<ul>\n<li>Phi Betta Kappa<\/li>\n<li>Delta Phi Mu Sorority<\/li>\n<li>Pi Sigma Alpha<\/li>\n<\/ul>\n<p>[\/vc_column_text][vc_column_text css=\u00bb\u00bb]<\/p>\n<h3>Experiencias de trabajo<\/h3>\n<ul>\n<li>Tribunal de Distrito de Estados Unidos para Puerto Rico \u2013 Hon. Gilberto Gierbolini, Juez de Distrito Senior en San Juan Puerto Rico, Asistente Judicial.<\/li>\n<\/ul>\n<p>[\/vc_column_text][\/vc_column][\/vc_row]<\/p>\n<\/div>","protected":false},"excerpt":{"rendered":"<p>[vc_row section_type=\u00bbfullwidth\u00bb padding_top_multiplier=\u00bb\u00bb padding_bottom_multiplier=\u00bb\u00bb columns_gap=\u00bbnone\u00bb][vc_column][\/vc_column][\/vc_row][vc_row padding_top_multiplier=\u00bb2x\u00bb][vc_column width=\u00bb1\/3&#8243;][vc_column_text css=\u00bb\u00bb][\/vc_column_text][\/vc_column][vc_column width=\u00bb2\/3&#8243;][vc_column_text css=\u00bb\u00bb] Monica A Santiago P.A. La Licenciada M\u00f3nica Santiago es graduada de la Escuela de Derecho de la Universidad de Northwestern, donde obtuvo su grado de Doctorado en Jurisprudencia. Complet\u00f3 su grado de Bachillerato con concentraci\u00f3n en Ciencias Pol\u00edticas en la Universidad de Purdue. Actualmente ofrece [&hellip;]<\/p>\n","protected":false},"author":1,"featured_media":0,"parent":0,"menu_order":0,"comment_status":"closed","ping_status":"closed","template":"","meta":{"footnotes":""},"class_list":["post-42","page","type-page","status-publish","hentry"],"_links":{"self":[{"href":"https:\/\/mslaw.dragonetdesign.com\/es\/wp-json\/wp\/v2\/pages\/42","targetHints":{"allow":["GET"]}}],"collection":[{"href":"https:\/\/mslaw.dragonetdesign.com\/es\/wp-json\/wp\/v2\/pages"}],"about":[{"href":"https:\/\/mslaw.dragonetdesign.com\/es\/wp-json\/wp\/v2\/types\/page"}],"author":[{"embeddable":true,"href":"https:\/\/mslaw.dragonetdesign.com\/es\/wp-json\/wp\/v2\/users\/1"}],"replies":[{"embeddable":true,"href":"https:\/\/mslaw.dragonetdesign.com\/es\/wp-json\/wp\/v2\/comments?post=42"}],"version-history":[{"count":3,"href":"https:\/\/mslaw.dragonetdesign.com\/es\/wp-json\/wp\/v2\/pages\/42\/revisions"}],"predecessor-version":[{"id":268,"href":"https:\/\/mslaw.dragonetdesign.com\/es\/wp-json\/wp\/v2\/pages\/42\/revisions\/268"}],"wp:attachment":[{"href":"https:\/\/mslaw.dragonetdesign.com\/es\/wp-json\/wp\/v2\/media?parent=42"}],"curies":[{"name":"wp","href":"https:\/\/api.w.org\/{rel}","templated":true}]}}