{"id":410,"date":"2026-02-16T21:12:26","date_gmt":"2026-02-16T21:12:26","guid":{"rendered":"https:\/\/mslaw.dragonetdesign.com\/bancarrota\/"},"modified":"2026-02-20T20:19:39","modified_gmt":"2026-02-20T20:19:39","slug":"bancarrota","status":"publish","type":"page","link":"https:\/\/mslaw.dragonetdesign.com\/es\/bancarrota\/","title":{"rendered":"Bancarrota"},"content":{"rendered":"<div class=\"wpb-content-wrapper\"><p>[vc_row section_type=\u00bbfullwidth\u00bb padding_top_multiplier=\u00bb\u00bb padding_bottom_multiplier=\u00bb\u00bb columns_gap=\u00bbnone\u00bb][vc_column]<div class=\"grve-element grve-image grve-align-center grve-full-image grve-image-space-100\" style=\"\">  <div class=\"grve-image-wrapper\"><img loading=\"lazy\" decoding=\"async\" width=\"1920\" height=\"200\" src=\"https:\/\/mslaw.dragonetdesign.com\/wp-content\/uploads\/2026\/02\/Bankruptcy-Banner.webp\" class=\"attachment-full size-full\" alt=\"Banner de quiebra\" srcset=\"https:\/\/mslaw.dragonetdesign.com\/wp-content\/uploads\/2026\/02\/Bankruptcy-Banner.webp 1920w, https:\/\/mslaw.dragonetdesign.com\/wp-content\/uploads\/2026\/02\/Bankruptcy-Banner-300x31.webp 300w, https:\/\/mslaw.dragonetdesign.com\/wp-content\/uploads\/2026\/02\/Bankruptcy-Banner-1024x107.webp 1024w, https:\/\/mslaw.dragonetdesign.com\/wp-content\/uploads\/2026\/02\/Bankruptcy-Banner-768x80.webp 768w, https:\/\/mslaw.dragonetdesign.com\/wp-content\/uploads\/2026\/02\/Bankruptcy-Banner-1536x160.webp 1536w\" sizes=\"auto, (max-width: 1920px) 100vw, 1920px\" \/>   <\/div><\/div>[\/vc_column][\/vc_row][vc_row padding_top_multiplier=\u00bb3x\u00bb padding_bottom_multiplier=\u00bb3x\u00bb][vc_column][vc_column_text css=\u00bb\u00bb]<\/p>\n<h1 style=\"text-align: center\">Abogado de bancarrotas en Orlando<br \/>Obtenga alivio de deudas y un nuevo comienzo<\/h1>\n<p>[\/vc_column_text]<div class=\"grve-empty-space grve-height-1x\" style=\"\"><\/div>[vc_column_text css=\u00bb\u00bb]<\/p>\n<p style=\"text-align: center\">Si est\u00e1 abrumado por las deudas, enfrenta una ejecuci\u00f3n hipotecaria, lidia con un embargo de salario o recibe constantes llamadas de acreedores, no est\u00e1 solo. En el Bufete Legal de M\u00f3nica A. Santiago, P.A., ayudamos a personas y familias de todo Orlando a recuperar el control de su futuro financiero mediante soluciones estrat\u00e9gicas de bancarrota. <\/p>\n<p style=\"text-align: center\">Las dificultades financieras pueden afectar a cualquiera: p\u00e9rdida de empleo, divorcio, facturas m\u00e9dicas, reveses comerciales o emergencias inesperadas. La bancarrota no es un fracaso. Es una herramienta legal dise\u00f1ada bajo el C\u00f3digo de Bancarrota de los Estados Unidos para brindar alivio y un nuevo comienzo a las personas honestas.  <\/p>\n<p style=\"text-align: center\">Ofrecemos consultas gratuitas para revisar su situaci\u00f3n financiera y determinar el mejor camino a seguir.<\/p>\n<p>[\/vc_column_text][\/vc_column][\/vc_row][vc_row section_type=\u00bbfullwidth\u00bb bg_type=\u00bbcolor\u00bb padding_top_multiplier=\u00bb2x\u00bb padding_bottom_multiplier=\u00bb2x\u00bb columns_gap=\u00bbnone\u00bb equal_column_height=\u00bbmiddle-content\u00bb bg_color=\u00bb#F7F7F7&#8243;][vc_column width=\u00bb1\/2&#8243;]<div class=\"grve-element grve-image grve-align-center grve-full-image grve-image-space-100\" style=\"\">  <div class=\"grve-image-wrapper\"><img loading=\"lazy\" decoding=\"async\" width=\"960\" height=\"645\" src=\"https:\/\/mslaw.dragonetdesign.com\/wp-content\/uploads\/2026\/02\/Bankruptcy-1.webp\" class=\"attachment-full size-full\" alt=\"BANCARROTA\" srcset=\"https:\/\/mslaw.dragonetdesign.com\/wp-content\/uploads\/2026\/02\/Bankruptcy-1.webp 960w, https:\/\/mslaw.dragonetdesign.com\/wp-content\/uploads\/2026\/02\/Bankruptcy-1-300x202.webp 300w, https:\/\/mslaw.dragonetdesign.com\/wp-content\/uploads\/2026\/02\/Bankruptcy-1-768x516.webp 768w\" sizes=\"auto, (max-width: 960px) 100vw, 960px\" \/>   <\/div><\/div>[\/vc_column][vc_column width=\u00bb1\/12&#8243;][\/vc_column][vc_column width=\u00bb1\/3&#8243;][vc_column_text css=\u00bb\u00bb]<\/p>\n<h2>C\u00f3mo la bancarrota puede ayudarle<\/h2>\n<p>[\/vc_column_text]<div class=\"grve-empty-space grve-height-1x\" style=\"\"><\/div>[vc_column_text css=\u00bb\u00bb]Declararse en quiebra puede permitirle:<\/p>\n<p>\u2714 Detenga el acoso de los acreedores de inmediato<br \/>\u2714 Detenga los procedimientos de ejecuci\u00f3n hipotecaria<br \/>\u2714 Detenga el embargo de salario<br \/>\u2714 Evite la recuperaci\u00f3n de veh\u00edculos<br \/>\u2714 Elimine las deudas sin garant\u00eda<br \/>\u2714 Consolide sus deudas en pagos manejables<br \/>\u2714 Proteja su hogar, veh\u00edculo y bienes personales<br \/>\u2714 Recupere la tranquilidad<\/p>\n<p>Al momento de declararse en bancarrota, entra en vigor una suspensi\u00f3n autom\u00e1tica. Esta orden judicial detiene las gestiones de cobro, las demandas, los embargos y las recuperaciones.[\/vc_column_text][\/vc_column][vc_column width=\u00bb1\/12&#8243;][\/vc_column][\/vc_row][vc_row section_type=\u00bbfullwidth\u00bb padding_top_multiplier=\u00bb2x\u00bb padding_bottom_multiplier=\u00bb2x\u00bb columns_gap=\u00bbnone\u00bb equal_column_height=\u00bbmiddle-content\u00bb][vc_column width=\u00bb1\/12&#8243;][\/vc_column][vc_column width=\u00bb1\/3&#8243;][vc_column_text css=\u00bb\u00bb]<\/p>\n<h2>Cap\u00edtulo 7 de bancarrota: un nuevo comienzo<\/h2>\n<p>[\/vc_column_text]<div class=\"grve-empty-space grve-height-1x\" style=\"\"><\/div>[vc_column_text css=\u00bb\u00bb]El Cap\u00edtulo 7 de bancarrota est\u00e1 dise\u00f1ado para eliminar deudas no garantizadas como:<\/p>\n<ul>\n<li>Deuda de tarjeta de cr\u00e9dito<\/li>\n<li>Facturas m\u00e9dicas<\/li>\n<li>Pr\u00e9stamos personales<\/li>\n<li>Ciertos juicios<\/li>\n<\/ul>\n<p>En muchos casos, los clientes pueden conservar su vivienda, auto y bienes personales gracias a las exenciones de Florida. El Cap\u00edtulo 7 suele ser ideal para quienes califican seg\u00fan sus ingresos y necesitan una situaci\u00f3n financiera limpia. <\/p>\n<p>Si est\u00e1 buscando un abogado de bancarrota del Cap\u00edtulo 7 en Orlando, podemos determinar si esta opci\u00f3n es adecuada para usted.[\/vc_column_text][\/vc_column][vc_column width=\u00bb1\/12&#8243;][\/vc_column][vc_column width=\u00bb1\/2&#8243;]<div class=\"grve-element grve-image grve-align-center grve-full-image grve-image-space-100\" style=\"\">  <div class=\"grve-image-wrapper\"><img loading=\"lazy\" decoding=\"async\" width=\"960\" height=\"645\" src=\"https:\/\/mslaw.dragonetdesign.com\/wp-content\/uploads\/2026\/02\/Fresh-Start.webp\" class=\"attachment-full size-full\" alt=\"Nuevo comienzo\" srcset=\"https:\/\/mslaw.dragonetdesign.com\/wp-content\/uploads\/2026\/02\/Fresh-Start.webp 960w, https:\/\/mslaw.dragonetdesign.com\/wp-content\/uploads\/2026\/02\/Fresh-Start-300x202.webp 300w, https:\/\/mslaw.dragonetdesign.com\/wp-content\/uploads\/2026\/02\/Fresh-Start-768x516.webp 768w\" sizes=\"auto, (max-width: 960px) 100vw, 960px\" \/>   <\/div><\/div>[\/vc_column][\/vc_row][vc_row section_type=\u00bbfullwidth\u00bb bg_type=\u00bbcolor\u00bb padding_top_multiplier=\u00bb2x\u00bb padding_bottom_multiplier=\u00bb2x\u00bb columns_gap=\u00bbnone\u00bb equal_column_height=\u00bbmiddle-content\u00bb bg_color=\u00bb#F7F7F7&#8243;][vc_column width=\u00bb1\/2&#8243;]<div class=\"grve-element grve-image grve-align-center grve-full-image grve-image-space-100\" style=\"\">  <div class=\"grve-image-wrapper\"><img loading=\"lazy\" decoding=\"async\" width=\"960\" height=\"645\" src=\"https:\/\/mslaw.dragonetdesign.com\/wp-content\/uploads\/2026\/02\/Chapter-13-Bankruptcy.webp\" class=\"attachment-full size-full\" alt=\"Cap\u00edtulo 13 de bancarrota\" srcset=\"https:\/\/mslaw.dragonetdesign.com\/wp-content\/uploads\/2026\/02\/Chapter-13-Bankruptcy.webp 960w, https:\/\/mslaw.dragonetdesign.com\/wp-content\/uploads\/2026\/02\/Chapter-13-Bankruptcy-300x202.webp 300w, https:\/\/mslaw.dragonetdesign.com\/wp-content\/uploads\/2026\/02\/Chapter-13-Bankruptcy-768x516.webp 768w\" sizes=\"auto, (max-width: 960px) 100vw, 960px\" \/>   <\/div><\/div>[\/vc_column][vc_column width=\u00bb1\/12&#8243;][\/vc_column][vc_column width=\u00bb1\/3&#8243;][vc_column_text css=\u00bb\u00bb]<\/p>\n<h2>Cap\u00edtulo 13 de bancarrota: reorganizaci\u00f3n de deudas<\/h2>\n<p>[\/vc_column_text]<div class=\"grve-empty-space grve-height-1x\" style=\"\"><\/div>[vc_column_text css=\u00bb\u00bb]El Cap\u00edtulo 13 de bancarrota permite a las personas reorganizar sus deudas en un plan de pago manejable, que suele durar de tres a cinco a\u00f1os. Se utiliza a menudo para: <\/p>\n<ul>\n<li>Detener la ejecuci\u00f3n hipotecaria y ponerse al d\u00eda con los pagos de la hipoteca<\/li>\n<li>Reducir las tasas de inter\u00e9s de los pr\u00e9stamos para autom\u00f3viles<\/li>\n<li>Eliminar segundas hipotecas en determinadas situaciones<\/li>\n<li>Consolidar deudas en un solo pago estructurado<\/li>\n<li>Proteja los activos que podr\u00edan no calificar bajo el Cap\u00edtulo 7<\/li>\n<\/ul>\n<p>El Cap\u00edtulo 13 puede ser una soluci\u00f3n poderosa para los propietarios que desean conservar su propiedad mientras recuperan la estabilidad financiera.[\/vc_column_text][\/vc_column][vc_column width=\u00bb1\/12&#8243;][\/vc_column][\/vc_row][vc_row padding_top_multiplier=\u00bb3x\u00bb padding_bottom_multiplier=\u00bb3x\u00bb][vc_column width=\u00bb1\/2&#8243;][vc_column_text css=\u00bb\u00bb]<\/p>\n<h3>Estrategia de bancarrota personalizada<\/h3>\n<p>[\/vc_column_text]<div class=\"grve-empty-space grve-height-1x\" style=\"\"><\/div>[vc_column_text css=\u00bb\u00bb]En el Bufete de Abogados de M\u00f3nica A. Santiago, P.A., hacemos m\u00e1s que simplemente presentar documentos. Nosotros: <\/p>\n<ul>\n<li>T\u00f3mate tiempo para comprender tu realidad financiera<\/li>\n<li>Evaluar si la quiebra es realmente la mejor opci\u00f3n<\/li>\n<li>Discuta alternativas si est\u00e1n disponibles<\/li>\n<li>Desarrolla una estrategia alineada con tus objetivos a largo plazo<\/li>\n<\/ul>\n<p>La bancarrota no siempre es la soluci\u00f3n. Si existen otras opciones de alivio de deudas, se las explicaremos con claridad para que pueda tomar una decisi\u00f3n informada.[\/vc_column_text]<div class=\"grve-empty-space grve-height-1x\" style=\"\"><\/div>[vc_column_text css=\u00bb\u00bb]<\/p>\n<h4>Programe una consulta con un abogado de bancarrotas de Orlando<\/h4>\n<p>[\/vc_column_text]<div class=\"grve-empty-space grve-height-1x\" style=\"\"><\/div>[vc_column_text css=\u00bb\u00bb]Si tiene problemas con deudas, ejecuci\u00f3n hipotecaria, embargo o acoso de acreedores en Orlando, no espere a que la situaci\u00f3n empeore. Cuanto antes busque asesoramiento legal, m\u00e1s opciones tendr\u00e1. <\/p>\n<p>Comun\u00edquese con <a href=\"https:\/\/mslaw.dragonetdesign.com\/es\/contacto\/\">las Oficinas Legales de M\u00f3nica A. Santiago, P.A.<\/a> hoy para programar su consulta de bancarrota gratuita y dar el primer paso hacia la libertad financiera.<\/p>\n<p>Empezar de nuevo. Reconstruir. Descansar.[\/vc_column_text][\/vc_column][vc_column width=\u00bb1\/2&#8243;][vc_column_text css=\u00bb\u00bb]<\/p>\n<h4>Preguntas frecuentes<\/h4>\n<p>[\/vc_column_text]<div class=\"grve-empty-space grve-height-1x\" style=\"\"><\/div>[vc_tta_accordion active_section=\u00bb0&#8243; heading=\u00bbleader-text\u00bb collapsible_all=\u00bbtrue\u00bb][vc_tta_section title=\u00bb\u00bfQu\u00e9 cap\u00edtulo de bancarrota es adecuado para m\u00ed?\u00bb tab_id=\u00bb1771612826989-fb68054b-cdad\u00bb][vc_column_text css=\u00bb\u00bb]Elegir entre el Cap\u00edtulo 7 y el Cap\u00edtulo 13 depende de sus ingresos, activos, deudas y objetivos a largo plazo. Revisamos cuidadosamente su informaci\u00f3n financiera y le recomendamos el cap\u00edtulo que mejor se adapte a sus necesidades.[\/vc_column_text][\/vc_tta_section][vc_tta_section title=\u00bb\u00bfCu\u00e1nto cuesta declararse en quiebra?\u00bb tab_id=\u00bb1771612827000-475aaf10-7e51&#8243;][vc_column_text css=\u00bb\u00bb]Ofrecemos consultas gratuitas y planes de pago flexibles. En algunos casos, no se requiere el pago total por adelantado.[\/vc_column_text][\/vc_tta_section][vc_tta_section title=\u00bb\u00bfMi c\u00f3nyuge tiene que presentar la declaraci\u00f3n conmigo?\u00bb tab_id=\u00bb1771612881506-926e323d-b1d9&#8243;][vc_column_text css=\u00bb\u00bb]No necesariamente. Dependiendo de su situaci\u00f3n financiera, pueden presentar la declaraci\u00f3n individual o conjunta. Les ayudaremos a determinar la mejor estrategia.[\/vc_column_text][\/vc_tta_section][vc_tta_section title=\u00bb\u00bfLa presentaci\u00f3n de una solicitud detendr\u00e1 las llamadas de los acreedores?\u00bb tab_id=\u00bb1771612901507-207af14c-b925&#8243;][vc_column_text css=\u00bb\u00bb]S\u00ed. Una vez presentada su quiebra, los acreedores deben dejar de comunicarse con usted y comunicarse directamente con nuestra oficina.[\/vc_column_text][\/vc_tta_section][vc_tta_section title=\u00bb\u00bfLa bancarrota detendr\u00e1 el embargo de salario?\u00bb tab_id=\u00bb1771612917744-054b8aab-a1df\u00bb][vc_column_text css=\u00bb\u00bb]S\u00ed. La presentaci\u00f3n inmediata detiene la mayor\u00eda de los embargos de salario.[\/vc_column_text][\/vc_tta_section][vc_tta_section title=\u00bb\u00bfLa bancarrota detiene la ejecuci\u00f3n hipotecaria?\u00bb tab_id=\u00bb1771612974883-783ac55d-ef1e\u00bb][vc_column_text css=\u00bb\u00bb]S\u00ed. La suspensi\u00f3n autom\u00e1tica detiene los procedimientos de ejecuci\u00f3n hipotecaria y puede darle tiempo para ponerse al d\u00eda con los pagos a trav\u00e9s del Cap\u00edtulo 13.[\/vc_column_text][\/vc_tta_section][vc_tta_section title=\u00bb\u00bfPuedo conservar mi casa y mi veh\u00edculo?\u00bb tab_id=\u00bb1771612988568-37e17556-c6c2&#8243;][vc_column_text css=\u00bb\u00bb]En la mayor\u00eda de los casos, s\u00ed. Las exenciones de bancarrota de Florida a menudo permiten a las personas conservar su residencia principal, su veh\u00edculo y sus pertenencias personales.[\/vc_column_text][\/vc_tta_section][vc_tta_section title=\u00bb\u00bfLa bancarrota arruinar\u00e1 mi cr\u00e9dito por 10 a\u00f1os?\u00bb tab_id=\u00bb1771613217611-78af6564-45cb\u00bb][vc_column_text css=\u00bb\u00bb]La bancarrota puede permanecer en su informe crediticio de 7 a 10 a\u00f1os. Sin embargo, muchos clientes comienzan a reconstruir su cr\u00e9dito de inmediato y pueden calificar para pr\u00e9stamos en un plazo de 12 a 24 meses si mantienen h\u00e1bitos financieros responsables.[\/vc_column_text][\/vc_tta_section][vc_tta_section title=\u00bb\u00bfTodos sabr\u00e1n que present\u00e9 mi solicitud?\u00bb tab_id=\u00bb1771613231995-b5934663-fbca\u00bb][vc_column_text css=\u00bb\u00bb]La quiebra es de dominio p\u00fablico, pero no se publica. La mayor\u00eda de la gente no lo sabr\u00e1 a menos que usted se lo diga.[\/vc_column_text][\/vc_tta_section][vc_tta_section title=\u00bb\u00bfPuedo elegir qu\u00e9 deudas incluir?\u00bb tab_id=\u00bb1771613251868-2a512345-5de5&#8243;][vc_column_text css=\u00bb\u00bb]No. Todas las deudas y activos deben ser revelados en su petici\u00f3n de quiebra.[\/vc_column_text][\/vc_tta_section][vc_tta_section title=\u00bb\u00bfCon qu\u00e9 frecuencia puedo presentar mi declaraci\u00f3n?\u00bb tab_id=\u00bb1771613269696-c31294d7-b5a5&#8243;][vc_column_text css=\u00bb\u00bb]Puede presentar su solicitud varias veces, pero hay per\u00edodos de espera entre las recepciones de las descargas (por ejemplo, el Cap\u00edtulo 7 generalmente es una vez cada ocho a\u00f1os).[\/vc_column_text][\/vc_tta_section][vc_tta_section title=\u00bb\u00bfLa quiebra es s\u00f3lo para los \u201cfracasados\u201d?\u00bb tab_id=\u00bb1771613287256-ac3ac7a9-3bfc\u00bb][vc_column_text css=\u00bb\u00bb]En absoluto. La bancarrota es una herramienta legal dise\u00f1ada para ayudar a las personas responsables a recuperarse de circunstancias dif\u00edciles como emergencias m\u00e9dicas, divorcio o p\u00e9rdida del empleo.[\/vc_column_text][\/vc_tta_section][\/vc_tta_accordion][\/vc_column][\/vc_row]<\/p>\n<\/div>","protected":false},"excerpt":{"rendered":"<p>[vc_row section_type=\u00bbfullwidth\u00bb padding_top_multiplier=\u00bb\u00bb padding_bottom_multiplier=\u00bb\u00bb columns_gap=\u00bbnone\u00bb][vc_column][\/vc_column][\/vc_row][vc_row padding_top_multiplier=\u00bb3x\u00bb padding_bottom_multiplier=\u00bb3x\u00bb][vc_column][vc_column_text css=\u00bb\u00bb] Abogado de bancarrotas en OrlandoObtenga alivio de deudas y un nuevo comienzo [\/vc_column_text][vc_column_text css=\u00bb\u00bb] Si est\u00e1 abrumado por las deudas, enfrenta una ejecuci\u00f3n hipotecaria, lidia con un embargo de salario o recibe constantes llamadas de acreedores, no est\u00e1 solo. En el Bufete Legal de M\u00f3nica A. Santiago, [&hellip;]<\/p>\n","protected":false},"author":1,"featured_media":0,"parent":0,"menu_order":0,"comment_status":"closed","ping_status":"closed","template":"","meta":{"footnotes":""},"class_list":["post-410","page","type-page","status-publish","hentry"],"_links":{"self":[{"href":"https:\/\/mslaw.dragonetdesign.com\/es\/wp-json\/wp\/v2\/pages\/410","targetHints":{"allow":["GET"]}}],"collection":[{"href":"https:\/\/mslaw.dragonetdesign.com\/es\/wp-json\/wp\/v2\/pages"}],"about":[{"href":"https:\/\/mslaw.dragonetdesign.com\/es\/wp-json\/wp\/v2\/types\/page"}],"author":[{"embeddable":true,"href":"https:\/\/mslaw.dragonetdesign.com\/es\/wp-json\/wp\/v2\/users\/1"}],"replies":[{"embeddable":true,"href":"https:\/\/mslaw.dragonetdesign.com\/es\/wp-json\/wp\/v2\/comments?post=410"}],"version-history":[{"count":6,"href":"https:\/\/mslaw.dragonetdesign.com\/es\/wp-json\/wp\/v2\/pages\/410\/revisions"}],"predecessor-version":[{"id":419,"href":"https:\/\/mslaw.dragonetdesign.com\/es\/wp-json\/wp\/v2\/pages\/410\/revisions\/419"}],"wp:attachment":[{"href":"https:\/\/mslaw.dragonetdesign.com\/es\/wp-json\/wp\/v2\/media?parent=410"}],"curies":[{"name":"wp","href":"https:\/\/api.w.org\/{rel}","templated":true}]}}