{"id":367,"date":"2026-02-16T21:12:11","date_gmt":"2026-02-16T21:12:11","guid":{"rendered":"https:\/\/mslaw.dragonetdesign.com\/derecho-de-familia\/"},"modified":"2026-02-20T17:26:49","modified_gmt":"2026-02-20T17:26:49","slug":"derecho-de-familia","status":"publish","type":"page","link":"https:\/\/mslaw.dragonetdesign.com\/es\/derecho-de-familia\/","title":{"rendered":"Derecho de Familia"},"content":{"rendered":"<div class=\"wpb-content-wrapper\"><p>[vc_row section_type=\u00bbfullwidth\u00bb padding_top_multiplier=\u00bb\u00bb padding_bottom_multiplier=\u00bb\u00bb columns_gap=\u00bbnone\u00bb][vc_column]<div class=\"grve-element grve-image grve-align-center grve-full-image grve-image-space-100\" style=\"\">  <div class=\"grve-image-wrapper\"><img loading=\"lazy\" decoding=\"async\" width=\"1920\" height=\"200\" src=\"https:\/\/mslaw.dragonetdesign.com\/wp-content\/uploads\/2026\/02\/Family-Law-Banner-1.webp\" class=\"attachment-full size-full\" alt=\"Banner de derecho familiar\" srcset=\"https:\/\/mslaw.dragonetdesign.com\/wp-content\/uploads\/2026\/02\/Family-Law-Banner-1.webp 1920w, https:\/\/mslaw.dragonetdesign.com\/wp-content\/uploads\/2026\/02\/Family-Law-Banner-1-300x31.webp 300w, https:\/\/mslaw.dragonetdesign.com\/wp-content\/uploads\/2026\/02\/Family-Law-Banner-1-1024x107.webp 1024w, https:\/\/mslaw.dragonetdesign.com\/wp-content\/uploads\/2026\/02\/Family-Law-Banner-1-768x80.webp 768w, https:\/\/mslaw.dragonetdesign.com\/wp-content\/uploads\/2026\/02\/Family-Law-Banner-1-1536x160.webp 1536w\" sizes=\"auto, (max-width: 1920px) 100vw, 1920px\" \/>   <\/div><\/div>[\/vc_column][\/vc_row][vc_row padding_top_multiplier=\u00bb3x\u00bb padding_bottom_multiplier=\u00bb3x\u00bb][vc_column][vc_column_text css=\u00bb\u00bb]<\/p>\n<h1 style=\"text-align: center;\">Abogado de derecho familiar de Orlando<\/h1>\n<p>[\/vc_column_text]<div class=\"grve-empty-space grve-height-1x\" style=\"\"><\/div>[vc_column_text css=\u00bb\u00bb]<\/p>\n<p style=\"text-align: center;\">Si enfrenta un divorcio, una disputa por la custodia de sus hijos o un problema de manutenci\u00f3n infantil en Orlando, necesita un abogado de familia con experiencia que comprenda tanto el sistema legal como los desaf\u00edos emocionales que conlleva. En el Bufete Legal de M\u00f3nica A. Santiago, P.A., ofrecemos representaci\u00f3n legal compasiva y estrat\u00e9gica a personas y familias en Orlando y sus alrededores. <\/p>\n<p style=\"text-align: center;\">Los asuntos de derecho familiar pueden afectar sus finanzas, sus derechos parentales y su futuro. Nuestro bufete se compromete a proteger sus intereses, gui\u00e1ndolo en cada etapa del proceso legal con profesionalismo, respeto y confidencialidad. <\/p>\n<p>[\/vc_column_text][\/vc_column][\/vc_row][vc_row section_type=\u00bbfullwidth\u00bb bg_type=\u00bbcolor\u00bb padding_top_multiplier=\u00bb2x\u00bb padding_bottom_multiplier=\u00bb2x\u00bb columns_gap=\u00bbnone\u00bb equal_column_height=\u00bbmiddle-content\u00bb bg_color=\u00bb#F7F7F7&#8243;][vc_column width=\u00bb1\/2&#8243;]<div class=\"grve-element grve-image grve-align-center grve-full-image grve-image-space-100\" style=\"\">  <div class=\"grve-image-wrapper\"><img loading=\"lazy\" decoding=\"async\" width=\"960\" height=\"645\" src=\"https:\/\/mslaw.dragonetdesign.com\/wp-content\/uploads\/2026\/02\/Family-Law-1-1.webp\" class=\"attachment-full size-full\" alt=\"Divorce\" srcset=\"https:\/\/mslaw.dragonetdesign.com\/wp-content\/uploads\/2026\/02\/Family-Law-1-1.webp 960w, https:\/\/mslaw.dragonetdesign.com\/wp-content\/uploads\/2026\/02\/Family-Law-1-1-300x202.webp 300w, https:\/\/mslaw.dragonetdesign.com\/wp-content\/uploads\/2026\/02\/Family-Law-1-1-768x516.webp 768w\" sizes=\"auto, (max-width: 960px) 100vw, 960px\" \/>   <\/div><\/div>[\/vc_column][vc_column width=\u00bb1\/12&#8243;][\/vc_column][vc_column width=\u00bb1\/3&#8243;][vc_column_text css=\u00bb\u00bb]<\/p>\n<h2>Abogado de divorcio en Orlando<\/h2>\n<p>[\/vc_column_text]<div class=\"grve-empty-space grve-height-1x\" style=\"\"><\/div>[vc_column_text css=\u00bb\u00bb]Terminar un matrimonio es una de las transiciones m\u00e1s dif\u00edciles de la vida. Ya sea que su divorcio sea amistoso o contencioso, es esencial contar con un abogado experto en divorcios en Orlando. <\/p>\n<p>Nosotras manejamos:<\/p>\n<ul>\n<li>Divorcio no disputado (consentimiento mutuo)<\/li>\n<li>Divorcio contencioso<\/li>\n<li>Divisi\u00f3n de bienes y deudas conyugales<\/li>\n<li>Pensi\u00f3n alimenticia (manutenci\u00f3n del c\u00f3nyuge)<\/li>\n<li>Modificaciones posteriores al divorcio<\/li>\n<li>Ejecuci\u00f3n de \u00f3rdenes judiciales<\/li>\n<\/ul>\n<p>La ley de divorcio de Florida exige una evaluaci\u00f3n cuidadosa de los activos, pasivos y responsabilidades parentales. Nuestro bufete trabaja para resolver los casos de manera eficiente siempre que sea posible, pero estamos totalmente preparados para defender con firmeza sus derechos ante los tribunales cuando sea necesario. <\/p>\n<p>Si est\u00e1 buscando un abogado de divorcio confiable en Orlando, estamos listos para ayudarlo a avanzar con confianza.[\/vc_column_text][\/vc_column][vc_column width=\u00bb1\/12&#8243;][\/vc_column][\/vc_row][vc_row section_type=\u00bbfullwidth\u00bb padding_top_multiplier=\u00bb2x\u00bb padding_bottom_multiplier=\u00bb2x\u00bb columns_gap=\u00bbnone\u00bb equal_column_height=\u00bbmiddle-content\u00bb][vc_column width=\u00bb1\/12&#8243;][\/vc_column][vc_column width=\u00bb1\/3&#8243;][vc_column_text css=\u00bb\u00bb]<\/p>\n<h2>Abogado de custodia de menores y tiempo compartido en Orlando<\/h2>\n<p>[\/vc_column_text]<div class=\"grve-empty-space grve-height-1x\" style=\"\"><\/div>[vc_column_text css=\u00bb\u00bb]Cuando hay ni\u00f1os de por medio, hay mucho m\u00e1s en juego. Los tribunales de Florida se centran en el inter\u00e9s superior del ni\u00f1o al determinar la responsabilidad parental y los acuerdos de tiempo compartido. <\/p>\n<p>Nuestra firma ayuda a las familias de Orlando con:<\/p>\n<ul>\n<li>Creaci\u00f3n y modificaci\u00f3n de planes de crianza<\/li>\n<li>Establecer horarios justos de tiempo compartido<\/li>\n<li>Responsabilidad parental \u00fanica o compartida<\/li>\n<li><span style=\"font-family: inherit; font-size: inherit; font-style: inherit; font-variant-ligatures: inherit; font-variant-caps: inherit; font-weight: inherit;\">Acciones de ejecuci\u00f3n de la custodia<\/span><\/li>\n<li>Casos de reubicaci\u00f3n parental<\/li>\n<\/ul>\n<p>Entendemos la importancia de mantener una relaci\u00f3n s\u00f3lida entre padres e hijos. Nuestro objetivo es garantizar una custodia estable que proteja el bienestar de sus hijos y proteja sus derechos parentales.[\/vc_column_text][\/vc_column][vc_column width=\u00bb1\/12&#8243;][\/vc_column][vc_column width=\u00bb1\/2&#8243;]<div class=\"grve-element grve-image grve-align-center grve-full-image grve-image-space-100\" style=\"\">  <div class=\"grve-image-wrapper\"><img loading=\"lazy\" decoding=\"async\" width=\"960\" height=\"645\" src=\"https:\/\/mslaw.dragonetdesign.com\/wp-content\/uploads\/2026\/02\/Child-Custody-1.webp\" class=\"attachment-full size-full\" alt=\"Child Custody\" srcset=\"https:\/\/mslaw.dragonetdesign.com\/wp-content\/uploads\/2026\/02\/Child-Custody-1.webp 960w, https:\/\/mslaw.dragonetdesign.com\/wp-content\/uploads\/2026\/02\/Child-Custody-1-300x202.webp 300w, https:\/\/mslaw.dragonetdesign.com\/wp-content\/uploads\/2026\/02\/Child-Custody-1-768x516.webp 768w\" sizes=\"auto, (max-width: 960px) 100vw, 960px\" \/>   <\/div><\/div>[\/vc_column][\/vc_row][vc_row section_type=\u00bbfullwidth\u00bb bg_type=\u00bbcolor\u00bb padding_top_multiplier=\u00bb2x\u00bb padding_bottom_multiplier=\u00bb2x\u00bb columns_gap=\u00bbnone\u00bb equal_column_height=\u00bbmiddle-content\u00bb bg_color=\u00bb#F7F7F7&#8243;][vc_column width=\u00bb1\/2&#8243;]<div class=\"grve-element grve-image grve-align-center grve-full-image grve-image-space-100\" style=\"\">  <div class=\"grve-image-wrapper\"><img loading=\"lazy\" decoding=\"async\" width=\"960\" height=\"645\" src=\"https:\/\/mslaw.dragonetdesign.com\/wp-content\/uploads\/2026\/02\/Child-Support-1-1.webp\" class=\"attachment-full size-full\" alt=\"Child Support\" srcset=\"https:\/\/mslaw.dragonetdesign.com\/wp-content\/uploads\/2026\/02\/Child-Support-1-1.webp 960w, https:\/\/mslaw.dragonetdesign.com\/wp-content\/uploads\/2026\/02\/Child-Support-1-1-300x202.webp 300w, https:\/\/mslaw.dragonetdesign.com\/wp-content\/uploads\/2026\/02\/Child-Support-1-1-768x516.webp 768w\" sizes=\"auto, (max-width: 960px) 100vw, 960px\" \/>   <\/div><\/div>[\/vc_column][vc_column width=\u00bb1\/12&#8243;][\/vc_column][vc_column width=\u00bb1\/3&#8243;][vc_column_text css=\u00bb\u00bb]<\/p>\n<h2>Abogado de manutenci\u00f3n infantil en Orlando<\/h2>\n<p>[\/vc_column_text]<div class=\"grve-empty-space grve-height-1x\" style=\"\"><\/div>[vc_column_text css=\u00bb\u00bb]La manutenci\u00f3n infantil garantiza que los ni\u00f1os reciban el apoyo financiero que necesitan. Ya sea que busque manutenci\u00f3n o impugne un c\u00e1lculo injusto, ofrecemos representaci\u00f3n legal con amplia experiencia para: <\/p>\n<ul>\n<li>Establecimiento de \u00f3rdenes de manutenci\u00f3n infantil<\/li>\n<li>Modificaci\u00f3n de la manutenci\u00f3n infantil existente<\/li>\n<li>Ejecuci\u00f3n de pagos morosos<\/li>\n<li>Problemas de retenci\u00f3n de ingresos<\/li>\n<\/ul>\n<p>La manutenci\u00f3n infantil en Florida se calcula seg\u00fan las normas legales, pero factores como los ingresos, los gastos m\u00e9dicos y el tiempo compartido pueden influir significativamente en el monto final. Trabajamos con diligencia para garantizar que la manutenci\u00f3n se calcule de forma justa y precisa.[\/vc_column_text][\/vc_column][vc_column width=\u00bb1\/12&#8243;][\/vc_column][\/vc_row][vc_row padding_top_multiplier=\u00bb3x\u00bb padding_bottom_multiplier=\u00bb3x\u00bb][vc_column][vc_column_text css=\u00bb\u00bb]<\/p>\n<h3>\u00bfPor qu\u00e9 elegir las Oficinas Legales de M\u00f3nica A. Santiago, P.A.?<\/h3>\n<p>[\/vc_column_text]<div class=\"grve-empty-space grve-height-1x\" style=\"\"><\/div>[vc_column_text css=\u00bb\u00bb]Elegir al abogado de derecho familiar adecuado en Orlando puede marcar una diferencia significativa en su caso. Nuestra firma ofrece: <\/p>\n<p>\u2714 Estrategias legales personalizadas y adaptadas a su situaci\u00f3n<br \/>\u2714 Comunicaci\u00f3n clara y consistente<br \/>\u2714 Representaci\u00f3n compasiva en momentos dif\u00edciles<br \/>\u2714 Defensa s\u00f3lida en los tribunales cuando sea necesario<\/p>\n<p>Nos dedicamos a ayudar a las familias de todo Orlando a resolver disputas legales con dignidad y confianza.[\/vc_column_text]<div class=\"grve-empty-space grve-height-1x\" style=\"\"><\/div>[vc_column_text css=\u00bb\u00bb]<\/p>\n<h4>Programe una consulta con un abogado de derecho familiar de Orlando<\/h4>\n<p>[\/vc_column_text]<div class=\"grve-empty-space grve-height-1x\" style=\"\"><\/div>[vc_column_text css=\u00bb\u00bb]Si necesita un abogado de familia de confianza en Orlando para asuntos de divorcio, custodia o manutenci\u00f3n de menores, comun\u00edquese hoy mismo con el <a href=\"https:\/\/mslaw.dragonetdesign.com\/contacto\/?lang=es\">Bufete Legal de M\u00f3nica A. Santiago, P.A. <\/a>para programar una consulta confidencial. Perm\u00edtanos ayudarle a proteger sus derechos, su familia y su futuro.[\/vc_column_text][\/vc_column][\/vc_row]<\/p>\n<\/div>","protected":false},"excerpt":{"rendered":"<p>[vc_row section_type=\u00bbfullwidth\u00bb padding_top_multiplier=\u00bb\u00bb padding_bottom_multiplier=\u00bb\u00bb columns_gap=\u00bbnone\u00bb][vc_column][\/vc_column][\/vc_row][vc_row padding_top_multiplier=\u00bb3x\u00bb padding_bottom_multiplier=\u00bb3x\u00bb][vc_column][vc_column_text css=\u00bb\u00bb] Abogado de derecho familiar de Orlando [\/vc_column_text][vc_column_text css=\u00bb\u00bb] Si enfrenta un divorcio, una disputa por la custodia de sus hijos o un problema de manutenci\u00f3n infantil en Orlando, necesita un abogado de familia con experiencia que comprenda tanto el sistema legal como los desaf\u00edos emocionales que conlleva. [&hellip;]<\/p>\n","protected":false},"author":1,"featured_media":0,"parent":0,"menu_order":0,"comment_status":"closed","ping_status":"closed","template":"","meta":{"footnotes":""},"class_list":["post-367","page","type-page","status-publish","hentry"],"_links":{"self":[{"href":"https:\/\/mslaw.dragonetdesign.com\/es\/wp-json\/wp\/v2\/pages\/367","targetHints":{"allow":["GET"]}}],"collection":[{"href":"https:\/\/mslaw.dragonetdesign.com\/es\/wp-json\/wp\/v2\/pages"}],"about":[{"href":"https:\/\/mslaw.dragonetdesign.com\/es\/wp-json\/wp\/v2\/types\/page"}],"author":[{"embeddable":true,"href":"https:\/\/mslaw.dragonetdesign.com\/es\/wp-json\/wp\/v2\/users\/1"}],"replies":[{"embeddable":true,"href":"https:\/\/mslaw.dragonetdesign.com\/es\/wp-json\/wp\/v2\/comments?post=367"}],"version-history":[{"count":11,"href":"https:\/\/mslaw.dragonetdesign.com\/es\/wp-json\/wp\/v2\/pages\/367\/revisions"}],"predecessor-version":[{"id":389,"href":"https:\/\/mslaw.dragonetdesign.com\/es\/wp-json\/wp\/v2\/pages\/367\/revisions\/389"}],"wp:attachment":[{"href":"https:\/\/mslaw.dragonetdesign.com\/es\/wp-json\/wp\/v2\/media?parent=367"}],"curies":[{"name":"wp","href":"https:\/\/api.w.org\/{rel}","templated":true}]}}