{"id":34,"date":"2026-02-11T16:36:42","date_gmt":"2026-02-11T16:36:42","guid":{"rendered":"https:\/\/mslaw.dragonetdesign.com\/inicio\/"},"modified":"2026-02-20T19:35:21","modified_gmt":"2026-02-20T19:35:21","slug":"inicio","status":"publish","type":"page","link":"https:\/\/mslaw.dragonetdesign.com\/es\/","title":{"rendered":"Inicio"},"content":{"rendered":"<div class=\"wpb-content-wrapper\"><p>[vc_row section_type=\u00bbfullwidth\u00bb padding_top_multiplier=\u00bb\u00bb padding_bottom_multiplier=\u00bb\u00bb columns_gap=\u00bbnone\u00bb][vc_column]\n\t\t\t\t<p class=\"rs-p-wp-fix\"><\/p>\n\t\t\t\t<sr7-module data-alias=\"slider-1\" data-id=\"1\" id=\"SR7_1_1\" class=\"rs-ov-hidden\" data-version=\"6.7.40\">\n\t\t\t\t\t<sr7-adjuster><\/sr7-adjuster>\n\t\t\t\t\t<sr7-content>\n\t\t\t\t\t\t<sr7-slide id=\"SR7_1_1-4\" data-key=\"4\">\n\t\t\t\t\t\t\t<sr7-bg id=\"SR7_1_1-4-5\" class=\"sr7-layer\"><noscript><img decoding=\"async\" src=\"https:\/\/mslaw.dragonetdesign.com\/wp-content\/uploads\/2026\/02\/Slider1-BG.webp\" alt=\"Monica Santiago Background 1\" title=\"Slider1 BG\"><\/noscript><\/sr7-bg>\n\t\t\t\t\t\t\t<sr7-txt id=\"SR7_1_1-4-2\" class=\"sr7-layer\">Representaci\u00f3n legal confiable Bufete de abogados de M\u00f3nica A. Santiago, P.A.<\/sr7-txt>\n\t\t\t\t\t\t\t<sr7-txt id=\"SR7_1_1-4-3\" class=\"sr7-layer\">Nuestra misi\u00f3n es brindar una representaci\u00f3n legal excepcional, guiada por la integridad, el profesionalismo y un compromiso inquebrantable con los mejores intereses de nuestros clientes. Con oficinas en Florida Central y Puerto Rico, nuestro distinguido bufete se esfuerza por mantener los m\u00e1s altos est\u00e1ndares de excelencia en cada caso que atendemos.<\/sr7-txt>\n\t\t\t\t\t\t\t<a id=\"SR7_1_1-4-4\" class=\"sr7-layer\" href=\"\/es\/contacto\/\" target=\"_self\">Cont\u00e1ctenos para explorar sus opciones legales<\/a>\n\t\t\t\t\t\t<\/sr7-slide>\n\t\t\t\t\t\t<sr7-slide id=\"SR7_1_1-5\" data-key=\"5\">\n\t\t\t\t\t\t\t<sr7-bg id=\"SR7_1_1-5-10\" class=\"sr7-layer\"><noscript><img decoding=\"async\" src=\"https:\/\/mslaw.dragonetdesign.com\/wp-content\/uploads\/2026\/02\/Slider2-BG-1.webp\" alt=\"\" title=\"Slider2 BG\"><\/noscript><\/sr7-bg>\n\t\t\t\t\t\t\t<sr7-txt id=\"SR7_1_1-5-7\" class=\"sr7-layer\">Cancelaci\u00f3n de Pr\u00e9stamos Estudiantiles - Respaldado por el Bufete Jur\u00eddico de M\u00f3nica A. Santiago, P.A.<\/sr7-txt>\n\t\t\t\t\t\t\t<sr7-txt id=\"SR7_1_1-5-8\" class=\"sr7-layer\">En el Bufete Jur\u00eddico de M\u00f3nica A. Santiago, P.A., ayudamos a nuestros clientes a navegar el complejo proceso de cancelaci\u00f3n y condonaci\u00f3n de pr\u00e9stamos estudiantiles. Nuestra firma ofrece asesoramiento legal personalizado para determinar la elegibilidad, preparar la documentaci\u00f3n necesaria y promover programas de ayuda que se ajusten a la situaci\u00f3n financiera de nuestros clientes.<\/sr7-txt>\n\t\t\t\t\t\t\t<a id=\"SR7_1_1-5-9\" class=\"sr7-layer\" href=\"\/es\/contacto\/\" target=\"_self\">Cont\u00e1ctenos para explorar sus opciones legales<\/a>\n\t\t\t\t\t\t<\/sr7-slide>\n\t\t\t\t\t\t<sr7-slide id=\"SR7_1_1-6\" data-key=\"6\">\n\t\t\t\t\t\t\t<sr7-bg id=\"SR7_1_1-6-17\" class=\"sr7-layer\"><noscript><img decoding=\"async\" src=\"https:\/\/mslaw.dragonetdesign.com\/wp-content\/uploads\/2026\/02\/Slider3-BG.webp\" alt=\"Monica Santiago Background 3\" title=\"Slider3 BG\"><\/noscript><\/sr7-bg>\n\t\t\t\t\t\t\t<sr7-txt id=\"SR7_1_1-6-11\" class=\"sr7-layer\">Guiando a las familias con cuidado, compasi\u00f3n e integridad<\/sr7-txt>\n\t\t\t\t\t\t\t<sr7-txt id=\"SR7_1_1-6-12\" class=\"sr7-layer\">Los casos de derecho familiar abarcan m\u00e1s que cuestiones legales; tocan los aspectos m\u00e1s personales de su vida. Nuestro bufete ofrece una representaci\u00f3n compasiva y centrada en el cliente en asuntos como divorcio, custodia de menores, manutenci\u00f3n y adopci\u00f3n. Nos dedicamos a guiarle en cada paso con claridad, respeto y un compromiso inquebrantable para proteger los intereses de su familia.<\/sr7-txt>\n\t\t\t\t\t\t\t<a id=\"SR7_1_1-6-14\" class=\"sr7-layer\" href=\"\/es\/contacto\/\" target=\"_self\">Cont\u00e1ctenos para explorar sus opciones legales<\/a>\n\t\t\t\t\t\t<\/sr7-slide>\n\t\t\t\t\t\t<sr7-slide id=\"SR7_1_1-7\" data-key=\"7\">\n\t\t\t\t\t\t<\/sr7-slide>\n\t\t\t\t\t<\/sr7-content>\n\t\t\t\t\t<image_lists style=\"display:none\">\n\t\t\t\t\t\t<img data-src=\"\/\/mslaw.dragonetdesign.com\/wp-content\/uploads\/2026\/02\/1-profile%20picture.webp\" data-libid=\"166\" data-lib=\"medialibrary\" alt=\"Monica Santiago\" title=\"profile picture\" width=\"0\" height=\"0\" data-dbsrc=\"Ly9tc2xhdy5kcmFnb25ldGRlc2lnbi5jb20vd3AtY29udGVudC91cGxvYWRzLzIwMjYvMDIvMS1wcm9maWxlJTIwcGljdHVyZS53ZWJw\"\/>\n\t\t\t\t\t\t<img data-src=\"\/\/mslaw.dragonetdesign.com\/wp-content\/uploads\/2026\/02\/Slider1-BG.webp\" data-libid=\"165\" data-lib=\"medialibrary\" alt=\"Monica Santiago Background 1\" title=\"Slider1 BG\" width=\"0\" height=\"0\" data-dbsrc=\"Ly9tc2xhdy5kcmFnb25ldGRlc2lnbi5jb20vd3AtY29udGVudC91cGxvYWRzLzIwMjYvMDIvU2xpZGVyMS1CRy53ZWJw\"\/>\n\t\t\t\t\t\t<img data-src=\"\/\/mslaw.dragonetdesign.com\/wp-content\/uploads\/2026\/02\/Slider2-BG-1.webp\" data-libid=\"169\" data-lib=\"medialibrary\" title=\"Slider2 BG\" width=\"0\" height=\"0\" data-dbsrc=\"Ly9tc2xhdy5kcmFnb25ldGRlc2lnbi5jb20vd3AtY29udGVudC91cGxvYWRzLzIwMjYvMDIvU2xpZGVyMi1CRy0xLndlYnA=\"\/>\n\t\t\t\t\t\t<img data-src=\"\/\/mslaw.dragonetdesign.com\/wp-content\/uploads\/2026\/02\/Slider3-BG.webp\" data-libid=\"171\" data-lib=\"medialibrary\" alt=\"Monica Santiago Background 3\" title=\"Slider3 BG\" width=\"0\" height=\"0\" data-dbsrc=\"Ly9tc2xhdy5kcmFnb25ldGRlc2lnbi5jb20vd3AtY29udGVudC91cGxvYWRzLzIwMjYvMDIvU2xpZGVyMy1CRy53ZWJw\"\/>\n\t\t\t\t\t<\/image_lists>\n\t\t\t\t<\/sr7-module>\n\t\t\t\t<script>\n\t\t\t\t\tSR7.PMH ??={}; SR7.PMH[\"SR7_1_1\"] = {cn:100,state:false,fn: function() { if (_tpt!==undefined && _tpt.prepareModuleHeight !== undefined) {  _tpt.prepareModuleHeight({id:\"SR7_1_1\",el:[870,870,768,960,720],type:'standard',shdw:'0',gh:[870,870,464,353,218],gw:[1920,1920,1024,778,480],vpt:['-100px'],size:{fullWidth:true, fullHeight:false},mh:'0',onh:0,onw:0,bg:{color:'{\"orig\":\"transparent\",\"type\":\"solid\",\"string\":\"transparent\"}'}});   SR7.PMH[\"SR7_1_1\"].state=true;} else if(SR7.PMH[\"SR7_1_1\"].cn-->0)\tsetTimeout( SR7.PMH[\"SR7_1_1\"].fn,19);}};SR7.PMH[\"SR7_1_1\" ].fn();\n\t\t\t\t<\/script>\n[\/vc_column][\/vc_row][vc_row padding_top_multiplier=\u00bb3x\u00bb padding_bottom_multiplier=\u00bb3x\u00bb][vc_column text_align=\u00bbcenter\u00bb][vc_column_text css=\u00bb\u00bb]<\/p>\n<p style=\"text-align: center; font-size: 24px; line-height: 30px;\">La vida puede presentar desaf\u00edos inesperados, desde la bancarrota y el divorcio hasta la discapacidad o la p\u00e9rdida de una vivienda. En el despacho jur\u00eddico de M\u00f3nica A. Santiago, P.A., comprendemos el impacto emocional y financiero que estas experiencias pueden traer. Nuestra abogada experimentada y compasiva est\u00e1 aqu\u00ed para escucharle, brindarle asesoramiento legal confiable y ayudarle a explorar soluciones pr\u00e1cticas para que pueda recuperar la estabilidad y seguir adelante con confianza.<\/p>\n<p>[\/vc_column_text]<div class=\"grve-empty-space grve-height-2x\" style=\"\"><\/div>[vc_column_text css=\u00bb\u00bb]<a class=\"popupForm largerbtn pum-trigger\" href=\"#\">Programar una cita<\/a>[\/vc_column_text][\/vc_column][\/vc_row][vc_row bg_type=\u00bbimage\u00bb bg_image=\u00bb206&#8243; bg_image_type=\u00bbfixed\u00bb bg_image_size=\u00bbfull\u00bb padding_top_multiplier=\u00bb2x\u00bb padding_bottom_multiplier=\u00bb\u00bb][vc_column][vc_column_text]<\/p>\n<h2 style=\"text-align: center;\">Nuestros Servicios<\/h2>\n<p>[\/vc_column_text][\/vc_column][\/vc_row][vc_row bg_type=\u00bbimage\u00bb bg_image=\u00bb206&#8243; bg_image_type=\u00bbfixed\u00bb padding_bottom_multiplier=\u00bb2x\u00bb][vc_column width=\u00bb1\/4&#8243; text_align=\u00bbcenter\u00bb shadow=\u00bbsmall\u00bb css=\u00bb.vc_custom_1771439324565{background-image: url(https:\/\/mslaw.dragonetdesign.com\/wp-content\/uploads\/2026\/02\/Family-Law-1.webp?id=189) !important;background-position: center !important;background-repeat: no-repeat !important;background-size: cover !important;}\u00bb el_wrapper_class=\u00bbwhiteBG\u00bb][vc_column_text css=\u00bb\u00bb el_class=\u00bbwhiteService\u00bb]<\/p>\n<h5 style=\"text-align: center;\"><a href=\"https:\/\/mslaw.dragonetdesign.com\/es\/derecho-de-familia\/\">DERECHO DE FAMILIA<br \/>\nDivorcio y Custodia de Menores<\/a><\/h5>\n<p>[\/vc_column_text][\/vc_column][vc_column width=\u00bb1\/4&#8243; text_align=\u00bbcenter\u00bb shadow=\u00bbsmall\u00bb css=\u00bb.vc_custom_1771439319749{background-image: url(https:\/\/mslaw.dragonetdesign.com\/wp-content\/uploads\/2026\/02\/Bankruptcy.webp?id=210) !important;background-position: center !important;background-repeat: no-repeat !important;background-size: cover !important;}\u00bb el_wrapper_class=\u00bbwhiteBG\u00bb][vc_column_text css=\u00bb\u00bb el_class=\u00bbwhiteService\u00bb]<\/p>\n<h5 style=\"text-align: center;\"><a href=\"https:\/\/mslaw.dragonetdesign.com\/es\/bancarrota\/\">QUIEBRA<\/a><\/h5>\n<p>[\/vc_column_text][\/vc_column][vc_column width=\u00bb1\/4&#8243; text_align=\u00bbcenter\u00bb shadow=\u00bbsmall\u00bb el_wrapper_class=\u00bbwhiteBG\u00bb css=\u00bb.vc_custom_1771439506768{background-image: url(https:\/\/mslaw.dragonetdesign.com\/wp-content\/uploads\/2026\/02\/Probate.webp?id=216) !important;background-position: center !important;background-repeat: no-repeat !important;background-size: cover !important;}\u00bb][vc_column_text css=\u00bb\u00bb el_class=\u00bbwhiteService\u00bb]<\/p>\n<h5 style=\"text-align: center;\"><a href=\"https:\/\/mslaw.dragonetdesign.com\/es\/legalizacion-de-un-testamento\/\">LEGALIZACI\u00d3N DE UN TESTAMENTO<\/a><\/h5>\n<p>[\/vc_column_text][\/vc_column][vc_column width=\u00bb1\/4&#8243; text_align=\u00bbcenter\u00bb shadow=\u00bbsmall\u00bb css=\u00bb.vc_custom_1771439645212{background-image: url(https:\/\/mslaw.dragonetdesign.com\/wp-content\/uploads\/2026\/02\/CivilCommercialLitigation.webp?id=217) !important;background-position: center !important;background-repeat: no-repeat !important;background-size: cover !important;}\u00bb el_wrapper_class=\u00bbwhiteBG\u00bb][vc_column_text css=\u00bb\u00bb el_class=\u00bbwhiteService\u00bb]<\/p>\n<h5 style=\"text-align: center;\"><a href=\"https:\/\/mslaw.dragonetdesign.com\/es\/litigios-civiles-y-comerciales\/\">LITIGIOS CIVILES Y COMERCIALES<\/a><\/h5>\n<p>[\/vc_column_text][\/vc_column][\/vc_row][vc_row section_type=\u00bbfullwidth\u00bb bg_type=\u00bbcolor\u00bb padding_top_multiplier=\u00bb2x\u00bb padding_bottom_multiplier=\u00bb2x\u00bb columns_gap=\u00bbnone\u00bb equal_column_height=\u00bbmiddle-content\u00bb bg_color=\u00bb#374F69&#8243;][vc_column width=\u00bb1\/12&#8243;][\/vc_column][vc_column width=\u00bb1\/3&#8243; heading_color=\u00bblight\u00bb font_color=\u00bb#FFFFFF\u00bb][vc_column_text css=\u00bb\u00bb]<\/p>\n<h2>Cancelaciones de pr\u00e9stamos estudiantiles<\/h2>\n<p>[\/vc_column_text]<div class=\"grve-empty-space grve-height-1x\" style=\"\"><\/div>[vc_column_text css=\u00bb\u00bb]Nuestra funci\u00f3n es ayudar a nuestros clientes a evaluar sus opciones legales, preparar las solicitudes necesarias y, cuando sea necesario, defender sus intereses ante los tribunales para lograr la cancelaci\u00f3n, reducci\u00f3n o reestructuraci\u00f3n de sus onerosas deudas por pr\u00e9stamos estudiantiles. Ofrecemos una gu\u00eda clara en cada etapa del proceso, asegur\u00e1ndonos de que nuestros clientes comprendan sus derechos, los programas de ayuda disponibles y el mejor camino hacia una estabilidad financiera duradera.[\/vc_column_text]<div class=\"grve-empty-space grve-height-1x\" style=\"\"><\/div>[vc_column_text css=\u00bb\u00bb]<a class=\"scheduleConsult popupForm pum-trigger\" href=\"#\">Programar una cita<\/a>[\/vc_column_text][\/vc_column][vc_column width=\u00bb1\/12&#8243;][\/vc_column][vc_column width=\u00bb1\/2&#8243;]<div class=\"grve-element grve-image grve-align-center grve-full-image grve-image-space-100\" style=\"\">  <div class=\"grve-image-wrapper\"><img loading=\"lazy\" decoding=\"async\" width=\"960\" height=\"645\" src=\"https:\/\/mslaw.dragonetdesign.com\/wp-content\/uploads\/2026\/02\/StudentServices-1.webp\" class=\"attachment-full size-full\" alt=\"Servicios estudiantiles\" srcset=\"https:\/\/mslaw.dragonetdesign.com\/wp-content\/uploads\/2026\/02\/StudentServices-1.webp 960w, https:\/\/mslaw.dragonetdesign.com\/wp-content\/uploads\/2026\/02\/StudentServices-1-300x202.webp 300w, https:\/\/mslaw.dragonetdesign.com\/wp-content\/uploads\/2026\/02\/StudentServices-1-768x516.webp 768w\" sizes=\"auto, (max-width: 960px) 100vw, 960px\" \/>   <\/div><\/div>[\/vc_column][\/vc_row][vc_row padding_top_multiplier=\u00bb2x\u00bb padding_bottom_multiplier=\u00bb2x\u00bb][vc_column width=\u00bb1\/3&#8243; text_align=\u00bbcenter\u00bb][vc_column_text]<img loading=\"lazy\" decoding=\"async\" class=\"aligncenter wp-image-229 size-full\" src=\"https:\/\/mslaw.dragonetdesign.com\/wp-content\/uploads\/2026\/02\/Monica-A-Santiago.webp\" alt=\"Monica A Santiago P.A.\" width=\"600\" height=\"600\" srcset=\"https:\/\/mslaw.dragonetdesign.com\/wp-content\/uploads\/2026\/02\/Monica-A-Santiago.webp 600w, https:\/\/mslaw.dragonetdesign.com\/wp-content\/uploads\/2026\/02\/Monica-A-Santiago-300x300.webp 300w, https:\/\/mslaw.dragonetdesign.com\/wp-content\/uploads\/2026\/02\/Monica-A-Santiago-150x150.webp 150w, https:\/\/mslaw.dragonetdesign.com\/wp-content\/uploads\/2026\/02\/Monica-A-Santiago-560x560.webp 560w\" sizes=\"auto, (max-width: 600px) 100vw, 600px\" \/>[\/vc_column_text][vc_column_text css=\u00bb\u00bb]<a class=\"largerbtn2\" href=\"https:\/\/mslaw.dragonetdesign.com\/es\/nosotros\/\">M\u00e1s informaci\u00f3n<\/a>[\/vc_column_text][\/vc_column][vc_column width=\u00bb1\/12&#8243;][\/vc_column][vc_column width=\u00bb7\/12&#8243;][vc_column_text css=\u00bb\u00bb]<\/p>\n<h2>Acerca de m\u00ed<\/h2>\n<p>[\/vc_column_text]<div class=\"grve-empty-space grve-height-1x\" style=\"\"><\/div>[vc_column_text css=\u00bb\u00bb]La abogada M\u00f3nica Santiago se gradu\u00f3 de la Facultad de Derecho de la Universidad Northwestern, donde obtuvo su Doctorado en Jurisprudencia. Obtuvo su Licenciatura en Artes con especializaci\u00f3n en Ciencias Pol\u00edticas en la Universidad de Purdue. Actualmente, presta servicios legales en Florida Central, atendiendo los condados de Orange, Osceola, Seminole y Lake.[\/vc_column_text]<div class=\"grve-element grve-divider bottomLine\" style=\"padding-top: 30px;padding-bottom: 30px;\"><div class=\"grve-line-divider grve-border\"><\/div><\/div>[vc_column_text css=\u00bb\u00bb]<\/p>\n<h4>Asociaciones profesionales y membres\u00edas<\/h4>\n<p>[\/vc_column_text]<div class=\"grve-empty-space grve-height-1x\" style=\"\"><\/div>[vc_column_text css=\u00bb\u00bb]<\/p>\n<ul>\n<li>Colegio de Abogados de Puerto Rico de Florida<\/li>\n<li>C\u00e1mara de Comercio Hispana (Metro Orlando)<\/li>\n<li>Asociaci\u00f3n Hispanoamericana de Mujeres Empresarias Profesionales<\/li>\n<\/ul>\n<p>[\/vc_column_text][vc_row_inner][vc_column_inner width=\u00bb1\/4&#8243;]<div class=\"grve-element grve-image grve-align-center grve-full-image grve-image-space-100\" style=\"\">  <div class=\"grve-image-wrapper\"><img loading=\"lazy\" decoding=\"async\" width=\"171\" height=\"171\" src=\"https:\/\/mslaw.dragonetdesign.com\/wp-content\/uploads\/2026\/02\/Hispanic-Chamber.webp\" class=\"attachment-full size-full\" alt=\"C\u00e1mara Hispana\" srcset=\"https:\/\/mslaw.dragonetdesign.com\/wp-content\/uploads\/2026\/02\/Hispanic-Chamber.webp 171w, https:\/\/mslaw.dragonetdesign.com\/wp-content\/uploads\/2026\/02\/Hispanic-Chamber-150x150.webp 150w\" sizes=\"auto, (max-width: 171px) 100vw, 171px\" \/>   <\/div><\/div>[\/vc_column_inner][vc_column_inner width=\u00bb1\/4&#8243;]<div class=\"grve-element grve-image grve-align-center grve-full-image grve-image-space-100\" style=\"\">  <div class=\"grve-image-wrapper\"><img loading=\"lazy\" decoding=\"async\" width=\"171\" height=\"171\" src=\"https:\/\/mslaw.dragonetdesign.com\/wp-content\/uploads\/2026\/02\/Puerto-Rican-Bar.webp\" class=\"attachment-full size-full\" alt=\"Bar puertorrique\u00f1o\" srcset=\"https:\/\/mslaw.dragonetdesign.com\/wp-content\/uploads\/2026\/02\/Puerto-Rican-Bar.webp 171w, https:\/\/mslaw.dragonetdesign.com\/wp-content\/uploads\/2026\/02\/Puerto-Rican-Bar-150x150.webp 150w\" sizes=\"auto, (max-width: 171px) 100vw, 171px\" \/>   <\/div><\/div>[\/vc_column_inner][vc_column_inner width=\u00bb1\/4&#8243;]<div class=\"grve-element grve-image grve-align-center grve-full-image grve-image-space-100\" style=\"\">  <div class=\"grve-image-wrapper\"><img loading=\"lazy\" decoding=\"async\" width=\"171\" height=\"171\" src=\"https:\/\/mslaw.dragonetdesign.com\/wp-content\/uploads\/2026\/02\/Womens-Association.webp\" class=\"attachment-full size-full\" alt=\"Asociaci\u00f3n de mujeres\" srcset=\"https:\/\/mslaw.dragonetdesign.com\/wp-content\/uploads\/2026\/02\/Womens-Association.webp 171w, https:\/\/mslaw.dragonetdesign.com\/wp-content\/uploads\/2026\/02\/Womens-Association-150x150.webp 150w\" sizes=\"auto, (max-width: 171px) 100vw, 171px\" \/>   <\/div><\/div>[\/vc_column_inner][vc_column_inner width=\u00bb1\/4&#8243;]<div class=\"grve-element grve-image grve-align-center grve-full-image grve-image-space-100\" style=\"\">  <div class=\"grve-image-wrapper\"><img loading=\"lazy\" decoding=\"async\" width=\"171\" height=\"171\" src=\"https:\/\/mslaw.dragonetdesign.com\/wp-content\/uploads\/2026\/02\/BNI.webp\" class=\"attachment-full size-full\" alt=\"BNI\" srcset=\"https:\/\/mslaw.dragonetdesign.com\/wp-content\/uploads\/2026\/02\/BNI.webp 171w, https:\/\/mslaw.dragonetdesign.com\/wp-content\/uploads\/2026\/02\/BNI-150x150.webp 150w\" sizes=\"auto, (max-width: 171px) 100vw, 171px\" \/>   <\/div><\/div>[\/vc_column_inner][\/vc_row_inner][\/vc_column][\/vc_row]<\/p>\n<\/div>","protected":false},"excerpt":{"rendered":"<p>[vc_row section_type=\u00bbfullwidth\u00bb padding_top_multiplier=\u00bb\u00bb padding_bottom_multiplier=\u00bb\u00bb columns_gap=\u00bbnone\u00bb][vc_column][\/vc_column][\/vc_row][vc_row padding_top_multiplier=\u00bb3x\u00bb padding_bottom_multiplier=\u00bb3x\u00bb][vc_column text_align=\u00bbcenter\u00bb][vc_column_text css=\u00bb\u00bb] La vida puede presentar desaf\u00edos inesperados, desde la bancarrota y el divorcio hasta la discapacidad o la p\u00e9rdida de una vivienda. En el despacho jur\u00eddico de M\u00f3nica A. Santiago, P.A., comprendemos el impacto emocional y financiero que estas experiencias pueden traer. Nuestra abogada experimentada y compasiva [&hellip;]<\/p>\n","protected":false},"author":1,"featured_media":0,"parent":0,"menu_order":0,"comment_status":"closed","ping_status":"closed","template":"","meta":{"footnotes":""},"class_list":["post-34","page","type-page","status-publish","hentry"],"_links":{"self":[{"href":"https:\/\/mslaw.dragonetdesign.com\/es\/wp-json\/wp\/v2\/pages\/34","targetHints":{"allow":["GET"]}}],"collection":[{"href":"https:\/\/mslaw.dragonetdesign.com\/es\/wp-json\/wp\/v2\/pages"}],"about":[{"href":"https:\/\/mslaw.dragonetdesign.com\/es\/wp-json\/wp\/v2\/types\/page"}],"author":[{"embeddable":true,"href":"https:\/\/mslaw.dragonetdesign.com\/es\/wp-json\/wp\/v2\/users\/1"}],"replies":[{"embeddable":true,"href":"https:\/\/mslaw.dragonetdesign.com\/es\/wp-json\/wp\/v2\/comments?post=34"}],"version-history":[{"count":11,"href":"https:\/\/mslaw.dragonetdesign.com\/es\/wp-json\/wp\/v2\/pages\/34\/revisions"}],"predecessor-version":[{"id":401,"href":"https:\/\/mslaw.dragonetdesign.com\/es\/wp-json\/wp\/v2\/pages\/34\/revisions\/401"}],"wp:attachment":[{"href":"https:\/\/mslaw.dragonetdesign.com\/es\/wp-json\/wp\/v2\/media?parent=34"}],"curies":[{"name":"wp","href":"https:\/\/api.w.org\/{rel}","templated":true}]}}