{"id":326,"date":"2026-02-16T18:00:36","date_gmt":"2026-02-16T18:00:36","guid":{"rendered":"https:\/\/mslaw.dragonetdesign.com\/contacto\/"},"modified":"2026-02-19T18:20:59","modified_gmt":"2026-02-19T18:20:59","slug":"contacto","status":"publish","type":"page","link":"https:\/\/mslaw.dragonetdesign.com\/es\/contacto\/","title":{"rendered":"Contacto"},"content":{"rendered":"<div class=\"wpb-content-wrapper\"><p>[vc_row section_type=\u00bbfullwidth\u00bb padding_top_multiplier=\u00bb\u00bb padding_bottom_multiplier=\u00bb\u00bb columns_gap=\u00bbnone\u00bb][vc_column]<div class=\"grve-element grve-image grve-align-center grve-full-image grve-image-space-100\" style=\"\">  <div class=\"grve-image-wrapper\"><img loading=\"lazy\" decoding=\"async\" width=\"1920\" height=\"200\" src=\"https:\/\/mslaw.dragonetdesign.com\/wp-content\/uploads\/2026\/02\/Banner-Image.webp\" class=\"attachment-full size-full\" alt=\"Imagen del banner principal\" srcset=\"https:\/\/mslaw.dragonetdesign.com\/wp-content\/uploads\/2026\/02\/Banner-Image.webp 1920w, https:\/\/mslaw.dragonetdesign.com\/wp-content\/uploads\/2026\/02\/Banner-Image-300x31.webp 300w, https:\/\/mslaw.dragonetdesign.com\/wp-content\/uploads\/2026\/02\/Banner-Image-1024x107.webp 1024w, https:\/\/mslaw.dragonetdesign.com\/wp-content\/uploads\/2026\/02\/Banner-Image-768x80.webp 768w, https:\/\/mslaw.dragonetdesign.com\/wp-content\/uploads\/2026\/02\/Banner-Image-1536x160.webp 1536w\" sizes=\"auto, (max-width: 1920px) 100vw, 1920px\" \/>   <\/div><\/div>[\/vc_column][\/vc_row][vc_row padding_top_multiplier=\u00bb2x\u00bb padding_bottom_multiplier=\u00bb2x\u00bb][vc_column width=\u00bb1\/3&#8243;]<div class=\"grve-empty-space grve-height-2x\" style=\"\"><\/div>[vc_column_text css=\u00bb\u00bb]<\/p>\n<h3>Orlando<\/h3>\n<p>[\/vc_column_text]<div class=\"grve-empty-space grve-height-1x\" style=\"\"><\/div>[vc_raw_html]JTNDZGl2JTIwY2xhc3MlM0QlMjJncnZlLXJvdyUyMiUzRSUwRCUwQSUzQ2RpdiUyMGNsYXNzJTNEJTIyZ3J2ZS1jb2x1bW4tMS0xMiUyMiUzRSUzQ2klMjBjbGFzcyUzRCUyMmZhJTIwZmEtbWFwLW1hcmtlciUyMiUzRSUzQyUyRmklM0UlM0MlMkZkaXYlM0UlMEQlMEElM0NkaXYlMjBjbGFzcyUzRCUyMmdydmUtY29sdW1uLTMtNCUyMiUzRSUzQ2ElMjBocmVmJTNEJTIyaHR0cHMlM0ElMkYlMkZtYXBzLmFwcC5nb28uZ2wlMkZUazkybkIzRldScHBWS0UxOCUyMiUzRTY5MDAlMjBUYXZpc3RvY2slMjBMYWtlcyUyMEJsdmQuJTNDYnIlM0UlMEQlMEFTdWl0ZSUyMDQwMCUzQ2JyJTNFJTBEJTBBT3JsYW5kbyUyQyUyMEZsb3JpZGElMjAzMjgyNyUzQyUyRmElM0UlM0MlMkZkaXYlM0UlMEQlMEElM0MlMkZkaXYlM0UlMEQlMEElM0NkaXYlMjBjbGFzcyUzRCUyMmdydmUtcm93JTIwZ3J2ZS1wYWRkaW5nLXRvcC0xeCUyMiUzRSUwRCUwQSUzQ2RpdiUyMGNsYXNzJTNEJTIyZ3J2ZS1jb2x1bW4tMS0xMiUyMiUzRSUzQ2klMjBjbGFzcyUzRCUyMmZhcyUyMGZhLXBob25lJTIyJTNFJTNDJTJGaSUzRSUzQyUyRmRpdiUzRSUwRCUwQSUzQ2RpdiUyMGNsYXNzJTNEJTIyZ3J2ZS1jb2x1bW4tMy00JTIyJTNFJTNDYSUyMGhyZWYlM0QlMjJ0ZWwlM0E0MDc5NjQxMTc5JTIyJTNFJTI4NDA3JTI5JTIwOTY0LTExNzklM0MlMkZhJTNFJTNDJTJGZGl2JTNFJTBEJTBBJTNDJTJGZGl2JTNF[\/vc_raw_html][vc_column_text css=\u00bb\u00bb]<\/p>\n<h3>Puerto Rico<\/h3>\n<p>[\/vc_column_text]<div class=\"grve-empty-space grve-height-1x\" style=\"\"><\/div>[vc_raw_html]JTNDZGl2JTIwY2xhc3MlM0QlMjJncnZlLXJvdyUyMiUzRSUwRCUwQSUzQ2RpdiUyMGNsYXNzJTNEJTIyZ3J2ZS1jb2x1bW4tMS0xMiUyMiUzRSUzQ2klMjBjbGFzcyUzRCUyMmZhJTIwZmEtbWFwLW1hcmtlciUyMiUzRSUzQyUyRmklM0UlM0MlMkZkaXYlM0UlMEQlMEElM0NkaXYlMjBjbGFzcyUzRCUyMmdydmUtY29sdW1uLTMtNCUyMiUzRSUzQ2ElMjBocmVmJTNEJTIyaHR0cHMlM0ElMkYlMkZtYXBzLmFwcC5nb28uZ2wlMkZUazkybkIzRldScHBWS0UxOCUyMiUzRUF2ZW5pZGElMjBBbWVyaWNvJTIwTWlyYW5kYSUzQ2JyJTNFJTBEJTBBU2FuJTIwSnVhbiUyQyUyMFB1ZXJ0byUyMFJpY28lMjAwMDkyMSUzQyUyRmElM0UlM0MlMkZkaXYlM0UlMEQlMEElM0MlMkZkaXYlM0UlMEQlMEElM0NkaXYlMjBjbGFzcyUzRCUyMmdydmUtcm93JTIwZ3J2ZS1wYWRkaW5nLXRvcC0xeCUyMiUzRSUwRCUwQSUzQ2RpdiUyMGNsYXNzJTNEJTIyZ3J2ZS1jb2x1bW4tMS0xMiUyMiUzRSUzQ2klMjBjbGFzcyUzRCUyMmZhcyUyMGZhLXBob25lJTIyJTNFJTNDJTJGaSUzRSUzQyUyRmRpdiUzRSUwRCUwQSUzQ2RpdiUyMGNsYXNzJTNEJTIyZ3J2ZS1jb2x1bW4tMy00JTIyJTNFJTNDYSUyMGhyZWYlM0QlMjJ0ZWwlM0E5Mzk2NDAwNDM5JTIyJTNFJTI4OTM5JTI5JTIwNjQwLTA0MzklM0MlMkZhJTNFJTNDJTJGZGl2JTNFJTBEJTBBJTNDJTJGZGl2JTNF[\/vc_raw_html][\/vc_column][vc_column width=\u00bb2\/3&#8243; shadow=\u00bbsmall\u00bb css=\u00bb.vc_custom_1771516079670{padding-top: 30px !important;padding-right: 30px !important;padding-bottom: 30px !important;padding-left: 30px !important;}\u00bb][vc_column_text css=\u00bb\u00bb]<\/p>\n<h3 style=\"text-align: center;\">Cont\u00e1ctenos para explorar sus opciones legales<\/h3>\n<p>[\/vc_column_text]<div class=\"grve-empty-space grve-height-1x\" style=\"\"><\/div><script type=\"text\/javascript\">\n\/* <![CDATA[ *\/\nvar gform;gform||(document.addEventListener(\"gform_main_scripts_loaded\",function(){gform.scriptsLoaded=!0}),document.addEventListener(\"gform\/theme\/scripts_loaded\",function(){gform.themeScriptsLoaded=!0}),window.addEventListener(\"DOMContentLoaded\",function(){gform.domLoaded=!0}),gform={domLoaded:!1,scriptsLoaded:!1,themeScriptsLoaded:!1,isFormEditor:()=>\"function\"==typeof InitializeEditor,callIfLoaded:function(o){return!(!gform.domLoaded||!gform.scriptsLoaded||!gform.themeScriptsLoaded&&!gform.isFormEditor()||(gform.isFormEditor()&&console.warn(\"The use of gform.initializeOnLoaded() is deprecated in the form editor context and will be removed in Gravity Forms 3.1.\"),o(),0))},initializeOnLoaded:function(o){gform.callIfLoaded(o)||(document.addEventListener(\"gform_main_scripts_loaded\",()=>{gform.scriptsLoaded=!0,gform.callIfLoaded(o)}),document.addEventListener(\"gform\/theme\/scripts_loaded\",()=>{gform.themeScriptsLoaded=!0,gform.callIfLoaded(o)}),window.addEventListener(\"DOMContentLoaded\",()=>{gform.domLoaded=!0,gform.callIfLoaded(o)}))},hooks:{action:{},filter:{}},addAction:function(o,r,e,t){gform.addHook(\"action\",o,r,e,t)},addFilter:function(o,r,e,t){gform.addHook(\"filter\",o,r,e,t)},doAction:function(o){gform.doHook(\"action\",o,arguments)},applyFilters:function(o){return gform.doHook(\"filter\",o,arguments)},removeAction:function(o,r){gform.removeHook(\"action\",o,r)},removeFilter:function(o,r,e){gform.removeHook(\"filter\",o,r,e)},addHook:function(o,r,e,t,n){null==gform.hooks[o][r]&&(gform.hooks[o][r]=[]);var d=gform.hooks[o][r];null==n&&(n=r+\"_\"+d.length),gform.hooks[o][r].push({tag:n,callable:e,priority:t=null==t?10:t})},doHook:function(r,o,e){var t;if(e=Array.prototype.slice.call(e,1),null!=gform.hooks[r][o]&&((o=gform.hooks[r][o]).sort(function(o,r){return o.priority-r.priority}),o.forEach(function(o){\"function\"!=typeof(t=o.callable)&&(t=window[t]),\"action\"==r?t.apply(null,e):e[0]=t.apply(null,e)})),\"filter\"==r)return e[0]},removeHook:function(o,r,t,n){var e;null!=gform.hooks[o][r]&&(e=(e=gform.hooks[o][r]).filter(function(o,r,e){return!!(null!=n&&n!=o.tag||null!=t&&t!=o.priority)}),gform.hooks[o][r]=e)}});\n\/* ]]> *\/\n<\/script>\n\n                <div class='gf_browser_gecko gform_wrapper gravity-theme gform-theme--no-framework' data-form-theme='gravity-theme' data-form-index='0' id='gform_wrapper_1' >\n                        <div class='gform_heading'>\n\t\t\t\t\t\t\t<p class='gform_required_legend'>&quot;<span class=\"gfield_required gfield_required_asterisk\">*<\/span>&quot; se\u00f1ala los campos obligatorios<\/p>\n                        <\/div><form method='post' enctype='multipart\/form-data'  id='gform_1'  action='\/es\/wp-json\/wp\/v2\/pages\/326' data-formid='1' novalidate> \r\n <input type='hidden' class='gforms-pum' value='{\"closepopup\":false,\"closedelay\":0,\"openpopup\":false,\"openpopup_id\":0}' \/>\n                        <div class='gform-body gform_body'><div id='gform_fields_1' class='gform_fields top_label form_sublabel_below description_below validation_below'><fieldset id=\"field_1_1\" class=\"gfield gfield--type-name gfield--input-type-name gfield_contains_required field_sublabel_hidden_label gfield--no-description field_description_below field_validation_below gfield_visibility_visible\"  ><legend class='gfield_label gform-field-label gfield_label_before_complex' >Nombre<span class=\"gfield_required\"><span class=\"gfield_required gfield_required_asterisk\">*<\/span><\/span><\/legend><div class='ginput_complex ginput_container ginput_container--name no_prefix has_first_name no_middle_name no_last_name no_suffix gf_name_has_1 ginput_container_name gform-grid-row' id='input_1_1'>\n                            \n                            <span id='input_1_1_3_container' class='name_first gform-grid-col gform-grid-col--size-auto' >\n                                                    <input type='text' name='input_1.3' id='input_1_1_3' value=''   aria-required='true'   placeholder='Nombre completo (nombre y apellido):'  \/>\n                                                    <label for='input_1_1_3' class='gform-field-label gform-field-label--type-sub hidden_sub_label screen-reader-text'>Nombre<\/label>\n                                                <\/span>\n                            \n                            \n                            \n                        <\/div><\/fieldset><div id=\"field_1_3\" class=\"gfield gfield--type-phone gfield--input-type-phone gfield--width-half gfield_contains_required field_sublabel_below gfield--no-description field_description_below field_validation_below gfield_visibility_visible\"  ><label class='gfield_label gform-field-label' for='input_1_3'>Tel\u00e9fono<span class=\"gfield_required\"><span class=\"gfield_required gfield_required_asterisk\">*<\/span><\/span><\/label><div class='ginput_container ginput_container_phone'><input name='input_3' id='input_1_3' type='tel' value='' class='large'   aria-required=\"true\" aria-invalid=\"false\"   \/><\/div><\/div><div id=\"field_1_4\" class=\"gfield gfield--type-email gfield--input-type-email gfield--width-half gfield_contains_required field_sublabel_below gfield--no-description field_description_below field_validation_below gfield_visibility_visible\"  ><label class='gfield_label gform-field-label' for='input_1_4'>Direcci\u00f3n de correo electr\u00f3nico<span class=\"gfield_required\"><span class=\"gfield_required gfield_required_asterisk\">*<\/span><\/span><\/label><div class='ginput_container ginput_container_email'>\n                            <input name='input_4' id='input_1_4' type='email' value='' class='large'    aria-required=\"true\" aria-invalid=\"false\"  \/>\n                        <\/div><\/div><div id=\"field_1_5\" class=\"gfield gfield--type-textarea gfield--input-type-textarea gfield--width-full gfield_contains_required field_sublabel_below gfield--no-description field_description_below field_validation_below gfield_visibility_visible\"  ><label class='gfield_label gform-field-label' for='input_1_5'>Mensaje<span class=\"gfield_required\"><span class=\"gfield_required gfield_required_asterisk\">*<\/span><\/span><\/label><div class='ginput_container ginput_container_textarea'><textarea name='input_5' id='input_1_5' class='textarea medium'    placeholder='Breve descripci\u00f3n de su problema legal' aria-required=\"true\" aria-invalid=\"false\"   rows='10' cols='50'><\/textarea><\/div><\/div><fieldset id=\"field_1_6\" class=\"gfield gfield--type-consent gfield--type-choice gfield--input-type-consent gfield--width-full gfield_contains_required field_sublabel_below gfield--no-description field_description_below hidden_label field_validation_below gfield_visibility_visible\"  ><legend class='gfield_label gform-field-label gfield_label_before_complex' >Consentir<span class=\"gfield_required\"><span class=\"gfield_required gfield_required_asterisk\">*<\/span><\/span><\/legend><div class='ginput_container ginput_container_consent'><input name='input_6.1' id='input_1_6_1' type='checkbox' value='1'   aria-required=\"true\" aria-invalid=\"false\"   \/> <label class=\"gform-field-label gform-field-label--type-inline gfield_consent_label\" for='input_1_6_1' >Al enviar este formulario, usted reconoce y acepta que la informaci\u00f3n que proporciona no crea una relaci\u00f3n abogado-cliente. Por favor, no incluya informaci\u00f3n confidencial ni sensible en su mensaje. El Bufete Jur\u00eddico de M\u00f3nica A. Santiago, P.A. revisar\u00e1 su consulta, pero no se establecer\u00e1 ning\u00fan servicio legal ni representaci\u00f3n legal sin un contrato de trabajo escrito y firmado.<span class=\"gfield_required gfield_required_asterisk\">*<\/span><\/label><input type='hidden' name='input_6.2' value='Al enviar este formulario, usted reconoce y acepta que la informaci\u00f3n que proporciona no crea una relaci\u00f3n abogado-cliente. Por favor, no incluya informaci\u00f3n confidencial ni sensible en su mensaje. El Bufete Jur\u00eddico de M\u00f3nica A. Santiago, P.A. revisar\u00e1 su consulta, pero no se establecer\u00e1 ning\u00fan servicio legal ni representaci\u00f3n legal sin un contrato de trabajo escrito y firmado.' class='gform_hidden' \/><input type='hidden' name='input_6.3' value='1' class='gform_hidden' \/><\/div><\/fieldset><\/div><\/div>\n        <div class='gform-footer gform_footer top_label'> <input type='submit' id='gform_submit_button_1' class='gform_button button' onclick='gform.submission.handleButtonClick(this);' data-submission-type='submit' value='Enviar'  \/> \n            <input type='hidden' class='gform_hidden' name='gform_submission_method' data-js='gform_submission_method_1' value='postback' \/>\n            <input type='hidden' class='gform_hidden' name='gform_theme' data-js='gform_theme_1' id='gform_theme_1' value='gravity-theme' \/>\n            <input type='hidden' class='gform_hidden' name='gform_style_settings' data-js='gform_style_settings_1' id='gform_style_settings_1' value='[]' \/>\n            <input type='hidden' class='gform_hidden' name='is_submit_1' value='1' \/>\n            <input type='hidden' class='gform_hidden' name='gform_submit' value='1' \/>\n            \n            <input type='hidden' class='gform_hidden' name='gform_currency' data-currency='USD' value='CHPe6ONHSCTP\/24wP3xN5Pt4xRmFZ6gQoUGnUFCwhezra2YyNljG1RMmv5NPqdBQsivnRd7DoSqV2OnTJQWI0UZy+G9ENd4FjmCElvPF6K5Sa3I=' \/>\n            <input type='hidden' class='gform_hidden' name='gform_unique_id' value='' \/>\n            <input type='hidden' class='gform_hidden' name='state_1' value='WyJ7XCI2LjFcIjpcImYxN2UyM2U5NTI3YTgzZTg2M2U0NTM0OGE2ZDgyNTM4XCIsXCI2LjJcIjpcIjU3M2E1YzE2ZjkyZGRiYTBjMTRkN2QzOGE3YTUzOGQwXCIsXCI2LjNcIjpcImYxN2UyM2U5NTI3YTgzZTg2M2U0NTM0OGE2ZDgyNTM4XCJ9IiwiOGE5ZjMyZjg1Mzc0Mjc1NjRmNjcyMTZiMWU2NjZiN2QiXQ==' \/>\n            <input type='hidden' autocomplete='off' class='gform_hidden' name='gform_target_page_number_1' id='gform_target_page_number_1' value='0' \/>\n            <input type='hidden' autocomplete='off' class='gform_hidden' name='gform_source_page_number_1' id='gform_source_page_number_1' value='1' \/>\n            <input type='hidden' name='gform_field_values' value='' \/>\n            \n        <\/div>\n                        <\/form>\n                        <\/div><script type=\"text\/javascript\">\n\/* <![CDATA[ *\/\n gform.initializeOnLoaded( function() {gformInitSpinner( 1, 'https:\/\/mslaw.dragonetdesign.com\/wp-content\/plugins\/gravityforms\/images\/spinner.svg', true );jQuery('#gform_ajax_frame_1').on('load',function(){var contents = jQuery(this).contents().find('*').html();var is_postback = contents.indexOf('GF_AJAX_POSTBACK') >= 0;if(!is_postback){return;}var form_content = jQuery(this).contents().find('#gform_wrapper_1');var is_confirmation = jQuery(this).contents().find('#gform_confirmation_wrapper_1').length > 0;var is_redirect = contents.indexOf('gformRedirect(){') >= 0;var is_form = form_content.length > 0 && ! is_redirect && ! is_confirmation;var mt = parseInt(jQuery('html').css('margin-top'), 10) + parseInt(jQuery('body').css('margin-top'), 10) + 100;if(is_form){jQuery('#gform_wrapper_1').html(form_content.html());if(form_content.hasClass('gform_validation_error')){jQuery('#gform_wrapper_1').addClass('gform_validation_error');} else {jQuery('#gform_wrapper_1').removeClass('gform_validation_error');}setTimeout( function() { \/* delay the scroll by 50 milliseconds to fix a bug in chrome *\/  }, 50 );if(window['gformInitDatepicker']) {gformInitDatepicker();}if(window['gformInitPriceFields']) {gformInitPriceFields();}var current_page = jQuery('#gform_source_page_number_1').val();gformInitSpinner( 1, 'https:\/\/mslaw.dragonetdesign.com\/wp-content\/plugins\/gravityforms\/images\/spinner.svg', true );jQuery(document).trigger('gform_page_loaded', [1, current_page]);window['gf_submitting_1'] = false;}else if(!is_redirect){var confirmation_content = jQuery(this).contents().find('.GF_AJAX_POSTBACK').html();if(!confirmation_content){confirmation_content = contents;}jQuery('#gform_wrapper_1').replaceWith(confirmation_content);jQuery(document).trigger('gform_confirmation_loaded', [1]);window['gf_submitting_1'] = false;wp.a11y.speak(jQuery('#gform_confirmation_message_1').text());}else{jQuery('#gform_1').append(contents);if(window['gformRedirect']) {gformRedirect();}}jQuery(document).trigger(\"gform_pre_post_render\", [{ formId: \"1\", currentPage: \"current_page\", abort: function() { this.preventDefault(); } }]);        if (event && event.defaultPrevented) {                return;        }        const gformWrapperDiv = document.getElementById( \"gform_wrapper_1\" );        if ( gformWrapperDiv ) {            const visibilitySpan = document.createElement( \"span\" );            visibilitySpan.id = \"gform_visibility_test_1\";            gformWrapperDiv.insertAdjacentElement( \"afterend\", visibilitySpan );        }        const visibilityTestDiv = document.getElementById( \"gform_visibility_test_1\" );        let postRenderFired = false;        function triggerPostRender() {            if ( postRenderFired ) {                return;            }            postRenderFired = true;            gform.core.triggerPostRenderEvents( 1, current_page );            if ( visibilityTestDiv ) {                visibilityTestDiv.parentNode.removeChild( visibilityTestDiv );            }        }        function debounce( func, wait, immediate ) {            var timeout;            return function() {                var context = this, args = arguments;                var later = function() {                    timeout = null;                    if ( !immediate ) func.apply( context, args );                };                var callNow = immediate && !timeout;                clearTimeout( timeout );                timeout = setTimeout( later, wait );                if ( callNow ) func.apply( context, args );            };        }        const debouncedTriggerPostRender = debounce( function() {            triggerPostRender();        }, 200 );        if ( visibilityTestDiv && visibilityTestDiv.offsetParent === null ) {            const observer = new MutationObserver( ( mutations ) => {                mutations.forEach( ( mutation ) => {                    if ( mutation.type === 'attributes' && visibilityTestDiv.offsetParent !== null ) {                        debouncedTriggerPostRender();                        observer.disconnect();                    }                });            });            observer.observe( document.body, {                attributes: true,                childList: false,                subtree: true,                attributeFilter: [ 'style', 'class' ],            });        } else {            triggerPostRender();        }    } );} ); \n\/* ]]> *\/\n<\/script>\n[\/vc_column][\/vc_row][vc_row section_type=\u00bbfullwidth\u00bb padding_top_multiplier=\u00bb\u00bb padding_bottom_multiplier=\u00bb\u00bb columns_gap=\u00bbnone\u00bb][vc_column][vc_raw_html css=\u00bb.vc_custom_1771525257561{margin-bottom: 0px !important;}\u00bb]JTNDaWZyYW1lJTIwc3JjJTNEJTIyaHR0cHMlM0ElMkYlMkZ3d3cuZ29vZ2xlLmNvbSUyRm1hcHMlMkZlbWJlZCUzRnBiJTNEJTIxMW0xOCUyMTFtMTIlMjExbTMlMjExZDIzNjE2LjIxOTQwMzkzOTUwNCUyMTJkLTgxLjI5NDk5NjY2NTMwMjQ5JTIxM2QyOC4zNzE3ODYxMzIzODQxMDYlMjEybTMlMjExZjAlMjEyZjAlMjEzZjAlMjEzbTIlMjExaTEwMjQlMjEyaTc2OCUyMTRmMTMuMSUyMTNtMyUyMTFtMiUyMTFzMHg4OGRkODljMGQxZjE4ZDNmJTI1M0EweGQwYmIzMWNkNjBkZmVlYTAlMjEyczY5MDAlMjUyMFRhdmlzdG9jayUyNTIwTGFrZXMlMjUyMEJsdmQlMjUyMFN1aXRlJTI1MjA0MDAlMjUyQyUyNTIwT3JsYW5kbyUyNTJDJTI1MjBGTCUyNTIwMzI4MjclMjE1ZTAlMjEzbTIlMjExc2VuJTIxMnN1cyUyMTR2MTc3MTUxNzU5NjE3MSUyMTVtMiUyMTFzZW4lMjEyc3VzJTIyJTIwd2lkdGglM0QlMjIxOTIwJTIyJTIwaGVpZ2h0JTNEJTIyNDAwJTIyJTIwc3R5bGUlM0QlMjJib3JkZXIlM0EwJTNCJTIyJTIwYWxsb3dmdWxsc2NyZWVuJTNEJTIyJTIyJTIwbG9hZGluZyUzRCUyMmxhenklMjIlMjByZWZlcnJlcnBvbGljeSUzRCUyMm5vLXJlZmVycmVyLXdoZW4tZG93bmdyYWRlJTIyJTNFJTNDJTJGaWZyYW1lJTNF[\/vc_raw_html][\/vc_column][\/vc_row]<\/p>\n<\/div>","protected":false},"excerpt":{"rendered":"<p>[vc_row section_type=\u00bbfullwidth\u00bb padding_top_multiplier=\u00bb\u00bb padding_bottom_multiplier=\u00bb\u00bb columns_gap=\u00bbnone\u00bb][vc_column][\/vc_column][\/vc_row][vc_row padding_top_multiplier=\u00bb2x\u00bb padding_bottom_multiplier=\u00bb2x\u00bb][vc_column width=\u00bb1\/3&#8243;][vc_column_text css=\u00bb\u00bb] Orlando [\/vc_column_text][vc_raw_html]JTNDZGl2JTIwY2xhc3MlM0QlMjJncnZlLXJvdyUyMiUzRSUwRCUwQSUzQ2RpdiUyMGNsYXNzJTNEJTIyZ3J2ZS1jb2x1bW4tMS0xMiUyMiUzRSUzQ2klMjBjbGFzcyUzRCUyMmZhJTIwZmEtbWFwLW1hcmtlciUyMiUzRSUzQyUyRmklM0UlM0MlMkZkaXYlM0UlMEQlMEElM0NkaXYlMjBjbGFzcyUzRCUyMmdydmUtY29sdW1uLTMtNCUyMiUzRSUzQ2ElMjBocmVmJTNEJTIyaHR0cHMlM0ElMkYlMkZtYXBzLmFwcC5nb28uZ2wlMkZUazkybkIzRldScHBWS0UxOCUyMiUzRTY5MDAlMjBUYXZpc3RvY2slMjBMYWtlcyUyMEJsdmQuJTNDYnIlM0UlMEQlMEFTdWl0ZSUyMDQwMCUzQ2JyJTNFJTBEJTBBT3JsYW5kbyUyQyUyMEZsb3JpZGElMjAzMjgyNyUzQyUyRmElM0UlM0MlMkZkaXYlM0UlMEQlMEElM0MlMkZkaXYlM0UlMEQlMEElM0NkaXYlMjBjbGFzcyUzRCUyMmdydmUtcm93JTIwZ3J2ZS1wYWRkaW5nLXRvcC0xeCUyMiUzRSUwRCUwQSUzQ2RpdiUyMGNsYXNzJTNEJTIyZ3J2ZS1jb2x1bW4tMS0xMiUyMiUzRSUzQ2klMjBjbGFzcyUzRCUyMmZhcyUyMGZhLXBob25lJTIyJTNFJTNDJTJGaSUzRSUzQyUyRmRpdiUzRSUwRCUwQSUzQ2RpdiUyMGNsYXNzJTNEJTIyZ3J2ZS1jb2x1bW4tMy00JTIyJTNFJTNDYSUyMGhyZWYlM0QlMjJ0ZWwlM0E0MDc5NjQxMTc5JTIyJTNFJTI4NDA3JTI5JTIwOTY0LTExNzklM0MlMkZhJTNFJTNDJTJGZGl2JTNFJTBEJTBBJTNDJTJGZGl2JTNF[\/vc_raw_html][vc_column_text css=\u00bb\u00bb] Puerto Rico [\/vc_column_text][vc_raw_html]JTNDZGl2JTIwY2xhc3MlM0QlMjJncnZlLXJvdyUyMiUzRSUwRCUwQSUzQ2RpdiUyMGNsYXNzJTNEJTIyZ3J2ZS1jb2x1bW4tMS0xMiUyMiUzRSUzQ2klMjBjbGFzcyUzRCUyMmZhJTIwZmEtbWFwLW1hcmtlciUyMiUzRSUzQyUyRmklM0UlM0MlMkZkaXYlM0UlMEQlMEElM0NkaXYlMjBjbGFzcyUzRCUyMmdydmUtY29sdW1uLTMtNCUyMiUzRSUzQ2ElMjBocmVmJTNEJTIyaHR0cHMlM0ElMkYlMkZtYXBzLmFwcC5nb28uZ2wlMkZUazkybkIzRldScHBWS0UxOCUyMiUzRUF2ZW5pZGElMjBBbWVyaWNvJTIwTWlyYW5kYSUzQ2JyJTNFJTBEJTBBU2FuJTIwSnVhbiUyQyUyMFB1ZXJ0byUyMFJpY28lMjAwMDkyMSUzQyUyRmElM0UlM0MlMkZkaXYlM0UlMEQlMEElM0MlMkZkaXYlM0UlMEQlMEElM0NkaXYlMjBjbGFzcyUzRCUyMmdydmUtcm93JTIwZ3J2ZS1wYWRkaW5nLXRvcC0xeCUyMiUzRSUwRCUwQSUzQ2RpdiUyMGNsYXNzJTNEJTIyZ3J2ZS1jb2x1bW4tMS0xMiUyMiUzRSUzQ2klMjBjbGFzcyUzRCUyMmZhcyUyMGZhLXBob25lJTIyJTNFJTNDJTJGaSUzRSUzQyUyRmRpdiUzRSUwRCUwQSUzQ2RpdiUyMGNsYXNzJTNEJTIyZ3J2ZS1jb2x1bW4tMy00JTIyJTNFJTNDYSUyMGhyZWYlM0QlMjJ0ZWwlM0E5Mzk2NDAwNDM5JTIyJTNFJTI4OTM5JTI5JTIwNjQwLTA0MzklM0MlMkZhJTNFJTNDJTJGZGl2JTNFJTBEJTBBJTNDJTJGZGl2JTNF[\/vc_raw_html][\/vc_column][vc_column width=\u00bb2\/3&#8243; shadow=\u00bbsmall\u00bb css=\u00bb.vc_custom_1771516079670{padding-top: 30px !important;padding-right: 30px !important;padding-bottom: 30px !important;padding-left: 30px !important;}\u00bb][vc_column_text css=\u00bb\u00bb] Cont\u00e1ctenos para explorar sus opciones legales [\/vc_column_text][\/vc_column][\/vc_row][vc_row section_type=\u00bbfullwidth\u00bb padding_top_multiplier=\u00bb\u00bb padding_bottom_multiplier=\u00bb\u00bb columns_gap=\u00bbnone\u00bb][vc_column][vc_raw_html css=\u00bb.vc_custom_1771525257561{margin-bottom: 0px !important;}\u00bb]JTNDaWZyYW1lJTIwc3JjJTNEJTIyaHR0cHMlM0ElMkYlMkZ3d3cuZ29vZ2xlLmNvbSUyRm1hcHMlMkZlbWJlZCUzRnBiJTNEJTIxMW0xOCUyMTFtMTIlMjExbTMlMjExZDIzNjE2LjIxOTQwMzkzOTUwNCUyMTJkLTgxLjI5NDk5NjY2NTMwMjQ5JTIxM2QyOC4zNzE3ODYxMzIzODQxMDYlMjEybTMlMjExZjAlMjEyZjAlMjEzZjAlMjEzbTIlMjExaTEwMjQlMjEyaTc2OCUyMTRmMTMuMSUyMTNtMyUyMTFtMiUyMTFzMHg4OGRkODljMGQxZjE4ZDNmJTI1M0EweGQwYmIzMWNkNjBkZmVlYTAlMjEyczY5MDAlMjUyMFRhdmlzdG9jayUyNTIwTGFrZXMlMjUyMEJsdmQlMjUyMFN1aXRlJTI1MjA0MDAlMjUyQyUyNTIwT3JsYW5kbyUyNTJDJTI1MjBGTCUyNTIwMzI4MjclMjE1ZTAlMjEzbTIlMjExc2VuJTIxMnN1cyUyMTR2MTc3MTUxNzU5NjE3MSUyMTVtMiUyMTFzZW4lMjEyc3VzJTIyJTIwd2lkdGglM0QlMjIxOTIwJTIyJTIwaGVpZ2h0JTNEJTIyNDAwJTIyJTIwc3R5bGUlM0QlMjJib3JkZXIlM0EwJTNCJTIyJTIwYWxsb3dmdWxsc2NyZWVuJTNEJTIyJTIyJTIwbG9hZGluZyUzRCUyMmxhenklMjIlMjByZWZlcnJlcnBvbGljeSUzRCUyMm5vLXJlZmVycmVyLXdoZW4tZG93bmdyYWRlJTIyJTNFJTNDJTJGaWZyYW1lJTNF[\/vc_raw_html][\/vc_column][\/vc_row]<\/p>\n","protected":false},"author":1,"featured_media":0,"parent":0,"menu_order":0,"comment_status":"closed","ping_status":"closed","template":"","meta":{"footnotes":""},"class_list":["post-326","page","type-page","status-publish","hentry"],"_links":{"self":[{"href":"https:\/\/mslaw.dragonetdesign.com\/es\/wp-json\/wp\/v2\/pages\/326","targetHints":{"allow":["GET"]}}],"collection":[{"href":"https:\/\/mslaw.dragonetdesign.com\/es\/wp-json\/wp\/v2\/pages"}],"about":[{"href":"https:\/\/mslaw.dragonetdesign.com\/es\/wp-json\/wp\/v2\/types\/page"}],"author":[{"embeddable":true,"href":"https:\/\/mslaw.dragonetdesign.com\/es\/wp-json\/wp\/v2\/users\/1"}],"replies":[{"embeddable":true,"href":"https:\/\/mslaw.dragonetdesign.com\/es\/wp-json\/wp\/v2\/comments?post=326"}],"version-history":[{"count":10,"href":"https:\/\/mslaw.dragonetdesign.com\/es\/wp-json\/wp\/v2\/pages\/326\/revisions"}],"predecessor-version":[{"id":341,"href":"https:\/\/mslaw.dragonetdesign.com\/es\/wp-json\/wp\/v2\/pages\/326\/revisions\/341"}],"wp:attachment":[{"href":"https:\/\/mslaw.dragonetdesign.com\/es\/wp-json\/wp\/v2\/media?parent=326"}],"curies":[{"name":"wp","href":"https:\/\/api.w.org\/{rel}","templated":true}]}}