{"id":321,"date":"2026-02-17T17:40:44","date_gmt":"2026-02-17T17:40:44","guid":{"rendered":"https:\/\/mslaw.dragonetdesign.com\/condiciones-de-uso\/"},"modified":"2026-02-19T17:41:59","modified_gmt":"2026-02-19T17:41:59","slug":"condiciones-de-uso","status":"publish","type":"page","link":"https:\/\/mslaw.dragonetdesign.com\/es\/condiciones-de-uso\/","title":{"rendered":"Condiciones de uso"},"content":{"rendered":"<div class=\"wpb-content-wrapper\"><p>[vc_row][vc_column][vc_column_text css=\u00bb\u00bb]<\/p>\n<h1>Acuerdo de t\u00e9rminos de uso<\/h1>\n<p>Fecha de entrada en vigor: 17 de febrero de 2026<br \/>\n\u00daltima actualizaci\u00f3n: 17 de febrero de 2026<\/p>\n<h2>1. Aceptaci\u00f3n de los T\u00e9rminos<\/h2>\n<p>Al acceder o utilizar https:\/\/monicasantiago.net (\u201cSitio\u201d), usted acepta estos T\u00e9rminos de uso (\u201cT\u00e9rminos\u201d) y todas las leyes y regulaciones aplicables que rigen este sitio web.<br \/>\nSi no est\u00e1 de acuerdo, no debe utilizar este Sitio.<\/p>\n<p>Estos T\u00e9rminos constituyen un acuerdo legalmente vinculante entre Monica Santiago Law Firm (\u201cnosotros\u201d, \u201cnos\u201d, \u201cnuestro\u201d) y usted (\u201cusuario\u201d, \u201cvisitante\u201d o \u201ccliente\u201d).<\/p>\n<h2>2. No se crea una relaci\u00f3n abogado-cliente<\/h2>\n<p>Su uso de este Sitio, incluido el env\u00edo de un correo electr\u00f3nico, el env\u00edo de un formulario de contacto o la descarga de materiales, no crea una relaci\u00f3n abogado-cliente entre usted y Monica Santiago Law Firm.<br \/>\nLas relaciones abogado-cliente solo se forman a trav\u00e9s de acuerdos escritos formales firmados por usted y un abogado autorizado de la firma.<\/p>\n<p>No env\u00ede informaci\u00f3n confidencial, sensible al tiempo o privilegiada hasta que se haya establecido dicha relaci\u00f3n.<\/p>\n<h2>3. Aviso legal y no asesoramiento legal<\/h2>\n<p>Todo el contenido de este Sitio se proporciona \u00fanicamente con fines informativos y no debe interpretarse como asesoramiento legal.<br \/>\nNada de lo contenido en el Sitio pretende sustituir el asesoramiento jur\u00eddico profesional. Debe consultar con un abogado calificado antes de emprender cualquier acci\u00f3n legal. El Bufete de Abogados M\u00f3nica Santiago se exime de responsabilidad por las acciones tomadas o no tomadas con base en la informaci\u00f3n aqu\u00ed contenida.<\/p>\n<h2>4. Uso del sitio web<\/h2>\n<p>Usted acepta utilizar este Sitio \u00fanicamente para fines legales y de conformidad con estos T\u00e9rminos. No puedes:<\/p>\n<p>Interrumpir o interferir con el funcionamiento del Sitio; Intentar obtener acceso no autorizado a datos, sistemas o cuentas de usuario; Transmitir virus, malware u otro software da\u00f1ino; o Utilizar cualquier sistema automatizado para extraer o recopilar informaci\u00f3n.<\/p>\n<p>Nos reservamos el derecho de restringir o cancelar el acceso al Sitio por cualquier motivo, sin previo aviso.<\/p>\n<h2>5. Derechos de propiedad intelectual<\/h2>\n<p>Todo el contenido de este Sitio, incluidos textos, gr\u00e1ficos, logotipos, fotograf\u00edas, videos, dise\u00f1os, documentos descargables y otros materiales, es propiedad intelectual de Monica Santiago Law Firm o sus licenciantes y est\u00e1 protegido por las leyes de derechos de autor, marcas registradas y propiedad intelectual de los EE. UU. e internacionales.<\/p>\n<p>Puede ver, imprimir o descargar materiales \u00fanicamente para uso personal y no comercial. No se permite reproducir, distribuir ni modificar ning\u00fan contenido sin consentimiento previo por escrito.<\/p>\n<h2>6. Enlaces externos<\/h2>\n<p>Este sitio puede contener enlaces a sitios web externos. Estos se proporcionan \u00fanicamente con fines informativos y de conveniencia. No respaldamos ni asumimos responsabilidad alguna por el contenido, las pr\u00e1cticas de privacidad ni la precisi\u00f3n de terceros.<\/p>\n<h2>7. Limitaci\u00f3n de responsabilidad<\/h2>\n<p>En la m\u00e1xima medida permitida por la ley, el bufete de abogados Monica Santiago y sus abogados, empleados y afiliados no son responsables de ning\u00fan da\u00f1o que surja de:<\/p>\n<p>Su uso o incapacidad para usar este Sitio;<br \/>\nLa confianza depositada en la informaci\u00f3n aqu\u00ed proporcionada; o<br \/>\nCualquier error u omisi\u00f3n en el contenido.<\/p>\n<p>Su uso de este Sitio es bajo su propio riesgo.<\/p>\n<h2>8. Sin garant\u00edas<\/h2>\n<p>Este Sitio y su contenido se proporcionan \u201ctal cual\u201d, sin garant\u00edas de ning\u00fan tipo, expresas o impl\u00edcitas, incluidas garant\u00edas de precisi\u00f3n, confiabilidad, comerciabilidad, no infracci\u00f3n o idoneidad para un prop\u00f3sito particular.<\/p>\n<p>No garantizamos que el Sitio estar\u00e1 continuamente disponible o libre de errores t\u00e9cnicos o componentes da\u00f1inos.<\/p>\n<h2>9. Pol\u00edtica de privacidad<\/h2>\n<p>Su uso de este Sitio tambi\u00e9n se rige por nuestra <a href=\"https:\/\/mslaw.dragonetdesign.com\/politica-de-privacidad\/?lang=es\">Pol\u00edtica de Privacidad<\/a>, que detalla c\u00f3mo recopilamos, usamos y salvaguardamos la informaci\u00f3n.<br \/>\nAl continuar utilizando el Sitio, usted reconoce que ha le\u00eddo y comprendido la Pol\u00edtica de privacidad.<\/p>\n<h2>10. Jurisdicci\u00f3n y ley aplicable<\/h2>\n<p>Estos T\u00e9rminos se rigen por las leyes del Estado de Florida, sin tener en cuenta sus disposiciones sobre conflicto de leyes.<br \/>\nCualquier disputa que surja de o en conexi\u00f3n con estos T\u00e9rminos se resolver\u00e1 exclusivamente en los tribunales estatales o federales ubicados en el condado de Palm Beach, Florida.<\/p>\n<h2>11. Divisibilidad<\/h2>\n<p>Si alguna disposici\u00f3n de estos T\u00e9rminos se considera inv\u00e1lida o inaplicable, las disposiciones restantes permanecer\u00e1n en pleno vigor y efecto.<\/p>\n<h2>12. Modificaciones de los T\u00e9rminos<\/h2>\n<p>Nos reservamos el derecho de modificar o actualizar estos T\u00e9rminos en cualquier momento, sin previo aviso. La versi\u00f3n actualizada se publicar\u00e1 en esta p\u00e1gina con una nueva fecha de vigencia. El uso continuado del Sitio despu\u00e9s de los cambios constituye su aceptaci\u00f3n de los T\u00e9rminos revisados.<\/p>\n<h2>13. Informaci\u00f3n de contacto<\/h2>\n<p>Si tiene preguntas sobre estos T\u00e9rminos o el funcionamiento de este Sitio, comun\u00edquese con:<\/p>\n<p>Bufete de Abogados M\u00f3nica Santiago<br \/>\nCorreo electr\u00f3nico: msantiago@monicasantiagolaw.com<br \/>\nSitio web: https:\/\/monicasantiago.net[\/vc_column_text][\/vc_column][\/vc_row]<\/p>\n<\/div>","protected":false},"excerpt":{"rendered":"<p>[vc_row][vc_column][vc_column_text css=\u00bb\u00bb] Acuerdo de t\u00e9rminos de uso Fecha de entrada en vigor: 17 de febrero de 2026 \u00daltima actualizaci\u00f3n: 17 de febrero de 2026 1. Aceptaci\u00f3n de los T\u00e9rminos Al acceder o utilizar https:\/\/monicasantiago.net (\u201cSitio\u201d), usted acepta estos T\u00e9rminos de uso (\u201cT\u00e9rminos\u201d) y todas las leyes y regulaciones aplicables que rigen este sitio web. Si [&hellip;]<\/p>\n","protected":false},"author":1,"featured_media":0,"parent":0,"menu_order":0,"comment_status":"closed","ping_status":"closed","template":"","meta":{"footnotes":""},"class_list":["post-321","page","type-page","status-publish","hentry"],"_links":{"self":[{"href":"https:\/\/mslaw.dragonetdesign.com\/es\/wp-json\/wp\/v2\/pages\/321","targetHints":{"allow":["GET"]}}],"collection":[{"href":"https:\/\/mslaw.dragonetdesign.com\/es\/wp-json\/wp\/v2\/pages"}],"about":[{"href":"https:\/\/mslaw.dragonetdesign.com\/es\/wp-json\/wp\/v2\/types\/page"}],"author":[{"embeddable":true,"href":"https:\/\/mslaw.dragonetdesign.com\/es\/wp-json\/wp\/v2\/users\/1"}],"replies":[{"embeddable":true,"href":"https:\/\/mslaw.dragonetdesign.com\/es\/wp-json\/wp\/v2\/comments?post=321"}],"version-history":[{"count":2,"href":"https:\/\/mslaw.dragonetdesign.com\/es\/wp-json\/wp\/v2\/pages\/321\/revisions"}],"predecessor-version":[{"id":323,"href":"https:\/\/mslaw.dragonetdesign.com\/es\/wp-json\/wp\/v2\/pages\/321\/revisions\/323"}],"wp:attachment":[{"href":"https:\/\/mslaw.dragonetdesign.com\/es\/wp-json\/wp\/v2\/media?parent=321"}],"curies":[{"name":"wp","href":"https:\/\/api.w.org\/{rel}","templated":true}]}}