{"id":316,"date":"2026-02-17T19:40:33","date_gmt":"2026-02-17T19:40:33","guid":{"rendered":"https:\/\/mslaw.dragonetdesign.com\/descargo-de-responsabilidad\/"},"modified":"2026-02-19T17:29:48","modified_gmt":"2026-02-19T17:29:48","slug":"descargo-de-responsabilidad","status":"publish","type":"page","link":"https:\/\/mslaw.dragonetdesign.com\/es\/descargo-de-responsabilidad\/","title":{"rendered":"Descargo de responsabilidad"},"content":{"rendered":"<div class=\"wpb-content-wrapper\"><p>[vc_row][vc_column][vc_column_text css=\u00bb\u00bb]<\/p>\n<h1>Descargo de responsabilidad<\/h1>\n<p>Fecha de entrada en vigor: febrero de 2026<br \/>\n\u00daltima actualizaci\u00f3n: febrero de 2026<\/p>\n<h2>1. Sin asesoramiento legal ni relaci\u00f3n abogado-cliente<\/h2>\n<p>La informaci\u00f3n proporcionada en este sitio web, monicasantiago.net, es puesta a disposici\u00f3n por Monica Santiago Law Firm \u00fanicamente con fines informativos y educativos generales. Nada de lo contenido en este sitio debe interpretarse como asesoramiento legal, opini\u00f3n legal o un sustituto de una consulta profesional con un abogado calificado.<\/p>\n<p>La transmisi\u00f3n de informaci\u00f3n de este sitio web, el env\u00edo de formularios o las comunicaciones con la firma a trav\u00e9s de este sitio o por correo electr\u00f3nico no crean una relaci\u00f3n abogado-cliente entre usted y Monica Santiago Law Firm. No podemos garantizar la confidencialidad de la informaci\u00f3n transmitida a trav\u00e9s de este Sitio antes del establecimiento de una relaci\u00f3n formal abogado-cliente y la ejecuci\u00f3n de un acuerdo de compromiso escrito.<\/p>\n<h2>2. No hay garant\u00eda de resultados<\/h2>\n<p>Todos los resultados de casos, testimonios o ejemplos descritos en este sitio web son s\u00f3lo para fines ilustrativos. No garantizan ni predicen el resultado de ning\u00fan asunto futuro gestionado por el Bufete de Abogados M\u00f3nica Santiago.<br \/>\nCada caso legal es \u00fanico y se eval\u00faa con base en sus propios hechos, pruebas, jurisdicci\u00f3n y legislaci\u00f3n aplicable. El \u00e9xito pasado no garantiza un resultado similar en cualquier otro caso.<\/p>\n<h2>3. Exactitud e integridad de la informaci\u00f3n<\/h2>\n<p>Si bien nos esforzamos por garantizar la precisi\u00f3n de los materiales de este sitio web, las leyes y regulaciones cambian con frecuencia y pueden variar seg\u00fan la jurisdicci\u00f3n.<br \/>\nEl Bufete de Abogados M\u00f3nica Santiago no garantiza que la informaci\u00f3n aqu\u00ed proporcionada sea actual, precisa o completa y renuncia expresamente a toda responsabilidad por errores u omisiones en el contenido.<br \/>\nNo debe actuar ni abstenerse de actuar bas\u00e1ndose en la informaci\u00f3n obtenida de este sitio web sin buscar asesoramiento legal individualizado de un abogado autorizado para ejercer en su jurisdicci\u00f3n.<\/p>\n<h2>4. Limitaciones profesionales y jurisdiccionales<\/h2>\n<p>El bufete de abogados Monica Santiago est\u00e1 ubicado y ejerce principalmente la abogac\u00eda dentro del estado de Florida, atendiendo a clientes de acuerdo con las normas de conducta profesional aplicables.<br \/>\nLa firma no busca representar a clientes en jurisdicciones donde el contenido de este sitio web no cumpla con las leyes locales o las normas del colegio de abogados. Si accede a este sitio web desde otra jurisdicci\u00f3n, lo hace por su propia iniciativa y es responsable del cumplimiento de las leyes locales.<\/p>\n<h2>5. Enlaces de terceros y recursos externos<\/h2>\n<p>Este sitio web puede contener enlaces a sitios web de terceros o recursos externos proporcionados para su conveniencia y \u00fanicamente con fines informativos.<br \/>\nEl Bufete de Abogados M\u00f3nica Santiago no respalda ni asume responsabilidad por la precisi\u00f3n, confiabilidad o contenido de los sitios vinculados. El acceso a dichos enlaces de terceros se realiza bajo su propio riesgo.<\/p>\n<h2>6. Confidencialidad y comunicaciones electr\u00f3nicas<\/h2>\n<p>Si bien tomamos medidas razonables para proteger la informaci\u00f3n transmitida a trav\u00e9s del Sitio, las comunicaciones electr\u00f3nicas, como el correo electr\u00f3nico o los formularios en l\u00ednea, son inherentemente inseguras.<br \/>\nNo env\u00ede informaci\u00f3n confidencial o privilegiada a trav\u00e9s de este sitio web a menos que se le indique expl\u00edcitamente o despu\u00e9s de haber establecido una relaci\u00f3n abogado-cliente.<br \/>\nLa informaci\u00f3n que usted proporcione antes de que se forme dicha relaci\u00f3n no est\u00e1 protegida por el privilegio abogado-cliente.<\/p>\n<h2>7. Sin garant\u00edas<\/h2>\n<p>Este sitio web y todo el contenido asociado se proporcionan \u201ctal cual\u201d y \u201cseg\u00fan disponibilidad\u201d sin garant\u00edas de ning\u00fan tipo, ya sean expresas o impl\u00edcitas.<br \/>\nNo ofrecemos garant\u00edas ni representaciones de que el Sitio ser\u00e1 ininterrumpido, libre de errores, seguro o libre de virus u otros componentes da\u00f1inos.<\/p>\n<h2>8. Limitaci\u00f3n de responsabilidad<\/h2>\n<p>En la m\u00e1xima medida permitida por la ley, Monica Santiago Law Firm y sus abogados no ser\u00e1n responsables de ning\u00fan da\u00f1o (directo, indirecto, incidental, consecuente, especial o punitivo) que surja de o est\u00e9 relacionado con su acceso, uso o incapacidad de usar este Sitio o su contenido, incluso si se les advierte de la posibilidad de tales da\u00f1os.<\/p>\n<h2>9. Publicidad y normativa profesional<\/h2>\n<p>Este sitio web puede considerarse publicidad seg\u00fan la legislaci\u00f3n aplicable y las normas del colegio de abogados.<br \/>\nLos resultados anteriores no garantizan un resultado similar, y la contrataci\u00f3n de un abogado es una decisi\u00f3n importante que no debe basarse \u00fanicamente en publicidad.<br \/>\nAntes de decidirte, solicita que te enviemos informaci\u00f3n escrita gratuita sobre nuestras titulaciones y experiencia.<\/p>\n<h2>10. Ley aplicable y jurisdicci\u00f3n<\/h2>\n<p>Este descargo de responsabilidad y cualquier disputa que surja del mismo se rigen por las leyes del estado de Florida, sin tener en cuenta los principios de conflicto de leyes.<br \/>\nLa jurisdicci\u00f3n exclusiva para cualquier procedimiento legal relacionado con este Sitio o su contenido recaer\u00e1 en los tribunales estatales y federales ubicados en el condado de Palm Beach, Florida.<\/p>\n<h2>11. Actualizaciones y modificaciones<\/h2>\n<p>El Bufete de Abogados M\u00f3nica Santiago se reserva el derecho de actualizar o modificar este Descargo de Responsabilidad en cualquier momento sin previo aviso.<br \/>\nCualquier cambio entrar\u00e1 en vigor al publicarse en esta p\u00e1gina. Su uso continuado de este sitio web despu\u00e9s de dichos cambios constituye la aceptaci\u00f3n del Descargo de responsabilidad revisado.<\/p>\n<h2>12. Informaci\u00f3n de contacto<\/h2>\n<p>Si tiene alguna pregunta o inquietud sobre este Descargo de responsabilidad, comun\u00edquese con nosotros:<\/p>\n<p>Bufete de Abogados M\u00f3nica Santiago<br \/>\nCorreo electr\u00f3nico: msantiago@monicasantiagolaw.com<br \/>\nSitio web: https:\/\/monicasantiago.net[\/vc_column_text][\/vc_column][\/vc_row]<\/p>\n<\/div>","protected":false},"excerpt":{"rendered":"<p>[vc_row][vc_column][vc_column_text css=\u00bb\u00bb] Descargo de responsabilidad Fecha de entrada en vigor: febrero de 2026 \u00daltima actualizaci\u00f3n: febrero de 2026 1. Sin asesoramiento legal ni relaci\u00f3n abogado-cliente La informaci\u00f3n proporcionada en este sitio web, monicasantiago.net, es puesta a disposici\u00f3n por Monica Santiago Law Firm \u00fanicamente con fines informativos y educativos generales. Nada de lo contenido en este [&hellip;]<\/p>\n","protected":false},"author":1,"featured_media":0,"parent":0,"menu_order":0,"comment_status":"closed","ping_status":"closed","template":"","meta":{"footnotes":""},"class_list":["post-316","page","type-page","status-publish","hentry"],"_links":{"self":[{"href":"https:\/\/mslaw.dragonetdesign.com\/es\/wp-json\/wp\/v2\/pages\/316","targetHints":{"allow":["GET"]}}],"collection":[{"href":"https:\/\/mslaw.dragonetdesign.com\/es\/wp-json\/wp\/v2\/pages"}],"about":[{"href":"https:\/\/mslaw.dragonetdesign.com\/es\/wp-json\/wp\/v2\/types\/page"}],"author":[{"embeddable":true,"href":"https:\/\/mslaw.dragonetdesign.com\/es\/wp-json\/wp\/v2\/users\/1"}],"replies":[{"embeddable":true,"href":"https:\/\/mslaw.dragonetdesign.com\/es\/wp-json\/wp\/v2\/comments?post=316"}],"version-history":[{"count":2,"href":"https:\/\/mslaw.dragonetdesign.com\/es\/wp-json\/wp\/v2\/pages\/316\/revisions"}],"predecessor-version":[{"id":318,"href":"https:\/\/mslaw.dragonetdesign.com\/es\/wp-json\/wp\/v2\/pages\/316\/revisions\/318"}],"wp:attachment":[{"href":"https:\/\/mslaw.dragonetdesign.com\/es\/wp-json\/wp\/v2\/media?parent=316"}],"curies":[{"name":"wp","href":"https:\/\/api.w.org\/{rel}","templated":true}]}}